{"id":41369,"date":"2023-02-08T10:38:01","date_gmt":"2023-02-08T03:38:01","guid":{"rendered":"https:\/\/mouldking.store\/shop\/wange-5241-nanjing-confucius-temple-dacheng-hall-with-966-pieces\/"},"modified":"2023-03-08T10:45:17","modified_gmt":"2023-03-08T03:45:17","slug":"wange-5241-nanjing-confucius-temple-dacheng-hall-with-966-pieces","status":"publish","type":"product","link":"https:\/\/mouldking.store\/vi\/shop\/wange-5241-nanjing-confucius-temple-dacheng-hall-with-966-pieces\/","title":{"rendered":"WANGE 5241 \u0110\u1ec1n th\u1edd Kh\u1ed5ng T\u1eed Nam Kinh Dacheng Hall v\u1edbi 966 mi\u1ebfng"},"content":{"rendered":"<div>\u2705 WANGE 5241 Nanjing Confucius Temple Dacheng Hall<\/p>\n<p>\u2705The Nanjing Confucius Temple Dacheng Hall, also known as the Great Hall of Confucius, is a historic temple in Nanjing, China dedicated to Confucius, the ancient Chinese philosopher and educator. It is one of the largest and most famous Confucian temples in China, with a history dating back over 600 years. The temple complex features several buildings, including the Dacheng Hall, which is the main hall and the largest building in the complex.<\/p>\n<p>\ud83d\udeab QUAN TR\u1eccNG!<\/p>\n<p>Product Name: Nanjing Confucius Temple Dacheng Hall<\/p>\n<p>Danh m\u1ee5c: T\u00f2a nh\u00e0 m\u00f4-\u0111un<\/p>\n<p>This Kit Contains: WANGE 5241<\/p>\n<p>966 pcs Good Quality Bricks<\/p>\n<p>Size: 38 \u00d7 38 \u00d7 40.4 cm<\/p>\n<p>H\u01b0\u1edbng d\u1eabn th\u1ee7 c\u00f4ng<\/p>\n<p>\ud83d\udcccB\u1ea3n ch\u1ea5t c\u1ee7a nh\u00e2n v\u1eadt ch\u00ednh<\/p>\n<p>Introducing our proud collection named \u201cNanjing Confucius Temple Dacheng Hall\u201d you should not miss.<\/p>\n<p>The building block set of the landmark building series is a set of 966 building blocks. This model has been designed and developed by a professional team in accordance with the international standard, and adopts high quality, environmentally friendly material. The first release will be on Jan 23, 2023.<\/p><\/div>","protected":false},"excerpt":{"rendered":"<p>Th\u01b0\u01a1ng hi\u1ec7u: WANGE<br \/>\nGi\u1edbi t\u00ednh: Unisex<br \/>\n\u0110\u1ed9 tu\u1ed5i: &gt; 6 tu\u1ed5i<br \/>\nModel Number: 5241<br \/>\nPh\u00e2n lo\u1ea1i: T\u1eadp h\u1ee3p<br \/>\nH\u00ecnh d\u1ea1ng kh\u1ed1i nh\u1ef1a: G\u1ea1ch t\u1ef1 kh\u00f3a<br \/>\nCh\u1ea5t li\u1ec7u: Nh\u1ef1a<br \/>\nLo\u1ea1i nh\u1ef1a: ABS<br \/>\nBricks Blocks: 966 +<br \/>\nb\u00e1n tr\u01b0\u1edbc<\/p>","protected":false},"featured_media":41367,"comment_status":"open","ping_status":"closed","template":"","meta":{"_acf_changed":false},"product_cat":[1395,390],"product_tag":[4883,11256,392,11255,11001],"class_list":["product","first","instock","shipping-taxable","purchasable","product-type-simple"],"acf":[],"_links":{"self":[{"href":"https:\/\/mouldking.store\/vi\/wp-json\/wp\/v2\/product\/41369","targetHints":{"allow":["GET"]}}],"collection":[{"href":"https:\/\/mouldking.store\/vi\/wp-json\/wp\/v2\/product"}],"about":[{"href":"https:\/\/mouldking.store\/vi\/wp-json\/wp\/v2\/types\/product"}],"replies":[{"embeddable":true,"href":"https:\/\/mouldking.store\/vi\/wp-json\/wp\/v2\/comments?post=41369"}],"wp:featuredmedia":[{"embeddable":true,"href":"https:\/\/mouldking.store\/vi\/wp-json\/wp\/v2\/media\/41367"}],"wp:attachment":[{"href":"https:\/\/mouldking.store\/vi\/wp-json\/wp\/v2\/media?parent=41369"}],"wp:term":[{"taxonomy":"product_cat","embeddable":true,"href":"https:\/\/mouldking.store\/vi\/wp-json\/wp\/v2\/product_cat?post=41369"},{"taxonomy":"product_tag","embeddable":true,"href":"https:\/\/mouldking.store\/vi\/wp-json\/wp\/v2\/product_tag?post=41369"}],"curies":[{"name":"wp","href":"https:\/\/api.w.org\/{rel}","templated":true}]}}