{"id":41375,"date":"2023-02-08T10:54:10","date_gmt":"2023-02-08T03:54:10","guid":{"rendered":"https:\/\/mouldking.store\/shop\/moc-factory-76418-new-minas-anor-with-487-pieces\/"},"modified":"2025-12-16T22:25:21","modified_gmt":"2025-12-16T15:25:21","slug":"moc-factory-76418-new-minas-anor-with-487-pieces","status":"publish","type":"product","link":"https:\/\/mouldking.store\/vi\/shop\/moc-factory-76418-new-minas-anor-with-487-pieces\/","title":{"rendered":"MOC Factory 76418 Minas Anor m\u1edbi v\u1edbi 487 m\u1ea3nh gh\u00e9p"},"content":{"rendered":"<div>\u2705 MOC-76418 Minas Anor m\u1edbi<\/p>\n<p>\u2705 Minas Anor m\u1edbi l\u00e0 th\u01b0\u01a1ng hi\u1ec7u kh\u1ed1i x\u00e2y d\u1ef1ng d\u00e0nh cho nh\u1eefng ng\u01b0\u1eddi y\u00eau th\u00edch th\u1ec3 lo\u1ea1i n\u00e0y. C\u00e1c kh\u1ed1i x\u00e2y d\u1ef1ng \u0111\u01b0\u1ee3c l\u00e0m b\u1eb1ng v\u1eadt li\u1ec7u ABS ch\u1ea5t l\u01b0\u1ee3ng cao v\u00e0 ch\u1eafc ch\u1eafn s\u1ebd l\u00e0m h\u00e0i l\u00f2ng ng\u01b0\u1eddi d\u00f9ng v\u1edbi c\u1ea3m gi\u00e1c \u00eam \u00e1i v\u00e0 an to\u00e0n.<\/p>\n<p>\ud83d\udeab QUAN TR\u1eccNG!<\/p>\n<p>T\u00ean s\u1ea3n ph\u1ea9m: Minas Anor m\u1edbi<\/p>\n<p>Danh m\u1ee5c: T\u00f2a nh\u00e0 m\u00f4-\u0111un<\/p>\n<p>B\u1ed9 n\u00e0y ch\u1ee9a: MOC-76418<\/p>\n<p>487 chi\u1ebfc G\u1ea1ch ch\u1ea5t l\u01b0\u1ee3ng t\u1ed1t<\/p>\n<p>K\u00edch th\u01b0\u1edbc: Tr\u1ecdng l\u01b0\u1ee3ng: 1000g<\/p>\n<p>H\u01b0\u1edbng d\u1eabn PDF<\/p>\n<p>\ud83d\udcccB\u1ea3n ch\u1ea5t c\u1ee7a nh\u00e2n v\u1eadt ch\u00ednh<\/p>\n<p>Xin gi\u1edbi thi\u1ec7u b\u1ed9 s\u01b0u t\u1eadp \u0111\u00e1ng t\u1ef1 h\u00e0o c\u1ee7a ch\u00fang t\u00f4i mang t\u00ean \u201cNew Minas Anor\u201d m\u00e0 b\u1ea1n kh\u00f4ng n\u00ean b\u1ecf l\u1ee1.<\/p>\n<p>Minas Anor m\u1edbi l\u00e0 m\u1ed9t h\u1ec7 th\u1ed1ng kh\u1ed1i x\u00e2y d\u1ef1ng m\u1edbi \u0111\u1ec3 t\u1ea1o s\u1ef1 kh\u00e1c bi\u1ec7t. V\u1edbi s\u1ef1 ho\u00e0n h\u1ea3o v\u00e0 m\u00f4 ph\u1ecfng thi\u1ebft k\u1ebf ban \u0111\u1ea7u, c\u00e1c kh\u1ed1i n\u00e0y l\u00e0 gi\u1ea3i ph\u00e1p c\u1ea1nh tranh nh\u1ea5t trong l\u0129nh v\u1ef1c n\u00e0y. Nh\u1edd k\u00edch th\u01b0\u1edbc nh\u1ecf, ch\u00fang d\u1ec5 d\u00e0ng l\u1eafp r\u00e1p m\u00e0 kh\u00f4ng c\u1ea7n th\u00eam c\u00f4ng c\u1ee5.<\/p><\/div>","protected":false},"excerpt":{"rendered":"<p>Th\u01b0\u01a1ng hi\u1ec7u: Nh\u00e0 m\u00e1y M\u1ed8C<br \/>\nGi\u1edbi t\u00ednh: Unisex<br \/>\n\u0110\u1ed9 tu\u1ed5i: &gt; 12 tu\u1ed5i<br \/>\nS\u1ed1 m\u00f4 h\u00ecnh: 76418<br \/>\nPh\u00e2n lo\u1ea1i: T\u1eadp h\u1ee3p<br \/>\nH\u00ecnh d\u1ea1ng kh\u1ed1i nh\u1ef1a: G\u1ea1ch t\u1ef1 kh\u00f3a<br \/>\nCh\u1ea5t li\u1ec7u: Nh\u1ef1a<br \/>\nLo\u1ea1i nh\u1ef1a: ABS<br \/>\nKh\u1ed1i g\u1ea1ch: 487 +<br \/>\nS\u1eafp x\u1ebfp th\u1eddi gian: 4-8 tu\u1ea7n<\/p>","protected":false},"featured_media":41371,"comment_status":"open","ping_status":"closed","template":"","meta":{"_acf_changed":false},"product_cat":[1395,390],"product_tag":[11258,4883,11257,392],"class_list":["product","first","instock","shipping-taxable","purchasable","product-type-simple"],"acf":[],"_links":{"self":[{"href":"https:\/\/mouldking.store\/vi\/wp-json\/wp\/v2\/product\/41375","targetHints":{"allow":["GET"]}}],"collection":[{"href":"https:\/\/mouldking.store\/vi\/wp-json\/wp\/v2\/product"}],"about":[{"href":"https:\/\/mouldking.store\/vi\/wp-json\/wp\/v2\/types\/product"}],"replies":[{"embeddable":true,"href":"https:\/\/mouldking.store\/vi\/wp-json\/wp\/v2\/comments?post=41375"}],"wp:featuredmedia":[{"embeddable":true,"href":"https:\/\/mouldking.store\/vi\/wp-json\/wp\/v2\/media\/41371"}],"wp:attachment":[{"href":"https:\/\/mouldking.store\/vi\/wp-json\/wp\/v2\/media?parent=41375"}],"wp:term":[{"taxonomy":"product_cat","embeddable":true,"href":"https:\/\/mouldking.store\/vi\/wp-json\/wp\/v2\/product_cat?post=41375"},{"taxonomy":"product_tag","embeddable":true,"href":"https:\/\/mouldking.store\/vi\/wp-json\/wp\/v2\/product_tag?post=41375"}],"curies":[{"name":"wp","href":"https:\/\/api.w.org\/{rel}","templated":true}]}}