{"id":41397,"date":"2023-02-08T11:36:15","date_gmt":"2023-02-08T04:36:15","guid":{"rendered":"https:\/\/mouldking.store\/shop\/moc-factory-60901-the-crystal-ship-with-662-pieces\/"},"modified":"2025-12-16T22:25:20","modified_gmt":"2025-12-16T15:25:20","slug":"moc-factory-60901-the-crystal-ship-with-662-pieces","status":"publish","type":"product","link":"https:\/\/mouldking.store\/vi\/shop\/moc-factory-60901-the-crystal-ship-with-662-pieces\/","title":{"rendered":"MOC Factory 60901 Con T\u00e0u Pha L\u00ea V\u1edbi 662 M\u1ea3nh Gh\u00e9p"},"content":{"rendered":"<div>\u2705 MOC-60901 Con t\u00e0u pha l\u00ea<\/p>\n<p>\u2705 Con t\u00e0u pha l\u00ea l\u00e0 m\u1ed9t b\u1ed9 x\u00e2y d\u1ef1ng th\u1ee7 c\u00f4ng c\u00f3 m\u1ed9t kh\u00f4ng hai, \u0111\u01b0\u1ee3c l\u00e0m b\u1eb1ng v\u1eadt li\u1ec7u ch\u1ea5t l\u01b0\u1ee3ng cao v\u00e0 th\u00e2n thi\u1ec7n v\u1edbi m\u00f4i tr\u01b0\u1eddng. C\u00e1c kh\u1ed1i \u0111i k\u00e8m v\u1edbi m\u1ed9t \u1ed5 USB ch\u1ee9a c\u00e1c h\u01b0\u1edbng d\u1eabn d\u1ec5 th\u1ef1c hi\u1ec7n. N\u00f3 khuy\u1ebfn kh\u00edch tr\u1ebb em t\u1eeb ba tu\u1ed5i h\u1ecdc c\u00e1ch x\u00e2y d\u1ef1ng c\u00e1c c\u1ea5u tr\u00fac c\u01a1 b\u1ea3n \u0111\u1ebfn c\u00e1c c\u1ea5u tr\u00fac ph\u1ee9c t\u1ea1p h\u01a1n.<\/p>\n<p>\ud83d\udeab QUAN TR\u1eccNG!<\/p>\n<p>T\u00ean s\u1ea3n ph\u1ea9m: Con t\u00e0u pha l\u00ea<\/p>\n<p>Danh m\u1ee5c: K\u1ef9 thu\u1eadt<\/p>\n<p>B\u1ed9 n\u00e0y ch\u1ee9a: MOC-60901&nbsp;<\/p>\n<p>662 chi\u1ebfc G\u1ea1ch ch\u1ea5t l\u01b0\u1ee3ng t\u1ed1t<\/p>\n<p>Tr\u1ecdng l\u01b0\u1ee3ng: 1000g<\/p>\n<p>H\u01b0\u1edbng d\u1eabn PDF<\/p>\n<p>\ud83d\udcccB\u1ea3n ch\u1ea5t c\u1ee7a nh\u00e2n v\u1eadt ch\u00ednh<\/p>\n<p>Xin gi\u1edbi thi\u1ec7u b\u1ed9 s\u01b0u t\u1eadp \u0111\u00e1ng t\u1ef1 h\u00e0o c\u1ee7a ch\u00fang t\u00f4i mang t\u00ean \u201cThe Crystal Ship\u201d m\u00e0 b\u1ea1n kh\u00f4ng n\u00ean b\u1ecf l\u1ee1.<\/p>\n<p>Crystal Ship l\u00e0 m\u1ed9t b\u1ed9 kh\u1ed1i x\u00e2y d\u1ef1ng s\u00e1ng t\u1ea1o k\u1ebft h\u1ee3p \u0111\u1ed3 ch\u01a1i tr\u01b0\u1eddng h\u1ecdc c\u0169 v\u1edbi c\u00f4ng ngh\u1ec7, cung c\u1ea5p cho b\u1ea1n c\u1ea3 h\u01b0\u1edbng d\u1eabn \u0111i\u1ec7n t\u1eed t\u01b0\u01a1ng t\u00e1c v\u00e0 h\u01b0\u1edbng d\u1eabn l\u1eafp r\u00e1p r\u00f5 r\u00e0ng<\/p><\/div>","protected":false},"excerpt":{"rendered":"<p>Th\u01b0\u01a1ng hi\u1ec7u: Nh\u00e0 m\u00e1y M\u1ed8C<br \/>\nGi\u1edbi t\u00ednh: Unisex<br \/>\n\u0110\u1ed9 tu\u1ed5i: &gt; 12 tu\u1ed5i<br \/>\nS\u1ed1 m\u00f4 h\u00ecnh: 60901<br \/>\nPh\u00e2n lo\u1ea1i: T\u1eadp h\u1ee3p<br \/>\nH\u00ecnh d\u1ea1ng kh\u1ed1i nh\u1ef1a: G\u1ea1ch t\u1ef1 kh\u00f3a<br \/>\nCh\u1ea5t li\u1ec7u: Nh\u1ef1a<br \/>\nLo\u1ea1i nh\u1ef1a: ABS<br \/>\nKh\u1ed1i g\u1ea1ch: 662 +<br \/>\nS\u1eafp x\u1ebfp th\u1eddi gian: 4-8 tu\u1ea7n<\/p>","protected":false},"featured_media":41393,"comment_status":"open","ping_status":"closed","template":"","meta":{"_acf_changed":false},"product_cat":[1357,364],"product_tag":[729,304,389,11080],"class_list":["product","first","instock","shipping-taxable","purchasable","product-type-simple"],"acf":[],"_links":{"self":[{"href":"https:\/\/mouldking.store\/vi\/wp-json\/wp\/v2\/product\/41397","targetHints":{"allow":["GET"]}}],"collection":[{"href":"https:\/\/mouldking.store\/vi\/wp-json\/wp\/v2\/product"}],"about":[{"href":"https:\/\/mouldking.store\/vi\/wp-json\/wp\/v2\/types\/product"}],"replies":[{"embeddable":true,"href":"https:\/\/mouldking.store\/vi\/wp-json\/wp\/v2\/comments?post=41397"}],"wp:featuredmedia":[{"embeddable":true,"href":"https:\/\/mouldking.store\/vi\/wp-json\/wp\/v2\/media\/41393"}],"wp:attachment":[{"href":"https:\/\/mouldking.store\/vi\/wp-json\/wp\/v2\/media?parent=41397"}],"wp:term":[{"taxonomy":"product_cat","embeddable":true,"href":"https:\/\/mouldking.store\/vi\/wp-json\/wp\/v2\/product_cat?post=41397"},{"taxonomy":"product_tag","embeddable":true,"href":"https:\/\/mouldking.store\/vi\/wp-json\/wp\/v2\/product_tag?post=41397"}],"curies":[{"name":"wp","href":"https:\/\/api.w.org\/{rel}","templated":true}]}}