{"id":41403,"date":"2023-02-08T11:47:39","date_gmt":"2023-02-08T04:47:39","guid":{"rendered":"https:\/\/mouldking.store\/shop\/moc-factory-58858-mcrn-donnager-with-5830-pieces\/"},"modified":"2025-12-16T22:25:20","modified_gmt":"2025-12-16T15:25:20","slug":"moc-factory-58858-mcrn-donnager-with-5830-pieces","status":"publish","type":"product","link":"https:\/\/mouldking.store\/vi\/shop\/moc-factory-58858-mcrn-donnager-with-5830-pieces\/","title":{"rendered":"MOC Factory 58858 MCRN Donnager v\u1edbi 5830 mi\u1ebfng"},"content":{"rendered":"<div>\u2705 MOC-58858 MCRN Donnager<\/p>\n<p>\u2705MCRN Donnager l\u00e0 t\u00e0u khu tr\u1ee5c c\u1ee7a H\u1ea3i qu\u00e2n Qu\u1ed1c h\u1ed9i C\u1ed9ng h\u00f2a (MCRN) tr\u00ean sao H\u1ecfa trong lo\u1ea1t phim khoa h\u1ecdc vi\u1ec5n t\u01b0\u1edfng \u201cThe Expanse\u201d.<\/p>\n<p>\ud83d\udeab QUAN TR\u1eccNG!<\/p>\n<p>T\u00ean s\u1ea3n ph\u1ea9m: MCRN Donnager<\/p>\n<p>Th\u1ec3 lo\u1ea1i: Kh\u00f4ng gian<\/p>\n<p>B\u1ed9 n\u00e0y ch\u1ee9a: MOC-58858<\/p>\n<p>5830 vi\u00ean g\u1ea1ch ch\u1ea5t l\u01b0\u1ee3ng t\u1ed1t<\/p>\n<p>K\u00edch th\u01b0\u1edbc: 75cm<\/p>\n<p>H\u01b0\u1edbng d\u1eabn PDF<\/p>\n<p>\ud83d\udcccB\u1ea3n ch\u1ea5t c\u1ee7a nh\u00e2n v\u1eadt ch\u00ednh<\/p>\n<p>Xin gi\u1edbi thi\u1ec7u b\u1ed9 s\u01b0u t\u1eadp \u0111\u00e1ng t\u1ef1 h\u00e0o c\u1ee7a ch\u00fang t\u00f4i c\u00f3 t\u00ean \u201cMCRN Donnager\u201d m\u00e0 b\u1ea1n kh\u00f4ng n\u00ean b\u1ecf l\u1ee1.<\/p>\n<p>Kh\u1ed1i x\u00e2y d\u1ef1ng MCRN Donnager t\u01b0\u01a1ng th\u00edch v\u1edbi g\u1ea1ch v\u00e0 c\u00e1c nh\u00e3n hi\u1ec7u kh\u1ed1i x\u00e2y d\u1ef1ng kh\u00e1c. \u0110\u00e2y l\u00e0 m\u1ed9t m\u00f3n qu\u00e0 tuy\u1ec7t v\u1eddi cho nh\u1eefng ng\u01b0\u1eddi y\u00eau th\u00edch v\u00e0 s\u01b0u t\u1eadp kh\u00f4ng gian, ho\u1eb7c b\u1ea5t k\u1ef3 ai trong danh s\u00e1ch mua s\u1eafm trong k\u1ef3 ngh\u1ec9 c\u1ee7a b\u1ea1n mu\u1ed1n t\u00ecm hi\u1ec3u v\u1ec1 m\u1ed9t trong nh\u1eefng con t\u00e0u n\u1ed5i ti\u1ebfng nh\u1ea5t trong l\u1ecbch s\u1eed khoa h\u1ecdc vi\u1ec5n t\u01b0\u1edfng.<\/p><\/div>","protected":false},"excerpt":{"rendered":"<p>Th\u01b0\u01a1ng hi\u1ec7u: Nh\u00e0 m\u00e1y M\u1ed8C<br \/>\nGi\u1edbi t\u00ednh: Unisex<br \/>\n\u0110\u1ed9 tu\u1ed5i: &gt; 12 tu\u1ed5i<br \/>\nS\u1ed1 m\u00f4 h\u00ecnh: 58858<br \/>\nPh\u00e2n lo\u1ea1i: T\u1eadp h\u1ee3p<br \/>\nH\u00ecnh d\u1ea1ng kh\u1ed1i nh\u1ef1a: G\u1ea1ch t\u1ef1 kh\u00f3a<br \/>\nCh\u1ea5t li\u1ec7u: Nh\u1ef1a<br \/>\nLo\u1ea1i nh\u1ef1a: ABS<br \/>\nKh\u1ed1i g\u1ea1ch: 5830 +<br \/>\nS\u1eafp x\u1ebfp th\u1eddi gian: 4-8 tu\u1ea7n<\/p>","protected":false},"featured_media":41398,"comment_status":"open","ping_status":"closed","template":"","meta":{"_acf_changed":false},"product_cat":[1357,6016,364],"product_tag":[11262,11239,9414,2276,389],"class_list":["product","first","instock","shipping-taxable","purchasable","product-type-simple"],"acf":[],"_links":{"self":[{"href":"https:\/\/mouldking.store\/vi\/wp-json\/wp\/v2\/product\/41403","targetHints":{"allow":["GET"]}}],"collection":[{"href":"https:\/\/mouldking.store\/vi\/wp-json\/wp\/v2\/product"}],"about":[{"href":"https:\/\/mouldking.store\/vi\/wp-json\/wp\/v2\/types\/product"}],"replies":[{"embeddable":true,"href":"https:\/\/mouldking.store\/vi\/wp-json\/wp\/v2\/comments?post=41403"}],"wp:featuredmedia":[{"embeddable":true,"href":"https:\/\/mouldking.store\/vi\/wp-json\/wp\/v2\/media\/41398"}],"wp:attachment":[{"href":"https:\/\/mouldking.store\/vi\/wp-json\/wp\/v2\/media?parent=41403"}],"wp:term":[{"taxonomy":"product_cat","embeddable":true,"href":"https:\/\/mouldking.store\/vi\/wp-json\/wp\/v2\/product_cat?post=41403"},{"taxonomy":"product_tag","embeddable":true,"href":"https:\/\/mouldking.store\/vi\/wp-json\/wp\/v2\/product_tag?post=41403"}],"curies":[{"name":"wp","href":"https:\/\/api.w.org\/{rel}","templated":true}]}}