{"id":41408,"date":"2023-02-08T11:56:29","date_gmt":"2023-02-08T04:56:29","guid":{"rendered":"https:\/\/mouldking.store\/shop\/moc-factory-47299-acropolis-microscale-with-2139-pieces\/"},"modified":"2025-12-16T22:25:20","modified_gmt":"2025-12-16T15:25:20","slug":"moc-factory-47299-acropolis-microscale-with-2139-pieces","status":"publish","type":"product","link":"https:\/\/mouldking.store\/vi\/shop\/moc-factory-47299-acropolis-microscale-with-2139-pieces\/","title":{"rendered":"MOC Factory 47299 Acropolis \u2013 K\u00edch th\u01b0\u1edbc si\u00eau nh\u1ecf v\u1edbi 2139 M\u1ea3nh gh\u00e9p"},"content":{"rendered":"<div>\u2705 MOC-47299 Acropolis \u2013 Vi m\u00f4<\/p>\n<p>\u2705 Acropolis l\u00e0 m\u1ed9t th\u00e0nh l\u0169y ki\u00ean c\u1ed1 c\u1ee7a Hy L\u1ea1p c\u1ed5 \u0111\u1ea1i, th\u01b0\u1eddng n\u1eb1m tr\u00ean \u0111\u1ec9nh \u0111\u1ed3i. V\u00ed d\u1ee5 n\u1ed5i ti\u1ebfng nh\u1ea5t v\u1ec1 m\u1ed9t \u0111\u00f4 th\u1ecb l\u00e0 Acropolis c\u1ee7a Athens, m\u1ed9t trung t\u00e2m l\u1edbn c\u1ee7a n\u1ec1n v\u0103n h\u00f3a Hy L\u1ea1p c\u1ed5 \u0111\u1ea1i v\u00e0 l\u00e0 n\u01a1i t\u1ecda l\u1ea1c c\u1ee7a m\u1ed9t s\u1ed1 t\u00f2a nh\u00e0 n\u1ed5i ti\u1ebfng nh\u01b0 \u0111\u1ec1n Parthenon. Th\u00e0nh c\u1ed5 ph\u1ee5c v\u1ee5 nh\u01b0 m\u1ed9t bi\u1ec3u t\u01b0\u1ee3ng s\u1ee9c m\u1ea1nh c\u1ee7a th\u00e0nh ph\u1ed1 v\u00e0 \u0111\u01b0\u1ee3c s\u1eed d\u1ee5ng cho c\u1ea3 m\u1ee5c \u0111\u00edch ph\u00f2ng th\u1ee7 v\u00e0 t\u00f4n gi\u00e1o.<\/p>\n<p>\ud83d\udeab QUAN TR\u1eccNG!<\/p>\n<p>T\u00ean s\u1ea3n ph\u1ea9m: Acropolis \u2013 Microscale<\/p>\n<p>Danh m\u1ee5c: T\u00f2a nh\u00e0 m\u00f4-\u0111un<\/p>\n<p>B\u1ed9 n\u00e0y ch\u1ee9a: MOC-47299<\/p>\n<p>2139 chi\u1ebfc G\u1ea1ch ch\u1ea5t l\u01b0\u1ee3ng t\u1ed1t<\/p>\n<p>Tr\u1ecdng l\u01b0\u1ee3ng: 2500g<\/p>\n<p>H\u01b0\u1edbng d\u1eabn PDF<\/p>\n<p>\ud83d\udcccB\u1ea3n ch\u1ea5t c\u1ee7a nh\u00e2n v\u1eadt ch\u00ednh<\/p>\n<p>Xin gi\u1edbi thi\u1ec7u b\u1ed9 s\u01b0u t\u1eadp \u0111\u00e1ng t\u1ef1 h\u00e0o c\u1ee7a ch\u00fang t\u00f4i mang t\u00ean \u201cAcropolis \u2013 Microscale\u201d m\u00e0 b\u1ea1n kh\u00f4ng n\u00ean b\u1ecf l\u1ee1.<\/p>\n<p>Acropolis \u2013 Microscale l\u00e0 m\u1ed9t t\u00f2a nh\u00e0 \u0111\u01b0\u1ee3c \u0111\u1eb7t b\u1eb1ng nh\u1eefng vi\u00ean g\u1ea1ch nh\u1ecf l\u00e0m b\u1eb1ng v\u1eadt li\u1ec7u ABS ch\u1ea5t l\u01b0\u1ee3ng cao v\u00e0 th\u00e2n thi\u1ec7n v\u1edbi m\u00f4i tr\u01b0\u1eddng. N\u00f3 \u0111\u01b0\u1ee3c thi\u1ebft k\u1ebf \u0111\u1ec3 nh\u1eefng ng\u01b0\u1eddi c\u00f3 \u0111\u1ee7 tr\u00ecnh \u0111\u1ed9 chuy\u00ean m\u00f4n s\u1eed d\u1ee5ng, v\u00ec n\u00f3 c\u00f3 h\u01b0\u1edbng d\u1eabn r\u00f5 r\u00e0ng tr\u00ean USB Drive. C\u00e1c kh\u1ed1i kh\u00f4ng c\u00f3 m\u00f9i v\u00e0 an to\u00e0n cho tr\u1ebb em, khi\u1ebfn ch\u00fang tr\u1edf th\u00e0nh m\u1ed9t m\u00f3n \u0111\u1ed3 ch\u01a1i ho\u00e0n h\u1ea3o.<\/p><\/div>","protected":false},"excerpt":{"rendered":"<p>Th\u01b0\u01a1ng hi\u1ec7u: Nh\u00e0 m\u00e1y M\u1ed8C<br \/>\nGi\u1edbi t\u00ednh: Unisex<br \/>\n\u0110\u1ed9 tu\u1ed5i: &gt; 12 tu\u1ed5i<br \/>\nS\u1ed1 m\u00f4 h\u00ecnh: 47299<br \/>\nPh\u00e2n lo\u1ea1i: T\u1eadp h\u1ee3p<br \/>\nH\u00ecnh d\u1ea1ng kh\u1ed1i nh\u1ef1a: G\u1ea1ch t\u1ef1 kh\u00f3a<br \/>\nCh\u1ea5t li\u1ec7u: Nh\u1ef1a<br \/>\nLo\u1ea1i nh\u1ef1a: ABS<br \/>\nKh\u1ed1i g\u1ea1ch: 2139 +<br \/>\nS\u1eafp x\u1ebfp th\u1eddi gian: 4-8 tu\u1ea7n<\/p>","protected":false},"featured_media":41404,"comment_status":"open","ping_status":"closed","template":"","meta":{"_acf_changed":false},"product_cat":[1395,390],"product_tag":[11263,11260,4883,11264,392],"class_list":["product","first","instock","shipping-taxable","purchasable","product-type-simple"],"acf":[],"_links":{"self":[{"href":"https:\/\/mouldking.store\/vi\/wp-json\/wp\/v2\/product\/41408","targetHints":{"allow":["GET"]}}],"collection":[{"href":"https:\/\/mouldking.store\/vi\/wp-json\/wp\/v2\/product"}],"about":[{"href":"https:\/\/mouldking.store\/vi\/wp-json\/wp\/v2\/types\/product"}],"replies":[{"embeddable":true,"href":"https:\/\/mouldking.store\/vi\/wp-json\/wp\/v2\/comments?post=41408"}],"wp:featuredmedia":[{"embeddable":true,"href":"https:\/\/mouldking.store\/vi\/wp-json\/wp\/v2\/media\/41404"}],"wp:attachment":[{"href":"https:\/\/mouldking.store\/vi\/wp-json\/wp\/v2\/media?parent=41408"}],"wp:term":[{"taxonomy":"product_cat","embeddable":true,"href":"https:\/\/mouldking.store\/vi\/wp-json\/wp\/v2\/product_cat?post=41408"},{"taxonomy":"product_tag","embeddable":true,"href":"https:\/\/mouldking.store\/vi\/wp-json\/wp\/v2\/product_tag?post=41408"}],"curies":[{"name":"wp","href":"https:\/\/api.w.org\/{rel}","templated":true}]}}