{"id":41416,"date":"2023-02-08T12:10:57","date_gmt":"2023-02-08T05:10:57","guid":{"rendered":"https:\/\/mouldking.store\/shop\/moc-factory-108238-the-daimyos-palace-with-1762-pieces\/"},"modified":"2025-12-16T22:25:20","modified_gmt":"2025-12-16T15:25:20","slug":"moc-factory-108238-the-daimyos-palace-with-1762-pieces","status":"publish","type":"product","link":"https:\/\/mouldking.store\/vi\/shop\/moc-factory-108238-the-daimyos-palace-with-1762-pieces\/","title":{"rendered":"Nh\u00e0 m\u00e1y MOC 108238 Cung \u0111i\u1ec7n c\u1ee7a Daimyo v\u1edbi 1762 M\u1ea3nh gh\u00e9p"},"content":{"rendered":"<div>\u2705 MOC-108238 The Daimyo&#8217;s Palace<\/p>\n<p>\u2705The Daimyo&#8217;s Palace is a building or complex of buildings that serves as the residence and administrative headquarters of a Daimyo, a feudal lord in Japan during the Edo period (1603-1868). The Daimyo&#8217;s Palace was typically located in the center of the Daimyo&#8217;s domain and was a symbol of their wealth and power. The size and grandeur of the palace often reflected the Daimyo&#8217;s status and influence.<\/p>\n<p>\ud83d\udeab QUAN TR\u1eccNG!<\/p>\n<p>Product Name: The Daimyo&#8217;s Palace<\/p>\n<p>Danh m\u1ee5c: T\u00f2a nh\u00e0 m\u00f4-\u0111un<\/p>\n<p>This Kit Contains: MOC-108238<\/p>\n<p>1762 pcs Good Quality Bricks<\/p>\n<p>Weight: 2000g<\/p>\n<p>H\u01b0\u1edbng d\u1eabn PDF<\/p>\n<p>\ud83d\udcccB\u1ea3n ch\u1ea5t c\u1ee7a nh\u00e2n v\u1eadt ch\u00ednh<\/p>\n<p>Introducing our proud collection named \u201cThe Daimyo&#8217;s Palace\u201d you should not miss.<\/p>\n<p>With a simple and clear design, the building blocks set is an ideal toy to promote children&#8217;s creativity. The &#8220;daimyo&#8217;s palace&#8221; set not only offers enjoyable assembly experience to novices but also comes with clear and easy-to-follow electronic instructions on USB drive for those who wish to have extra fun.<\/p><\/div>","protected":false},"excerpt":{"rendered":"<p>Th\u01b0\u01a1ng hi\u1ec7u: Nh\u00e0 m\u00e1y M\u1ed8C<br \/>\nGi\u1edbi t\u00ednh: Unisex<br \/>\n\u0110\u1ed9 tu\u1ed5i: &gt; 12 tu\u1ed5i<br \/>\nModel Number: 108238<br \/>\nPh\u00e2n lo\u1ea1i: T\u1eadp h\u1ee3p<br \/>\nH\u00ecnh d\u1ea1ng kh\u1ed1i nh\u1ef1a: G\u1ea1ch t\u1ef1 kh\u00f3a<br \/>\nCh\u1ea5t li\u1ec7u: Nh\u1ef1a<br \/>\nLo\u1ea1i nh\u1ef1a: ABS<br \/>\nBricks Blocks: 1762 +<br \/>\nS\u1eafp x\u1ebfp th\u1eddi gian: 4-8 tu\u1ea7n<\/p>","protected":false},"featured_media":41410,"comment_status":"open","ping_status":"closed","template":"","meta":{"_acf_changed":false},"product_cat":[1395,390],"product_tag":[4883,11265,392,4581],"class_list":["product","first","instock","shipping-taxable","purchasable","product-type-simple"],"acf":[],"_links":{"self":[{"href":"https:\/\/mouldking.store\/vi\/wp-json\/wp\/v2\/product\/41416","targetHints":{"allow":["GET"]}}],"collection":[{"href":"https:\/\/mouldking.store\/vi\/wp-json\/wp\/v2\/product"}],"about":[{"href":"https:\/\/mouldking.store\/vi\/wp-json\/wp\/v2\/types\/product"}],"replies":[{"embeddable":true,"href":"https:\/\/mouldking.store\/vi\/wp-json\/wp\/v2\/comments?post=41416"}],"wp:featuredmedia":[{"embeddable":true,"href":"https:\/\/mouldking.store\/vi\/wp-json\/wp\/v2\/media\/41410"}],"wp:attachment":[{"href":"https:\/\/mouldking.store\/vi\/wp-json\/wp\/v2\/media?parent=41416"}],"wp:term":[{"taxonomy":"product_cat","embeddable":true,"href":"https:\/\/mouldking.store\/vi\/wp-json\/wp\/v2\/product_cat?post=41416"},{"taxonomy":"product_tag","embeddable":true,"href":"https:\/\/mouldking.store\/vi\/wp-json\/wp\/v2\/product_tag?post=41416"}],"curies":[{"name":"wp","href":"https:\/\/api.w.org\/{rel}","templated":true}]}}