{"id":41468,"date":"2023-02-13T09:20:49","date_gmt":"2023-02-13T02:20:49","guid":{"rendered":"https:\/\/mouldking.store\/shop\/taigaole-t5029-batmobile-sports-car-with-1828-pieces\/"},"modified":"2023-02-13T09:20:49","modified_gmt":"2023-02-13T02:20:49","slug":"taigaole-t5029-batmobile-sports-car-with-1828-pieces","status":"publish","type":"product","link":"https:\/\/mouldking.store\/vi\/shop\/taigaole-t5029-batmobile-sports-car-with-1828-pieces\/","title":{"rendered":"Xe th\u1ec3 thao Batmobile TaiGaoLe T5029 v\u1edbi 1828 m\u1ea3nh gh\u00e9p"},"content":{"rendered":"<div>\u2705 Xe Th\u1ec3 Thao Ng\u01b0\u1eddi D\u01a1i TaiGaoLe T5029<\/p>\n<p>\u2705Batmobile l\u00e0 m\u1ed9t ph\u01b0\u01a1ng ti\u1ec7n h\u01b0 c\u1ea5u xu\u1ea5t hi\u1ec7n trong lo\u1ea1t phim Batman c\u1ee7a DC Comics. N\u00f3 th\u01b0\u1eddng \u0111\u01b0\u1ee3c mi\u00eau t\u1ea3 l\u00e0 m\u1ed9t chi\u1ebfc xe th\u1ec3 thao c\u00f4ng ngh\u1ec7 cao, ki\u1ec3u d\u00e1ng \u0111\u1eb9p \u0111\u01b0\u1ee3c thi\u1ebft k\u1ebf d\u00e0nh ri\u00eang cho si\u00eau anh h\u00f9ng Batman. Batmobile \u0111\u01b0\u1ee3c trang b\u1ecb nhi\u1ec1u ti\u1ec7n \u00edch v\u00e0 v\u0169 kh\u00ed, khi\u1ebfn n\u00f3 tr\u1edf th\u00e0nh m\u1ed9t trong nh\u1eefng ph\u01b0\u01a1ng ti\u1ec7n mang t\u00ednh bi\u1ec3u t\u01b0\u1ee3ng nh\u1ea5t trong l\u1ecbch s\u1eed truy\u1ec7n tranh. Trong nhi\u1ec1u m\u00f4 t\u1ea3 kh\u00e1c nhau v\u1ec1 nh\u00e2n v\u1eadt, Batmobile \u0111\u00e3 c\u00f3 nhi\u1ec1u h\u00ecnh th\u1ee9c v\u00e0 thi\u1ebft k\u1ebf kh\u00e1c nhau, t\u1eeb m\u1ed9t chi\u1ebfc xe th\u1ec3 thao \u0111\u01a1n gi\u1ea3n \u0111\u1ebfn m\u1ed9t ph\u01b0\u01a1ng ti\u1ec7n gi\u1ed1ng xe t\u0103ng ti\u00ean ti\u1ebfn. D\u00f9 c\u00f3 nhi\u1ec1u ki\u1ec3u d\u00e1ng kh\u00e1c nhau nh\u01b0ng Batmobile lu\u00f4n g\u1eafn li\u1ec1n v\u1edbi Ng\u01b0\u1eddi D\u01a1i v\u00e0 cu\u1ed9c chi\u1ebfn ch\u1ed1ng t\u1ed9i ph\u1ea1m c\u1ee7a anh tr\u00ean \u0111\u01b0\u1eddng ph\u1ed1 th\u00e0nh ph\u1ed1 Gotham.<\/p>\n<p>\ud83d\udeab QUAN TR\u1eccNG!<\/p>\n<p>T\u00ean s\u1ea3n ph\u1ea9m: Xe th\u1ec3 thao Batmobile<\/p>\n<p>Danh m\u1ee5c: K\u1ef9 thu\u1eadt<\/p>\n<p>B\u1ed9 n\u00e0y ch\u1ee9a: TaiGaoLe T5029<\/p>\n<p>1828 chi\u1ebfc G\u1ea1ch ch\u1ea5t l\u01b0\u1ee3ng t\u1ed1t<\/p>\n<p>K\u00edch th\u01b0\u1edbc: 53,7 \u00d7 22,9 \u00d7 16 cm<\/p>\n<p>H\u01b0\u1edbng d\u1eabn th\u1ee7 c\u00f4ng<\/p>\n<p>\ud83d\udcccB\u1ea3n ch\u1ea5t c\u1ee7a nh\u00e2n v\u1eadt ch\u00ednh<\/p>\n<p>Xin gi\u1edbi thi\u1ec7u b\u1ed9 s\u01b0u t\u1eadp \u0111\u00e1ng t\u1ef1 h\u00e0o c\u1ee7a ch\u00fang t\u00f4i mang t\u00ean \u201cBatmobile Sports Car\u201d m\u00e0 b\u1ea1n kh\u00f4ng n\u00ean b\u1ecf l\u1ee1.<\/p>\n<p>Batmobile l\u00e0 ph\u01b0\u01a1ng ti\u1ec7n \u0111\u01b0\u1ee3c thi\u1ebft k\u1ebf \u0111\u1ec3 ph\u1ee5c v\u1ee5 nh\u01b0 ph\u01b0\u01a1ng ti\u1ec7n di chuy\u1ec3n c\u00e1 nh\u00e2n c\u1ee7a Ng\u01b0\u1eddi D\u01a1i. N\u00f3 \u0111\u01b0\u1ee3c trang b\u1ecb m\u1ed9t s\u1ed1 ti\u1ec7n \u00edch v\u00e0 t\u00ednh n\u0103ng chuy\u00ean d\u1ee5ng, bao g\u1ed3m c\u1ea3 kh\u1ea3 n\u0103ng bay. B\u1ed9 g\u1ea1ch n\u00e0y g\u1ed3m 1828 vi\u00ean g\u1ea1ch \u0111\u01b0\u1ee3c l\u00e0m b\u1eb1ng nh\u1ef1a ABS v\u00e0 \u0111i k\u00e8m v\u1edbi m\u1ed9t cu\u1ed1n s\u00e1ch h\u01b0\u1edbng d\u1eabn x\u00e2y d\u1ef1ng<\/p><\/div>","protected":false},"excerpt":{"rendered":"<p>Th\u01b0\u01a1ng hi\u1ec7u: TaiGaoLe<br \/>\nGi\u1edbi t\u00ednh: Unisex<br \/>\n\u0110\u1ed9 tu\u1ed5i: &gt; 8 tu\u1ed5i<br \/>\nS\u1ed1 m\u00f4 h\u00ecnh: T5029<br \/>\nPh\u00e2n lo\u1ea1i: T\u1eadp h\u1ee3p<br \/>\nH\u00ecnh d\u1ea1ng kh\u1ed1i nh\u1ef1a: G\u1ea1ch t\u1ef1 kh\u00f3a<br \/>\nCh\u1ea5t li\u1ec7u: Nh\u1ef1a<br \/>\nLo\u1ea1i nh\u1ef1a: ABS<br \/>\nKh\u1ed1i g\u1ea1ch: 1828 +<br \/>\nKh\u00f4ng c\u00f3 h\u1ed9p<\/p>","protected":false},"featured_media":41463,"comment_status":"open","ping_status":"closed","template":"","meta":{"_acf_changed":false},"product_cat":[1360,1357,364],"product_tag":[11268,457,11150,389,11080],"class_list":["product","first","instock","shipping-taxable","purchasable","product-type-simple"],"acf":[],"_links":{"self":[{"href":"https:\/\/mouldking.store\/vi\/wp-json\/wp\/v2\/product\/41468","targetHints":{"allow":["GET"]}}],"collection":[{"href":"https:\/\/mouldking.store\/vi\/wp-json\/wp\/v2\/product"}],"about":[{"href":"https:\/\/mouldking.store\/vi\/wp-json\/wp\/v2\/types\/product"}],"replies":[{"embeddable":true,"href":"https:\/\/mouldking.store\/vi\/wp-json\/wp\/v2\/comments?post=41468"}],"wp:featuredmedia":[{"embeddable":true,"href":"https:\/\/mouldking.store\/vi\/wp-json\/wp\/v2\/media\/41463"}],"wp:attachment":[{"href":"https:\/\/mouldking.store\/vi\/wp-json\/wp\/v2\/media?parent=41468"}],"wp:term":[{"taxonomy":"product_cat","embeddable":true,"href":"https:\/\/mouldking.store\/vi\/wp-json\/wp\/v2\/product_cat?post=41468"},{"taxonomy":"product_tag","embeddable":true,"href":"https:\/\/mouldking.store\/vi\/wp-json\/wp\/v2\/product_tag?post=41468"}],"curies":[{"name":"wp","href":"https:\/\/api.w.org\/{rel}","templated":true}]}}