{"id":41473,"date":"2023-02-13T09:30:21","date_gmt":"2023-02-13T02:30:21","guid":{"rendered":"https:\/\/mouldking.store\/shop\/custom-custom-996-diablo-god-of-disaster-and-war-with-3568-pieces\/"},"modified":"2023-02-13T09:30:21","modified_gmt":"2023-02-13T02:30:21","slug":"custom-custom-996-diablo-god-of-disaster-and-war-with-3568-pieces","status":"publish","type":"product","link":"https:\/\/mouldking.store\/vi\/shop\/custom-custom-996-diablo-god-of-disaster-and-war-with-3568-pieces\/","title":{"rendered":"Th\u1ea7n tai h\u1ecda v\u00e0 chi\u1ebfn tranh Diablo t\u00f9y ch\u1ec9nh 996 v\u1edbi 3568 m\u1ea3nh"},"content":{"rendered":"<div>\u2705 Th\u1ea7n tai h\u1ecda v\u00e0 chi\u1ebfn tranh Diablo t\u00f9y ch\u1ec9nh 996<\/p>\n<p>\u2705Diablo l\u00e0 m\u1ed9t con qu\u1ef7 trong lo\u1ea1t tr\u00f2 ch\u01a1i \u0111i\u1ec7n t\u1eed nh\u1eadp vai h\u00e0nh \u0111\u1ed9ng Diablo \u0111\u01b0\u1ee3c ph\u00e1t tri\u1ec3n b\u1edfi Blizzard Entertainment. Trong truy\u1ec1n thuy\u1ebft c\u1ee7a tr\u00f2 ch\u01a1i, Diablo l\u00e0 Ch\u00faa t\u1ec3 c\u1ee7a s\u1ef1 kh\u1ee7ng b\u1ed1 v\u00e0 l\u00e0 m\u1ed9t trong nh\u1eefng \u00c1c ma nguy\u00ean th\u1ee7y, m\u1ed9t nh\u00f3m \u00e1c qu\u1ef7 m\u1ea1nh m\u1ebd t\u00ecm c\u00e1ch b\u1eaft lo\u00e0i ng\u01b0\u1eddi l\u00e0m n\u00f4 l\u1ec7. Anh ta th\u01b0\u1eddng \u0111\u01b0\u1ee3c mi\u00eau t\u1ea3 l\u00e0 m\u1ed9t th\u1ebf l\u1ef1c m\u1ea1nh m\u1ebd v\u00e0 \u0111\u1ed9c \u00e1c, lu\u00f4n t\u00ecm c\u00e1ch gieo r\u1eafc s\u1ef1 h\u1ee7y di\u1ec7t v\u00e0 h\u1ed7n lo\u1ea1n \u1edf b\u1ea5t c\u1ee9 n\u01a1i n\u00e0o anh ta \u0111\u1ebfn.<\/p>\n<p>\ud83d\udeab QUAN TR\u1eccNG!<\/p>\n<p>T\u00ean s\u1ea3n ph\u1ea9m: Th\u1ea7n tai h\u1ecda v\u00e0 chi\u1ebfn tranh Diablo<\/p>\n<p>Th\u1ec3 lo\u1ea1i: Ng\u01b0\u1eddi s\u00e1ng t\u1ea1o<\/p>\n<p>B\u1ed9 n\u00e0y ch\u1ee9a: Custom 996<\/p>\n<p>3568 chi\u1ebfc G\u1ea1ch ch\u1ea5t l\u01b0\u1ee3ng t\u1ed1t<\/p>\n<p>K\u00edch th\u01b0\u1edbc: 25,4 \u00d7 14,6 \u00d7 46 cm<\/p>\n<p>H\u01b0\u1edbng d\u1eabn th\u1ee7 c\u00f4ng<\/p>\n<p>\ud83d\udcccB\u1ea3n ch\u1ea5t c\u1ee7a nh\u00e2n v\u1eadt ch\u00ednh<\/p>\n<p>Xin gi\u1edbi thi\u1ec7u b\u1ed9 s\u01b0u t\u1eadp \u0111\u00e1ng t\u1ef1 h\u00e0o c\u1ee7a ch\u00fang t\u00f4i mang t\u00ean \u201cTh\u1ea7n Th\u1ea3m h\u1ecda v\u00e0 Chi\u1ebfn tranh Diablo m\u00e0 b\u1ea1n kh\u00f4ng n\u00ean b\u1ecf l\u1ee1.<\/p>\n<p>Trong c\u00e1c tr\u00f2 ch\u01a1i, Diablo l\u00e0 nh\u00e2n v\u1eadt ph\u1ea3n di\u1ec7n ch\u00ednh v\u00e0 ng\u01b0\u1eddi ch\u01a1i s\u1ebd \u0111\u00f3ng vai m\u1ed9t anh h\u00f9ng ph\u1ea3i ng\u0103n ch\u1eb7n anh ta v\u00e0 tay sai c\u1ee7a anh ta t\u00e0n ph\u00e1 th\u1ebf gi\u1edbi. Xuy\u00ean su\u1ed1t b\u1ed9 truy\u1ec7n, Diablo th\u01b0\u1eddng \u0111\u01b0\u1ee3c mi\u00eau t\u1ea3 l\u00e0 m\u1ed9t \u0111\u1ed1i th\u1ee7 \u0111\u00e1ng g\u1eddm s\u1edf h\u1eefu s\u1ee9c m\u1ea1nh v\u00e0 s\u1ee9c m\u1ea1nh to l\u1edbn, khi\u1ebfn h\u1eafn tr\u1edf th\u00e0nh m\u1ed9t trong nh\u1eefng t\u00ean tr\u00f9m th\u00e1ch th\u1ee9c nh\u1ea5t trong tr\u00f2 ch\u01a1i. M\u1eb7c d\u00f9 v\u1eady, ng\u01b0\u1eddi ch\u01a1i ph\u1ea3i \u0111\u00e1nh b\u1ea1i anh ta \u0111\u1ec3 c\u1ee9u nh\u00e2n lo\u1ea1i v\u00e0 kh\u00f4i ph\u1ee5c l\u1ea1i s\u1ef1 c\u00e2n b\u1eb1ng cho th\u1ebf gi\u1edbi. \u0110\u01b0\u1ee3c ph\u00e1t h\u00e0nh v\u00e0o n\u0103m 2023, b\u1ed9 kh\u1ed1i x\u00e2y d\u1ef1ng s\u00e1ng t\u1ea1o n\u00e0y d\u1ef1a tr\u00ean \u00fd t\u01b0\u1edfng thi\u1ebft k\u1ebf to\u00e0n b\u1ed9 th\u1ebf gi\u1edbi t\u1eeb \u0111\u1ea7u. C\u00e1c kh\u1ed1i \u0111\u01b0\u1ee3c s\u1eed d\u1ee5ng \u0111\u1ec3 x\u00e2y d\u1ef1ng m\u1ed9t c\u1ea3nh quan ho\u00e0n ch\u1ec9nh, v\u1edbi n\u00fai non, c\u00e2y c\u1ed1i, v.v.<\/p><\/div>","protected":false},"excerpt":{"rendered":"<p>Th\u01b0\u01a1ng hi\u1ec7u: T\u00f9y ch\u1ec9nh<br \/>\nGi\u1edbi t\u00ednh: Unisex<br \/>\n\u0110\u1ed9 tu\u1ed5i: &gt; 8 tu\u1ed5i<br \/>\nS\u1ed1 m\u00f4 h\u00ecnh: T\u00f9y ch\u1ec9nh 996<br \/>\nPh\u00e2n lo\u1ea1i: T\u1eadp h\u1ee3p<br \/>\nH\u00ecnh d\u1ea1ng kh\u1ed1i nh\u1ef1a: G\u1ea1ch t\u1ef1 kh\u00f3a<br \/>\nCh\u1ea5t li\u1ec7u: Nh\u1ef1a<br \/>\nLo\u1ea1i nh\u1ef1a: ABS<br \/>\nKh\u1ed1i g\u1ea1ch: 3568 +<br \/>\nKh\u00f4ng c\u00f3 h\u1ed9p<\/p>","protected":false},"featured_media":41469,"comment_status":"open","ping_status":"closed","template":"","meta":{"_acf_changed":false},"product_cat":[1365,371,415],"product_tag":[11072,8452,11269,4605,1571,4560],"class_list":["product","first","instock","shipping-taxable","purchasable","product-type-simple"],"acf":[],"_links":{"self":[{"href":"https:\/\/mouldking.store\/vi\/wp-json\/wp\/v2\/product\/41473","targetHints":{"allow":["GET"]}}],"collection":[{"href":"https:\/\/mouldking.store\/vi\/wp-json\/wp\/v2\/product"}],"about":[{"href":"https:\/\/mouldking.store\/vi\/wp-json\/wp\/v2\/types\/product"}],"replies":[{"embeddable":true,"href":"https:\/\/mouldking.store\/vi\/wp-json\/wp\/v2\/comments?post=41473"}],"wp:featuredmedia":[{"embeddable":true,"href":"https:\/\/mouldking.store\/vi\/wp-json\/wp\/v2\/media\/41469"}],"wp:attachment":[{"href":"https:\/\/mouldking.store\/vi\/wp-json\/wp\/v2\/media?parent=41473"}],"wp:term":[{"taxonomy":"product_cat","embeddable":true,"href":"https:\/\/mouldking.store\/vi\/wp-json\/wp\/v2\/product_cat?post=41473"},{"taxonomy":"product_tag","embeddable":true,"href":"https:\/\/mouldking.store\/vi\/wp-json\/wp\/v2\/product_tag?post=41473"}],"curies":[{"name":"wp","href":"https:\/\/api.w.org\/{rel}","templated":true}]}}