{"id":41486,"date":"2023-02-13T09:50:43","date_gmt":"2023-02-13T02:50:43","guid":{"rendered":"https:\/\/mouldking.store\/shop\/loz-1072-sichuan-style-hot-pot-with-4344-pieces\/"},"modified":"2023-02-13T09:50:43","modified_gmt":"2023-02-13T02:50:43","slug":"loz-1072-sichuan-style-hot-pot-with-4344-pieces","status":"publish","type":"product","link":"https:\/\/mouldking.store\/vi\/shop\/loz-1072-sichuan-style-hot-pot-with-4344-pieces\/","title":{"rendered":"LOZ 1072 L\u1ea9u T\u1ee9 Xuy\u00ean 4344 Mi\u1ebfng"},"content":{"rendered":"<div>\u2705 LOZ 1072 L\u1ea9u T\u1ee9 Xuy\u00ean<\/p>\n<p>\u2705L\u1ea9u T\u1ee9 Xuy\u00ean l\u00e0 m\u1ed9t lo\u1ea1i l\u1ea9u c\u00f3 ngu\u1ed3n g\u1ed1c t\u1eeb t\u1ec9nh T\u1ee9 Xuy\u00ean, Trung Qu\u1ed1c. \u0110\u00f3 l\u00e0 m\u1ed9t lo\u1ea1i b\u1eefa \u0103n chung, n\u01a1i th\u1ef1c kh\u00e1ch n\u1ea5u nhi\u1ec1u lo\u1ea1i nguy\u00ean li\u1ec7u th\u00f4 trong m\u1ed9t n\u1ed3i n\u01b0\u1edbc d\u00f9ng c\u00f3 h\u01b0\u01a1ng v\u1ecb \u0111ang s\u00f4i liu riu \u0111\u1eb7t \u1edf gi\u1eefa b\u00e0n. N\u01b0\u1edbc d\u00f9ng cho m\u00f3n l\u1ea9u ki\u1ec3u T\u1ee9 Xuy\u00ean th\u01b0\u1eddng cay v\u00e0 th\u01a1m, \u0111\u01b0\u1ee3c l\u00e0m t\u1eeb s\u1ef1 k\u1ebft h\u1ee3p c\u1ee7a nhi\u1ec1u lo\u1ea1i gia v\u1ecb v\u00e0 gia v\u1ecb, bao g\u1ed3m h\u1ea1t ti\u00eau T\u1ee9 Xuy\u00ean, g\u1eebng, t\u1ecfi v\u00e0 \u1edbt.<\/p>\n<p>\ud83d\udeab QUAN TR\u1eccNG!<\/p>\n<p>T\u00ean s\u1ea3n ph\u1ea9m: L\u1ea9u ki\u1ec3u T\u1ee9 Xuy\u00ean<\/p>\n<p>Th\u1ec3 lo\u1ea1i: Ng\u01b0\u1eddi s\u00e1ng t\u1ea1o<\/p>\n<p>B\u1ed9 n\u00e0y ch\u1ee9a: LOZ 1072<\/p>\n<p>4344 chi\u1ebfc G\u1ea1ch ch\u1ea5t l\u01b0\u1ee3ng t\u1ed1t<\/p>\n<p>H\u01b0\u1edbng d\u1eabn th\u1ee7 c\u00f4ng<\/p>\n<p>\ud83d\udcccB\u1ea3n ch\u1ea5t c\u1ee7a nh\u00e2n v\u1eadt ch\u00ednh<\/p>\n<p>Xin gi\u1edbi thi\u1ec7u b\u1ed9 s\u01b0u t\u1eadp \u0111\u00e1ng t\u1ef1 h\u00e0o c\u1ee7a ch\u00fang t\u00f4i mang t\u00ean \u201cL\u1ea9u ki\u1ec3u T\u1ee9 Xuy\u00ean\u201d m\u00e0 b\u1ea1n kh\u00f4ng n\u00ean b\u1ecf l\u1ee1.<\/p>\n<p>Trong b\u1eefa \u0103n l\u1ea9u ki\u1ec3u T\u1ee9 Xuy\u00ean, th\u1ef1c kh\u00e1ch ch\u1ecdn c\u00e1c nguy\u00ean li\u1ec7u s\u1ed1ng nh\u01b0 th\u1ecbt (ch\u1eb3ng h\u1ea1n nh\u01b0 th\u1ecbt b\u00f2, th\u1ecbt c\u1eebu ho\u1eb7c th\u1ecbt g\u00e0), h\u1ea3i s\u1ea3n, rau v\u00e0 m\u00ec r\u1ed3i n\u1ea5u trong n\u01b0\u1edbc d\u00f9ng t\u1ea1i b\u00e0n. Sau khi c\u00e1c nguy\u00ean li\u1ec7u \u0111\u01b0\u1ee3c n\u1ea5u ch\u00edn, ch\u00fang th\u01b0\u1eddng \u0111\u01b0\u1ee3c ph\u1ee5c v\u1ee5 v\u1edbi n\u01b0\u1edbc ch\u1ea5m v\u00e0 gia v\u1ecb, ch\u1eb3ng h\u1ea1n nh\u01b0 n\u01b0\u1edbc t\u01b0\u01a1ng, gi\u1ea5m v\u00e0 d\u1ea7u \u1edbt, \u0111\u1ec3 t\u0103ng th\u00eam h\u01b0\u01a1ng v\u1ecb cho b\u1eefa \u0103n. Kh\u1ed1i x\u00e2y d\u1ef1ng l\u1ea9u h\u01b0\u01a1ng v\u1ecb T\u1ee9 Xuy\u00ean Shiwan c\u00f3 4344 kh\u1ed1i x\u00e2y d\u1ef1ng kh\u00e1c nhau cho ph\u00e9p b\u1ea1n t\u1ea1o ra nhi\u1ec1u m\u00f3n \u0103n n\u1ea5u \u0103n kh\u00e1c nhau. B\u1ea5t k\u1ec3 s\u1edf th\u00edch c\u1ee7a b\u1ea1n l\u00e0 g\u00ec, b\u1ed9 s\u1ea3n ph\u1ea9m tuy\u1ec7t v\u1eddi n\u00e0y \u0111\u1ec1u c\u00f3 th\u1ee9 d\u00e0nh cho t\u1ea5t c\u1ea3 m\u1ecdi ng\u01b0\u1eddi.<\/p><\/div>","protected":false},"excerpt":{"rendered":"<p>Th\u01b0\u01a1ng hi\u1ec7u: LOZ<br \/>\nGi\u1edbi t\u00ednh: Unisex<br \/>\n\u0110\u1ed9 tu\u1ed5i: &gt; 6 tu\u1ed5i<br \/>\nS\u1ed1 m\u00f4 h\u00ecnh: 1072<br \/>\nPh\u00e2n lo\u1ea1i: T\u1eadp h\u1ee3p<br \/>\nH\u00ecnh d\u1ea1ng kh\u1ed1i nh\u1ef1a: G\u1ea1ch t\u1ef1 kh\u00f3a<br \/>\nCh\u1ea5t li\u1ec7u: Nh\u1ef1a<br \/>\nLo\u1ea1i nh\u1ef1a: ABS<br \/>\nKh\u1ed1i g\u1ea1ch: 4344 +<br \/>\nKh\u00f4ng c\u00f3 h\u1ed9p<\/p>","protected":false},"featured_media":41480,"comment_status":"open","ping_status":"closed","template":"","meta":{"_acf_changed":false},"product_cat":[1365,371],"product_tag":[11072,8452,5448,11272],"class_list":["product","first","instock","shipping-taxable","purchasable","product-type-simple"],"acf":[],"_links":{"self":[{"href":"https:\/\/mouldking.store\/vi\/wp-json\/wp\/v2\/product\/41486","targetHints":{"allow":["GET"]}}],"collection":[{"href":"https:\/\/mouldking.store\/vi\/wp-json\/wp\/v2\/product"}],"about":[{"href":"https:\/\/mouldking.store\/vi\/wp-json\/wp\/v2\/types\/product"}],"replies":[{"embeddable":true,"href":"https:\/\/mouldking.store\/vi\/wp-json\/wp\/v2\/comments?post=41486"}],"wp:featuredmedia":[{"embeddable":true,"href":"https:\/\/mouldking.store\/vi\/wp-json\/wp\/v2\/media\/41480"}],"wp:attachment":[{"href":"https:\/\/mouldking.store\/vi\/wp-json\/wp\/v2\/media?parent=41486"}],"wp:term":[{"taxonomy":"product_cat","embeddable":true,"href":"https:\/\/mouldking.store\/vi\/wp-json\/wp\/v2\/product_cat?post=41486"},{"taxonomy":"product_tag","embeddable":true,"href":"https:\/\/mouldking.store\/vi\/wp-json\/wp\/v2\/product_tag?post=41486"}],"curies":[{"name":"wp","href":"https:\/\/api.w.org\/{rel}","templated":true}]}}