{"id":41495,"date":"2023-02-13T10:16:51","date_gmt":"2023-02-13T03:16:51","guid":{"rendered":"https:\/\/mouldking.store\/shop\/cada-c51082-zonda-z-wind-with-258-pieces\/"},"modified":"2023-12-27T16:33:13","modified_gmt":"2023-12-27T09:33:13","slug":"cada-c51082-zonda-z-wind-with-258-pieces","status":"publish","type":"product","link":"https:\/\/mouldking.store\/vi\/shop\/cada-c51082-zonda-z-wind-with-258-pieces\/","title":{"rendered":"CaDa C51082 Zonda Z-Wind v\u1edbi 258 mi\u1ebfng"},"content":{"rendered":"<div>\u2705 CaDA C51082 Zonda Z-Wind<\/p>\n<p>\u2705Z-Wind l\u00e0 m\u1ed9t t\u1eadp h\u1ee3p c\u00e1c h\u1ea1t kh\u1ed1i x\u00e2y d\u1ef1ng cho lo\u1ea1t phim \u0111ua xe. C\u00e1c kh\u1ed1i ri\u00eang l\u1ebb c\u00f3 th\u1ec3 \u0111\u01b0\u1ee3c s\u1eed d\u1ee5ng \u0111\u1ec3 t\u1ea1o ra c\u00e1c m\u00f4 h\u00ecnh, \u00f4 t\u00f4 tuy\u1ec7t v\u1eddi v\u00e0 t\u1ea5t c\u1ea3 c\u00e1c lo\u1ea1i s\u00e1ng t\u1ea1o kh\u00e1c. B\u1eb1ng c\u00e1ch s\u1eed d\u1ee5ng nh\u1eefng th\u1ee9 n\u00e0y, b\u1ea1n c\u00f3 th\u1ec3 \u0111\u01b0a tr\u00ed t\u01b0\u1edfng t\u01b0\u1ee3ng c\u1ee7a m\u00ecnh v\u00e0o cu\u1ed9c s\u1ed1ng v\u00e0 bi\u1ebfn n\u00f3 th\u00e0nh hi\u1ec7n th\u1ef1c.<\/p>\n<p>\ud83d\udeab QUAN TR\u1eccNG!<\/p>\n<p>T\u00ean s\u1ea3n ph\u1ea9m: Zonda Z-Gi\u00f3<\/p>\n<p>Danh m\u1ee5c: K\u1ef9 thu\u1eadt<\/p>\n<p>B\u1ed9 n\u00e0y ch\u1ee9a: CaDA C51082<\/p>\n<p>258 vi\u00ean g\u1ea1ch ch\u1ea5t l\u01b0\u1ee3ng t\u1ed1t<\/p>\n<p>K\u00edch th\u01b0\u1edbc: 19.8\u00d78.9\u00d75.8cm<\/p>\n<p>H\u01b0\u1edbng d\u1eabn th\u1ee7 c\u00f4ng<\/p>\n<p>\ud83d\udcccB\u1ea3n ch\u1ea5t c\u1ee7a nh\u00e2n v\u1eadt ch\u00ednh<\/p>\n<p>Xin gi\u1edbi thi\u1ec7u b\u1ed9 s\u01b0u t\u1eadp \u0111\u00e1ng t\u1ef1 h\u00e0o c\u1ee7a ch\u00fang t\u00f4i mang t\u00ean \u201cZonda Z-Wind\u201d m\u00e0 b\u1ea1n kh\u00f4ng n\u00ean b\u1ecf l\u1ee1.<\/p>\n<p>Zonda Z-Wind l\u00e0 m\u1ed9t b\u1ed9 kh\u1ed1i x\u00e2y d\u1ef1ng theo ch\u1ee7 \u0111\u1ec1 \u0111ua xe bao g\u1ed3m 258 m\u1ea3nh gh\u00e9p kh\u1ed1i x\u00e2y d\u1ef1ng. N\u00f3 \u0111\u01b0\u1ee3c ph\u00e1t h\u00e0nh l\u1ea7n \u0111\u1ea7u ti\u00ean v\u00e0o n\u0103m 2023.<\/p><\/div>","protected":false},"excerpt":{"rendered":"<p>Th\u01b0\u01a1ng hi\u1ec7u: CaDa<br \/>\nGi\u1edbi t\u00ednh: Unisex<br \/>\n\u0110\u1ed9 tu\u1ed5i: &gt; 6 tu\u1ed5i<br \/>\nS\u1ed1 m\u00f4 h\u00ecnh: C51082<br \/>\nPh\u00e2n lo\u1ea1i: T\u1eadp h\u1ee3p<br \/>\nH\u00ecnh d\u1ea1ng kh\u1ed1i nh\u1ef1a: G\u1ea1ch t\u1ef1 kh\u00f3a<br \/>\nCh\u1ea5t li\u1ec7u: Nh\u1ef1a<br \/>\nLo\u1ea1i nh\u1ef1a: ABS<br \/>\nKh\u1ed1i g\u1ea1ch: 258 +<br \/>\nKh\u00f4ng c\u00f3 h\u1ed9p<br \/>\nb\u00e1n tr\u01b0\u1edbc<\/p>","protected":false},"featured_media":41493,"comment_status":"open","ping_status":"closed","template":"","meta":{"_acf_changed":false},"product_cat":[1360,1357,364],"product_tag":[457,389,11080,11274,6304],"class_list":["product","first","instock","shipping-taxable","purchasable","product-type-simple"],"acf":[],"_links":{"self":[{"href":"https:\/\/mouldking.store\/vi\/wp-json\/wp\/v2\/product\/41495","targetHints":{"allow":["GET"]}}],"collection":[{"href":"https:\/\/mouldking.store\/vi\/wp-json\/wp\/v2\/product"}],"about":[{"href":"https:\/\/mouldking.store\/vi\/wp-json\/wp\/v2\/types\/product"}],"replies":[{"embeddable":true,"href":"https:\/\/mouldking.store\/vi\/wp-json\/wp\/v2\/comments?post=41495"}],"wp:featuredmedia":[{"embeddable":true,"href":"https:\/\/mouldking.store\/vi\/wp-json\/wp\/v2\/media\/41493"}],"wp:attachment":[{"href":"https:\/\/mouldking.store\/vi\/wp-json\/wp\/v2\/media?parent=41495"}],"wp:term":[{"taxonomy":"product_cat","embeddable":true,"href":"https:\/\/mouldking.store\/vi\/wp-json\/wp\/v2\/product_cat?post=41495"},{"taxonomy":"product_tag","embeddable":true,"href":"https:\/\/mouldking.store\/vi\/wp-json\/wp\/v2\/product_tag?post=41495"}],"curies":[{"name":"wp","href":"https:\/\/api.w.org\/{rel}","templated":true}]}}