{"id":41499,"date":"2023-02-13T10:37:24","date_gmt":"2023-02-13T03:37:24","guid":{"rendered":"https:\/\/mouldking.store\/shop\/cada-c61503-mercedes-benz-amg-one-with-3290-pieces\/"},"modified":"2024-01-16T15:46:19","modified_gmt":"2024-01-16T08:46:19","slug":"cada-c61503-mercedes-benz-amg-one-with-3290-pieces","status":"publish","type":"product","link":"https:\/\/mouldking.store\/vi\/shop\/cada-c61503-mercedes-benz-amg-one-with-3290-pieces\/","title":{"rendered":"CaDa C61503 Mercedes-Benz AMG ONE v\u1edbi 3290 C\u00e1i"},"content":{"rendered":"<div>\u2705 CaDA C61503 Mercedes-Benz AMG ONE<\/p>\n<p>\u2705Mercedes-Benz AMG ONE l\u00e0 phi\u00ean b\u1ea3n si\u00eau xe gi\u1edbi h\u1ea1n \u0111\u01b0\u1ee3c s\u1ea3n xu\u1ea5t b\u1edfi Mercedes-AMG, b\u1ed9 ph\u1eadn hi\u1ec7u su\u1ea5t cao c\u1ee7a Mercedes-Benz. N\u00f3 \u0111\u01b0\u1ee3c gi\u1edbi thi\u1ec7u l\u1ea7n \u0111\u1ea7u ti\u00ean v\u00e0o n\u0103m 2018 v\u00e0 \u0111\u01b0\u1ee3c trang b\u1ecb h\u1ec7 truy\u1ec1n \u0111\u1ed9ng hybrid k\u1ebft h\u1ee3p \u0111\u1ed9ng c\u01a1 \u0111\u1ed1t trong t\u0103ng \u00e1p v\u1edbi b\u1ed1n \u0111\u1ed9ng c\u01a1 \u0111i\u1ec7n, t\u1ea1o ra t\u1ed5ng c\u00f4ng su\u1ea5t h\u01a1n 1.000 m\u00e3 l\u1ef1c.<\/p>\n<p>\ud83d\udeab QUAN TR\u1eccNG!<\/p>\n<p>T\u00ean s\u1ea3n ph\u1ea9m: Mercedes-Benz AMG M\u1ed8T<\/p>\n<p>Danh m\u1ee5c: K\u1ef9 thu\u1eadt<\/p>\n<p>B\u1ed9 n\u00e0y ch\u1ee9a: CaDA C61503<\/p>\n<p>3290 vi\u00ean g\u1ea1ch ch\u1ea5t l\u01b0\u1ee3ng t\u1ed1t<\/p>\n<p>H\u01b0\u1edbng d\u1eabn th\u1ee7 c\u00f4ng<\/p>\n<p>\ud83d\udcccB\u1ea3n ch\u1ea5t c\u1ee7a nh\u00e2n v\u1eadt ch\u00ednh<\/p>\n<p>Xin gi\u1edbi thi\u1ec7u b\u1ed9 s\u01b0u t\u1eadp \u0111\u00e1ng t\u1ef1 h\u00e0o c\u1ee7a ch\u00fang t\u00f4i mang t\u00ean \u201cMercedes-Benz AMG ONE\u201d m\u00e0 b\u1ea1n kh\u00f4ng n\u00ean b\u1ecf l\u1ee1.<\/p>\n<p>Mercedes-Benz \u0111\u00e3 t\u1ea1o ra m\u1ed9t m\u00f3n \u0111\u1ed3 ch\u01a1i ho\u00e0n to\u00e0n m\u1edbi cho b\u1ea5t k\u1ef3 ng\u01b0\u1eddi y\u00eau xe n\u00e0o, v\u1edbi chi\u1ebfc Mercedes-AMG ONE. B\u1ed9 n\u00e0y ch\u1ee9a 3290 h\u1ea1t kh\u1ed1i x\u00e2y d\u1ef1ng v\u00e0 c\u00f3 th\u1ec3 \u0111\u01b0\u1ee3c mua trong m\u1edd ho\u1eb7c \u0111en. Phi\u00ean b\u1ea3n \u0111\u1ea7u ti\u00ean c\u1ee7a Mercedes-AMG ONE s\u1ebd ra m\u1eaft v\u00e0o n\u0103m 2023. AMG ONE \u0111\u01b0\u1ee3c thi\u1ebft k\u1ebf \u0111\u1ec3 t\u1eadp trung l\u00e1i xe tr\u00ean \u0111\u01b0\u1eddng \u0111ua, v\u1edbi t\u00ednh kh\u00ed \u0111\u1ed9ng h\u1ecdc ti\u00ean ti\u1ebfn v\u00e0 k\u1ebft c\u1ea5u nh\u1eb9 \u0111\u1ec3 mang l\u1ea1i hi\u1ec7u su\u1ea5t cao v\u00e0 s\u1ef1 linh ho\u1ea1t. Chi\u1ebfc xe \u0111\u01b0\u1ee3c trang b\u1ecb c\u00e1c t\u00ednh n\u0103ng c\u00f4ng ngh\u1ec7 ti\u00ean ti\u1ebfn nh\u01b0 h\u1ec7 th\u1ed1ng treo ti\u00ean ti\u1ebfn v\u00e0 h\u1ec7 th\u1ed1ng ki\u1ec3m so\u00e1t \u1ed5n \u0111\u1ecbnh ti\u00ean ti\u1ebfn, c\u00f9ng v\u1edbi c\u00e1c t\u00ednh n\u0103ng nh\u01b0 th\u00e2n xe li\u1ec1n kh\u1ed1i b\u1eb1ng s\u1ee3i carbon, h\u1ec7 th\u1ed1ng treo thanh \u0111\u1ea9y v\u00e0 kh\u00ed \u0111\u1ed9ng h\u1ecdc ch\u1ee7 \u0111\u1ed9ng. V\u1edbi k\u1ebf ho\u1ea1ch s\u1ea3n xu\u1ea5t ch\u1ec9 275 chi\u1ebfc, Mercedes-Benz AMG ONE l\u00e0 m\u1ed9t chi\u1ebfc xe r\u1ea5t \u0111\u1ed9c quy\u1ec1n v\u00e0 \u0111\u01b0\u1ee3c s\u0103n \u0111\u00f3n.<\/p><\/div>","protected":false},"excerpt":{"rendered":"<p>Th\u01b0\u01a1ng hi\u1ec7u: CaDa<br \/>\nGi\u1edbi t\u00ednh: Unisex<br \/>\n\u0110\u1ed9 tu\u1ed5i: &gt; 14 tu\u1ed5i<br \/>\nS\u1ed1 m\u00f4 h\u00ecnh: C61503<br \/>\nPh\u00e2n lo\u1ea1i: T\u1eadp h\u1ee3p<br \/>\nH\u00ecnh d\u1ea1ng kh\u1ed1i nh\u1ef1a: G\u1ea1ch t\u1ef1 kh\u00f3a<br \/>\nCh\u1ea5t li\u1ec7u: Nh\u1ef1a<br \/>\nLo\u1ea1i nh\u1ef1a: ABS<br \/>\nKh\u1ed1i g\u1ea1ch: 3290 +<br \/>\nIts production materials are very special. The tires and wheels are customized by Michelin, and authorization from Mercedes<\/p>","protected":false},"featured_media":41496,"comment_status":"open","ping_status":"closed","template":"","meta":{"_acf_changed":false},"product_cat":[1360,1357,364],"product_tag":[1456,457,4983,11275,1413,389,11080],"class_list":["product","first","outofstock","shipping-taxable","purchasable","product-type-simple"],"acf":[],"_links":{"self":[{"href":"https:\/\/mouldking.store\/vi\/wp-json\/wp\/v2\/product\/41499","targetHints":{"allow":["GET"]}}],"collection":[{"href":"https:\/\/mouldking.store\/vi\/wp-json\/wp\/v2\/product"}],"about":[{"href":"https:\/\/mouldking.store\/vi\/wp-json\/wp\/v2\/types\/product"}],"replies":[{"embeddable":true,"href":"https:\/\/mouldking.store\/vi\/wp-json\/wp\/v2\/comments?post=41499"}],"wp:featuredmedia":[{"embeddable":true,"href":"https:\/\/mouldking.store\/vi\/wp-json\/wp\/v2\/media\/41496"}],"wp:attachment":[{"href":"https:\/\/mouldking.store\/vi\/wp-json\/wp\/v2\/media?parent=41499"}],"wp:term":[{"taxonomy":"product_cat","embeddable":true,"href":"https:\/\/mouldking.store\/vi\/wp-json\/wp\/v2\/product_cat?post=41499"},{"taxonomy":"product_tag","embeddable":true,"href":"https:\/\/mouldking.store\/vi\/wp-json\/wp\/v2\/product_tag?post=41499"}],"curies":[{"name":"wp","href":"https:\/\/api.w.org\/{rel}","templated":true}]}}