{"id":41547,"date":"2023-02-15T10:33:12","date_gmt":"2023-02-15T03:33:12","guid":{"rendered":"https:\/\/mouldking.store\/shop\/moc-factory-89481-goose-goose-duck-werewolf-with-202-pieces\/"},"modified":"2025-12-16T22:25:18","modified_gmt":"2025-12-16T15:25:18","slug":"moc-factory-89481-goose-goose-duck-werewolf-with-202-pieces","status":"publish","type":"product","link":"https:\/\/mouldking.store\/vi\/shop\/moc-factory-89481-goose-goose-duck-werewolf-with-202-pieces\/","title":{"rendered":"MOC Factory 89481 Ng\u1ed7ng Ng\u1ed7ng V\u1ecbt V\u1ecbt Ma S\u00f3i 202 M\u1ea3nh Gh\u00e9p"},"content":{"rendered":"<div>\u2705 MOC-89481 Ng\u1ed7ng Ng\u1ed7ng V\u1ecbt Ng\u01b0\u1eddi s\u00f3i<\/p>\n<p>\u2705\u201dGoose Goose Duck\u201d l\u00e0 m\u1ed9t tr\u00f2 ch\u01a1i \u0111i\u1ec7n t\u1eed tr\u1ef1c tuy\u1ebfn nhi\u1ec1u ng\u01b0\u1eddi ch\u01a1i th\u01b0\u1eddng \u0111\u01b0\u1ee3c so s\u00e1nh v\u1edbi tr\u00f2 ch\u01a1i n\u1ed5i ti\u1ebfng \u201cAmong Us\u201d. Ng\u01b0\u1eddi ch\u01a1i \u0111\u1ea3m nh\u1eadn vai tr\u00f2 c\u1ee7a c\u00e1c th\u00e0nh vi\u00ean phi h\u00e0nh \u0111o\u00e0n tr\u00ean m\u1ed9t con t\u00e0u v\u0169 tr\u1ee5 v\u00e0 ph\u1ea3i ho\u00e0n th\u00e0nh c\u00e1c nhi\u1ec7m v\u1ee5 kh\u00e1c nhau \u0111\u1ed3ng th\u1eddi x\u00e1c \u0111\u1ecbnh v\u00e0 lo\u1ea1i b\u1ecf b\u1ea5t k\u1ef3 k\u1ebb m\u1ea1o danh n\u00e0o tr\u00ean t\u00e0u.<\/p>\n<p>\ud83d\udeab QUAN TR\u1eccNG!<\/p>\n<p>T\u00ean s\u1ea3n ph\u1ea9m: Ng\u1ed7ng Ng\u1ed7ng V\u1ecbt Ng\u01b0\u1eddi S\u00f3i<\/p>\n<p>Th\u1ec3 lo\u1ea1i: Ng\u01b0\u1eddi s\u00e1ng t\u1ea1o<\/p>\n<p>B\u1ed9 c\u00f4ng c\u1ee5 n\u00e0y ch\u1ee9a: MOC-89481<\/p>\n<p>202 vi\u00ean g\u1ea1ch ch\u1ea5t l\u01b0\u1ee3ng t\u1ed1t<\/p>\n<p>K\u00edch th\u01b0\u1edbc: 4 x 3,7 x 5,9cm<\/p>\n<p>C\u00e2n n\u1eb7ng: 0,07kg<\/p>\n<p>H\u01b0\u1edbng d\u1eabn PDF<\/p>\n<p>\ud83d\udcccB\u1ea3n ch\u1ea5t c\u1ee7a nh\u00e2n v\u1eadt ch\u00ednh<\/p>\n<p>Xin gi\u1edbi thi\u1ec7u b\u1ed9 s\u01b0u t\u1eadp \u0111\u00e1ng t\u1ef1 h\u00e0o c\u1ee7a ch\u00fang t\u00f4i mang t\u00ean \u201cNg\u01b0\u1eddi s\u00f3i V\u1ecbt Ng\u1ed7ng Ng\u1ed7ng\u201d m\u00e0 b\u1ea1n kh\u00f4ng n\u00ean b\u1ecf l\u1ee1.<\/p>\n<p>Ma s\u00f3i l\u00e0 m\u1ed9t lo\u1ea1i \u201ck\u1ebb m\u1ea1o danh\u201d c\u00f3 kh\u1ea3 n\u0103ng bi\u1ebfn th\u00e0nh m\u1ed9t d\u1ea1ng m\u1ea1nh h\u01a1n v\u00e0 lo\u1ea1i b\u1ecf nh\u1eefng ng\u01b0\u1eddi ch\u01a1i kh\u00e1c, trong khi nh\u1eefng ng\u01b0\u1eddi ch\u01a1i kh\u00e1c ph\u1ea3i h\u1ee3p t\u00e1c v\u1edbi nhau \u0111\u1ec3 x\u00e1c \u0111\u1ecbnh v\u00e0 lo\u1ea1i b\u1ecf Ma s\u00f3i. C\u00e1ch ch\u01a1i c\u1ee7a Goose Goose Duck li\u00ean quan \u0111\u1ebfn vi\u1ec7c ng\u01b0\u1eddi ch\u01a1i di chuy\u1ec3n xung quanh t\u00e0u v\u0169 tr\u1ee5 v\u00e0 th\u1ef1c hi\u1ec7n c\u00e1c nhi\u1ec7m v\u1ee5, c\u00f3 th\u1ec3 bao g\u1ed3m s\u1eeda ch\u1eefa thi\u1ebft b\u1ecb, chuy\u1ec3n h\u01b0\u1edbng n\u0103ng l\u01b0\u1ee3ng ho\u1eb7c d\u1ecdn d\u1eb9p. Tuy nhi\u00ean, c\u00f3 m\u1ed9t ho\u1eb7c nhi\u1ec1u k\u1ebb m\u1ea1o danh trong nh\u00f3m \u0111ang c\u1ed1 g\u1eafng ph\u00e1 ho\u1ea1i nhi\u1ec7m v\u1ee5 v\u00e0 lo\u1ea1i b\u1ecf nh\u1eefng ng\u01b0\u1eddi ch\u01a1i kh\u00e1c. Nh\u1eefng k\u1ebb m\u1ea1o danh c\u00f3 th\u1ec3 di chuy\u1ec3n xung quanh con t\u00e0u m\u00e0 kh\u00f4ng b\u1ecb ph\u00e1t hi\u1ec7n, nh\u01b0ng ch\u00fang ph\u1ea3i c\u1ea9n th\u1eadn \u0111\u1ec3 kh\u00f4ng g\u00e2y nghi ng\u1edd b\u1eb1ng c\u00e1ch h\u00e0nh \u0111\u1ed9ng \u0111\u00e1ng ng\u1edd ho\u1eb7c b\u1ecb nh\u00ecn th\u1ea5y \u1edf nh\u1eefng n\u01a1i ch\u00fang kh\u00f4ng n\u00ean \u0111\u1ebfn.<\/p><\/div>","protected":false},"excerpt":{"rendered":"<p>Th\u01b0\u01a1ng hi\u1ec7u: Nh\u00e0 m\u00e1y M\u1ed8C<br \/>\nGi\u1edbi t\u00ednh: Unisex<br \/>\n\u0110\u1ed9 tu\u1ed5i: &gt; 6 tu\u1ed5i<br \/>\nS\u1ed1 m\u00f4 h\u00ecnh: 89481<br \/>\nPh\u00e2n lo\u1ea1i: T\u1eadp h\u1ee3p<br \/>\nH\u00ecnh d\u1ea1ng kh\u1ed1i nh\u1ef1a: G\u1ea1ch t\u1ef1 kh\u00f3a<br \/>\nCh\u1ea5t li\u1ec7u: Nh\u1ef1a<br \/>\nLo\u1ea1i nh\u1ef1a: ABS<br \/>\nKh\u1ed1i g\u1ea1ch: 202 +<br \/>\nKh\u00f4ng c\u00f3 h\u1ed9p<\/p>","protected":false},"featured_media":41541,"comment_status":"open","ping_status":"closed","template":"","meta":{"_acf_changed":false},"product_cat":[1365,371,581,1408],"product_tag":[11072,8452,11282,9139,11281,434,11283],"class_list":["product","first","instock","shipping-taxable","purchasable","product-type-simple"],"acf":[],"_links":{"self":[{"href":"https:\/\/mouldking.store\/vi\/wp-json\/wp\/v2\/product\/41547","targetHints":{"allow":["GET"]}}],"collection":[{"href":"https:\/\/mouldking.store\/vi\/wp-json\/wp\/v2\/product"}],"about":[{"href":"https:\/\/mouldking.store\/vi\/wp-json\/wp\/v2\/types\/product"}],"replies":[{"embeddable":true,"href":"https:\/\/mouldking.store\/vi\/wp-json\/wp\/v2\/comments?post=41547"}],"wp:featuredmedia":[{"embeddable":true,"href":"https:\/\/mouldking.store\/vi\/wp-json\/wp\/v2\/media\/41541"}],"wp:attachment":[{"href":"https:\/\/mouldking.store\/vi\/wp-json\/wp\/v2\/media?parent=41547"}],"wp:term":[{"taxonomy":"product_cat","embeddable":true,"href":"https:\/\/mouldking.store\/vi\/wp-json\/wp\/v2\/product_cat?post=41547"},{"taxonomy":"product_tag","embeddable":true,"href":"https:\/\/mouldking.store\/vi\/wp-json\/wp\/v2\/product_tag?post=41547"}],"curies":[{"name":"wp","href":"https:\/\/api.w.org\/{rel}","templated":true}]}}