{"id":41641,"date":"2023-02-15T12:05:39","date_gmt":"2023-02-15T05:05:39","guid":{"rendered":"https:\/\/mouldking.store\/shop\/moc-factory-89477-bendy-boris-the-wolf-with-535-pieces\/"},"modified":"2025-12-16T22:25:18","modified_gmt":"2025-12-16T15:25:18","slug":"moc-factory-89477-bendy-boris-the-wolf-with-535-pieces","status":"publish","type":"product","link":"https:\/\/mouldking.store\/vi\/shop\/moc-factory-89477-bendy-boris-the-wolf-with-535-pieces\/","title":{"rendered":"MOC Factory 89477 Bendy Boris the Wolf with 535 Pieces"},"content":{"rendered":"<div>\u2705 MOC-89477 Bendy Boris the Wolf<\/p>\n<p>\u2705Bendy Boris the Wolf l\u00e0 m\u1ed9t nh\u00e2n v\u1eadt trong tr\u00f2 ch\u01a1i \u0111i\u1ec7n t\u1eed \u201cBendy and the Ink Machine.\u201d Anh ta l\u00e0 m\u1ed9t con s\u00f3i ho\u1ea1t h\u00ecnh l\u00e0m ph\u1ee5 t\u00e1 cho nh\u00e2n v\u1eadt ch\u00ednh c\u1ee7a tr\u00f2 ch\u01a1i, Bendy. Boris \u0111\u01b0\u1ee3c mi\u00eau t\u1ea3 l\u00e0 m\u1ed9t nh\u00e2n v\u1eadt th\u00e2n thi\u1ec7n, trung th\u00e0nh v\u1edbi t\u00ednh c\u00e1ch vui t\u01b0\u01a1i v\u00e0 th\u01b0\u1eddng gi\u00fap nh\u00e2n v\u1eadt ng\u01b0\u1eddi ch\u01a1i \u0111i\u1ec1u h\u01b0\u1edbng qua c\u00e1c c\u1ea5p \u0111\u1ed9 kh\u00e1c nhau c\u1ee7a tr\u00f2 ch\u01a1i.<\/p>\n<p>\ud83d\udeab QUAN TR\u1eccNG!<\/p>\n<p>T\u00ean s\u1ea3n ph\u1ea9m: Bendy Boris the Wolf<\/p>\n<p>Th\u1ec3 lo\u1ea1i: Ng\u01b0\u1eddi s\u00e1ng t\u1ea1o<\/p>\n<p>B\u1ed9 c\u00f4ng c\u1ee5 n\u00e0y ch\u1ee9a: MOC-89477<\/p>\n<p>535 vi\u00ean g\u1ea1ch ch\u1ea5t l\u01b0\u1ee3ng t\u1ed1t<\/p>\n<p>K\u00edch th\u01b0\u1edbc: 20,2 x 12 x 34,3 cm<\/p>\n<p>C\u00e2n n\u1eb7ng: 0,36kg<\/p>\n<p>H\u01b0\u1edbng d\u1eabn PDF<\/p>\n<p>\ud83d\udcccB\u1ea3n ch\u1ea5t c\u1ee7a nh\u00e2n v\u1eadt ch\u00ednh<\/p>\n<p>Xin gi\u1edbi thi\u1ec7u b\u1ed9 s\u01b0u t\u1eadp \u0111\u00e1ng t\u1ef1 h\u00e0o c\u1ee7a ch\u00fang t\u00f4i c\u00f3 t\u00ean \u201cBendy Boris the Wolf\u201d m\u00e0 b\u1ea1n kh\u00f4ng n\u00ean b\u1ecf l\u1ee1.<\/p>\n<p>Trong game, nh\u00e2n v\u1eadt Bendy Boris th\u01b0\u1eddng \u0111\u01b0\u1ee3c mi\u00eau t\u1ea3 l\u00e0 n\u1ea1n nh\u00e2n c\u1ee7a Ink Machine \u0111\u1ed9c \u00e1c, th\u1ee9 \u0111\u00e3 bi\u1ebfn nhi\u1ec1u nh\u00e2n v\u1eadt kh\u00e1c trong game th\u00e0nh nh\u1eefng sinh v\u1eadt \u00e1c m\u1ed9ng. M\u1eb7c d\u00f9 v\u1eady, anh \u1ea5y v\u1eabn ki\u00ean \u0111\u1ecbnh v\u1edbi l\u00f2ng trung th\u00e0nh c\u1ee7a m\u00ecnh v\u1edbi nh\u00e2n v\u1eadt ng\u01b0\u1eddi ch\u01a1i v\u00e0 l\u00e0 nh\u00e2n v\u1eadt \u0111\u01b0\u1ee3c nhi\u1ec1u ng\u01b0\u1eddi h\u00e2m m\u1ed9 tr\u00f2 ch\u01a1i y\u00eau m\u1ebfn.<\/p><\/div>","protected":false},"excerpt":{"rendered":"<p>Th\u01b0\u01a1ng hi\u1ec7u: Nh\u00e0 m\u00e1y M\u1ed8C<br \/>\nGi\u1edbi t\u00ednh: Unisex<br \/>\n\u0110\u1ed9 tu\u1ed5i: &gt; 8 tu\u1ed5i<br \/>\nS\u1ed1 m\u00f4 h\u00ecnh: 89477<br \/>\nPh\u00e2n lo\u1ea1i: T\u1eadp h\u1ee3p<br \/>\nH\u00ecnh d\u1ea1ng kh\u1ed1i nh\u1ef1a: G\u1ea1ch t\u1ef1 kh\u00f3a<br \/>\nCh\u1ea5t li\u1ec7u: Nh\u1ef1a<br \/>\nLo\u1ea1i nh\u1ef1a: ABS<br \/>\nKh\u1ed1i g\u1ea1ch: 535 +<br \/>\nKh\u00f4ng c\u00f3 h\u1ed9p<\/p>","protected":false},"featured_media":41633,"comment_status":"open","ping_status":"closed","template":"","meta":{"_acf_changed":false},"product_cat":[1365,371],"product_tag":[11300,11072,8452,9139,10010],"class_list":["product","first","instock","shipping-taxable","purchasable","product-type-simple"],"acf":[],"_links":{"self":[{"href":"https:\/\/mouldking.store\/vi\/wp-json\/wp\/v2\/product\/41641","targetHints":{"allow":["GET"]}}],"collection":[{"href":"https:\/\/mouldking.store\/vi\/wp-json\/wp\/v2\/product"}],"about":[{"href":"https:\/\/mouldking.store\/vi\/wp-json\/wp\/v2\/types\/product"}],"replies":[{"embeddable":true,"href":"https:\/\/mouldking.store\/vi\/wp-json\/wp\/v2\/comments?post=41641"}],"wp:featuredmedia":[{"embeddable":true,"href":"https:\/\/mouldking.store\/vi\/wp-json\/wp\/v2\/media\/41633"}],"wp:attachment":[{"href":"https:\/\/mouldking.store\/vi\/wp-json\/wp\/v2\/media?parent=41641"}],"wp:term":[{"taxonomy":"product_cat","embeddable":true,"href":"https:\/\/mouldking.store\/vi\/wp-json\/wp\/v2\/product_cat?post=41641"},{"taxonomy":"product_tag","embeddable":true,"href":"https:\/\/mouldking.store\/vi\/wp-json\/wp\/v2\/product_tag?post=41641"}],"curies":[{"name":"wp","href":"https:\/\/api.w.org\/{rel}","templated":true}]}}