{"id":41667,"date":"2023-02-15T12:33:24","date_gmt":"2023-02-15T05:33:24","guid":{"rendered":"https:\/\/mouldking.store\/shop\/moc-factory-89474-stranger-things-eddie-munsons-campervan-with-1059-pieces\/"},"modified":"2025-12-16T22:25:17","modified_gmt":"2025-12-16T15:25:17","slug":"moc-factory-89474-stranger-things-eddie-munsons-campervan-with-1059-pieces","status":"publish","type":"product","link":"https:\/\/mouldking.store\/vi\/shop\/moc-factory-89474-stranger-things-eddie-munsons-campervan-with-1059-pieces\/","title":{"rendered":"MOC Factory 89474 Stranger Things Xe Campervan c\u1ee7a Eddie Munson v\u1edbi 1059 m\u1ea3nh gh\u00e9p"},"content":{"rendered":"<div>\u2705 MOC-89474 Stranger Things Eddie Munson&#039;s Campervan<\/p>\n<p>\u2705Eddie Munson&#039;s Campervan l\u00e0 ph\u01b0\u01a1ng ti\u1ec7n xu\u1ea5t hi\u1ec7n trong m\u00f9a th\u1ee9 ba c\u1ee7a lo\u1ea1t phim n\u1ed5i ti\u1ebfng Netflix \u201cStranger Things\u201d. N\u00f3 \u0111\u01b0\u1ee3c \u0111i\u1ec1u khi\u1ec3n b\u1edfi nh\u00e2n v\u1eadt Eddie Munson, m\u1ed9t nh\u00e2n vi\u00ean c\u1ee9u h\u1ed9 t\u1ea1i h\u1ed3 b\u01a1i c\u1ed9ng \u0111\u1ed3ng Hawkins.<\/p>\n<p>\ud83d\udeab QUAN TR\u1eccNG!<\/p>\n<p>T\u00ean s\u1ea3n ph\u1ea9m: Nh\u1eefng \u0111i\u1ec1u k\u1ef3 l\u1ea1 Campervan c\u1ee7a Eddie Munson<\/p>\n<p>Th\u1ec3 lo\u1ea1i: Ng\u01b0\u1eddi s\u00e1ng t\u1ea1o<\/p>\n<p>B\u1ed9 c\u00f4ng c\u1ee5 n\u00e0y ch\u1ee9a: MOC-89474<\/p>\n<p>1059 vi\u00ean g\u1ea1ch ch\u1ea5t l\u01b0\u1ee3ng t\u1ed1t<\/p>\n<p>K\u00edch th\u01b0\u1edbc: 30 x 18,7 x 18,9cm<\/p>\n<p>K\u00edch th\u01b0\u1edbc: 37\u00d717\u00d745,5cm<\/p>\n<p>C\u00e2n n\u1eb7ng: 1,2kg<\/p>\n<p>\ud83d\udcccB\u1ea3n ch\u1ea5t c\u1ee7a nh\u00e2n v\u1eadt ch\u00ednh<\/p>\n<p>Gi\u1edbi thi\u1ec7u b\u1ed9 s\u01b0u t\u1eadp \u0111\u00e1ng t\u1ef1 h\u00e0o c\u1ee7a ch\u00fang t\u00f4i mang t\u00ean \u201cStranger Things Eddie Munson&#039;s Campervan\u201d m\u00e0 b\u1ea1n kh\u00f4ng n\u00ean b\u1ecf l\u1ee1.<\/p>\n<p>Xe t\u1ea3i \u0111\u00f3ng m\u1ed9t vai tr\u00f2 quan tr\u1ecdng trong m\u00f9a th\u1ee9 ba, v\u00ec n\u00f3 \u0111\u01b0\u1ee3c c\u00e1c nh\u00e2n v\u1eadt ch\u00ednh s\u1eed d\u1ee5ng l\u00e0m ph\u01b0\u01a1ng ti\u1ec7n di chuy\u1ec3n \u0111\u1ebfn c\u00e1c \u0111\u1ecba \u0111i\u1ec3m kh\u00e1c nhau xung quanh Hawkins, Indiana. N\u1ed9i th\u1ea5t c\u1ee7a campervan c\u0169ng \u0111\u01b0\u1ee3c th\u1ec3 hi\u1ec7n trong m\u1ed9t s\u1ed1 c\u1ea3nh, n\u1ed5i b\u1eadt v\u1edbi thi\u1ebft k\u1ebf \u1ea5m c\u00fang v\u00e0 ho\u00e0i c\u1ed5 l\u1ea5y c\u1ea3m h\u1ee9ng t\u1eeb nh\u1eefng n\u0103m 1970.<\/p><\/div>","protected":false},"excerpt":{"rendered":"<p>Th\u01b0\u01a1ng hi\u1ec7u: Nh\u00e0 m\u00e1y M\u1ed8C<br \/>\nGi\u1edbi t\u00ednh: Unisex<br \/>\n\u0110\u1ed9 tu\u1ed5i: &gt; 8 tu\u1ed5i<br \/>\nS\u1ed1 m\u00f4 h\u00ecnh: 89474<br \/>\nPh\u00e2n lo\u1ea1i: T\u1eadp h\u1ee3p<br \/>\nH\u00ecnh d\u1ea1ng kh\u1ed1i nh\u1ef1a: G\u1ea1ch t\u1ef1 kh\u00f3a<br \/>\nCh\u1ea5t li\u1ec7u: Nh\u1ef1a<br \/>\nLo\u1ea1i nh\u1ef1a: ABS<br \/>\nKh\u1ed1i g\u1ea1ch: 1059 +<br \/>\nKh\u00f4ng c\u00f3 h\u1ed9p<\/p>","protected":false},"featured_media":41658,"comment_status":"open","ping_status":"closed","template":"","meta":{"_acf_changed":false},"product_cat":[1365,371],"product_tag":[11072,8452,11302,11301,11303,5944],"class_list":["product","first","instock","shipping-taxable","purchasable","product-type-simple"],"acf":[],"_links":{"self":[{"href":"https:\/\/mouldking.store\/vi\/wp-json\/wp\/v2\/product\/41667","targetHints":{"allow":["GET"]}}],"collection":[{"href":"https:\/\/mouldking.store\/vi\/wp-json\/wp\/v2\/product"}],"about":[{"href":"https:\/\/mouldking.store\/vi\/wp-json\/wp\/v2\/types\/product"}],"replies":[{"embeddable":true,"href":"https:\/\/mouldking.store\/vi\/wp-json\/wp\/v2\/comments?post=41667"}],"wp:featuredmedia":[{"embeddable":true,"href":"https:\/\/mouldking.store\/vi\/wp-json\/wp\/v2\/media\/41658"}],"wp:attachment":[{"href":"https:\/\/mouldking.store\/vi\/wp-json\/wp\/v2\/media?parent=41667"}],"wp:term":[{"taxonomy":"product_cat","embeddable":true,"href":"https:\/\/mouldking.store\/vi\/wp-json\/wp\/v2\/product_cat?post=41667"},{"taxonomy":"product_tag","embeddable":true,"href":"https:\/\/mouldking.store\/vi\/wp-json\/wp\/v2\/product_tag?post=41667"}],"curies":[{"name":"wp","href":"https:\/\/api.w.org\/{rel}","templated":true}]}}