{"id":41717,"date":"2023-02-15T15:08:45","date_gmt":"2023-02-15T08:08:45","guid":{"rendered":"https:\/\/mouldking.store\/shop\/custom-6201-super-heros-iron-hero-mechanical-iron-man-with-1385-pieces\/"},"modified":"2023-02-15T15:08:45","modified_gmt":"2023-02-15T08:08:45","slug":"custom-6201-super-heros-iron-hero-mechanical-iron-man-with-1385-pieces","status":"publish","type":"product","link":"https:\/\/mouldking.store\/vi\/shop\/custom-6201-super-heros-iron-hero-mechanical-iron-man-with-1385-pieces\/","title":{"rendered":"T\u00f9y ch\u1ec9nh 6201 Super Heros Iron Hero Mechanical Iron Man v\u1edbi 1385 mi\u1ebfng"},"content":{"rendered":"<div>\u2705 Ng\u01b0\u1eddi s\u1eaft c\u01a1 kh\u00ed si\u00eau anh h\u00f9ng 6201 Super Heros t\u00f9y ch\u1ec9nh<\/p>\n<p>\u2705Iron Man l\u00e0 nh\u00e2n v\u1eadt m\u1eb7c m\u1ed9t b\u1ed9 \u00e1o gi\u00e1p c\u00f4ng ngh\u1ec7 cao gi\u00fap t\u0103ng c\u01b0\u1eddng s\u1ee9c m\u1ea1nh, t\u1ed1c \u0111\u1ed9 v\u00e0 \u0111\u1ed9 b\u1ec1n. B\u1ed9 \u0111\u1ed3 \u0111\u01b0\u1ee3c cung c\u1ea5p n\u0103ng l\u01b0\u1ee3ng b\u1edfi m\u1ed9t l\u00f2 ph\u1ea3n \u1ee9ng h\u1ed3 quang do Stark thi\u1ebft k\u1ebf, v\u00e0 n\u00f3 bao g\u1ed3m m\u1ed9t lo\u1ea1t v\u0169 kh\u00ed v\u00e0 c\u00f4ng c\u1ee5 cho ph\u00e9p Ng\u01b0\u1eddi S\u1eaft bay v\u00e0 chi\u1ebfn \u0111\u1ea5u v\u1edbi t\u1ed9i ph\u1ea1m.<\/p>\n<p>\ud83d\udeab QUAN TR\u1eccNG!<\/p>\n<p>T\u00ean s\u1ea3n ph\u1ea9m: Super Heros Iron Hero Mechanical Iron Man<\/p>\n<p>Th\u1ec3 lo\u1ea1i: Phim<\/p>\n<p>B\u1ed9 n\u00e0y ch\u1ee9a: Custom 6201<\/p>\n<p>1385 chi\u1ebfc G\u1ea1ch ch\u1ea5t l\u01b0\u1ee3ng t\u1ed1t<\/p>\n<p>K\u00edch th\u01b0\u1edbc: 24 x 11 x41 cm<\/p>\n<p>H\u01b0\u1edbng d\u1eabn th\u1ee7 c\u00f4ng<\/p>\n<p>\ud83d\udcccB\u1ea3n ch\u1ea5t c\u1ee7a nh\u00e2n v\u1eadt ch\u00ednh<\/p>\n<p>Xin gi\u1edbi thi\u1ec7u b\u1ed9 s\u01b0u t\u1eadp \u0111\u00e1ng t\u1ef1 h\u00e0o c\u1ee7a ch\u00fang t\u00f4i mang t\u00ean \u201cSuper Heros Iron Hero Mechanical Iron Man\u201d m\u00e0 b\u1ea1n kh\u00f4ng n\u00ean b\u1ecf l\u1ee1.<\/p>\n<p>Trong su\u1ed1t nhi\u1ec1u l\u1ea7n xu\u1ea5t hi\u1ec7n trong truy\u1ec7n tranh, phim \u1ea3nh v\u00e0 c\u00e1c ph\u01b0\u01a1ng ti\u1ec7n truy\u1ec1n th\u00f4ng kh\u00e1c, Ng\u01b0\u1eddi S\u1eaft \u0111\u00e3 ph\u1ea3i \u0111\u1ed1i m\u1eb7t v\u1edbi r\u1ea5t nhi\u1ec1u nh\u00e2n v\u1eadt ph\u1ea3n di\u1ec7n v\u00e0 th\u00e1ch th\u1ee9c, bao g\u1ed3m c\u1ea3 nh\u1eefng sinh v\u1eadt c\u00f3 si\u00eau n\u0103ng l\u1ef1c kh\u00e1c v\u00e0 c\u00e1c m\u1ed1i \u0111e d\u1ecda to\u00e0n c\u1ea7u \u0111\u1ed1i v\u1edbi nh\u00e2n lo\u1ea1i. Anh \u1ea5y \u0111\u01b0\u1ee3c bi\u1ebft \u0111\u1ebfn v\u1edbi s\u1ef1 nhanh tr\u00ed, \u0111\u1ea7u \u00f3c chi\u1ebfn l\u01b0\u1ee3c v\u00e0 c\u00e1c thi\u1ebft b\u1ecb c\u00f4ng ngh\u1ec7 cao c\u1ee7a m\u00ecnh, v\u00e0 anh \u1ea5y th\u01b0\u1eddng \u0111\u01b0\u1ee3c coi l\u00e0 m\u1ed9t trong nh\u1eefng nh\u00e2n v\u1eadt mang t\u00ednh bi\u1ec3u t\u01b0\u1ee3ng v\u00e0 \u0111\u01b0\u1ee3c y\u00eau th\u00edch nh\u1ea5t trong V\u0169 tr\u1ee5 Marvel.<\/p><\/div>","protected":false},"excerpt":{"rendered":"<p>Th\u01b0\u01a1ng hi\u1ec7u: T\u00f9y ch\u1ec9nh<br \/>\nGi\u1edbi t\u00ednh: Unisex<br \/>\n\u0110\u1ed9 tu\u1ed5i: &gt; 8 tu\u1ed5i<br \/>\nS\u1ed1 m\u00f4 h\u00ecnh: 6201<br \/>\nPh\u00e2n lo\u1ea1i: T\u1eadp h\u1ee3p<br \/>\nH\u00ecnh d\u1ea1ng kh\u1ed1i nh\u1ef1a: G\u1ea1ch t\u1ef1 kh\u00f3a<br \/>\nCh\u1ea5t li\u1ec7u: Nh\u1ef1a<br \/>\nLo\u1ea1i nh\u1ef1a: ABS<br \/>\nKh\u1ed1i g\u1ea1ch: 1385 +<br \/>\nKh\u00f4ng c\u00f3 h\u1ed9p<\/p>","protected":false},"featured_media":41714,"comment_status":"open","ping_status":"closed","template":"","meta":{"_acf_changed":false},"product_cat":[1365,581,1408],"product_tag":[8452,1856,434,2462],"class_list":["product","first","instock","shipping-taxable","purchasable","product-type-simple"],"acf":[],"_links":{"self":[{"href":"https:\/\/mouldking.store\/vi\/wp-json\/wp\/v2\/product\/41717","targetHints":{"allow":["GET"]}}],"collection":[{"href":"https:\/\/mouldking.store\/vi\/wp-json\/wp\/v2\/product"}],"about":[{"href":"https:\/\/mouldking.store\/vi\/wp-json\/wp\/v2\/types\/product"}],"replies":[{"embeddable":true,"href":"https:\/\/mouldking.store\/vi\/wp-json\/wp\/v2\/comments?post=41717"}],"wp:featuredmedia":[{"embeddable":true,"href":"https:\/\/mouldking.store\/vi\/wp-json\/wp\/v2\/media\/41714"}],"wp:attachment":[{"href":"https:\/\/mouldking.store\/vi\/wp-json\/wp\/v2\/media?parent=41717"}],"wp:term":[{"taxonomy":"product_cat","embeddable":true,"href":"https:\/\/mouldking.store\/vi\/wp-json\/wp\/v2\/product_cat?post=41717"},{"taxonomy":"product_tag","embeddable":true,"href":"https:\/\/mouldking.store\/vi\/wp-json\/wp\/v2\/product_tag?post=41717"}],"curies":[{"name":"wp","href":"https:\/\/api.w.org\/{rel}","templated":true}]}}