{"id":41723,"date":"2023-02-15T15:13:59","date_gmt":"2023-02-15T08:13:59","guid":{"rendered":"https:\/\/mouldking.store\/shop\/sembo-601075-cherry-blossom-season-cherry-tree-with-647-pieces\/"},"modified":"2023-02-15T15:13:59","modified_gmt":"2023-02-15T08:13:59","slug":"sembo-601075-cherry-blossom-season-cherry-tree-with-647-pieces","status":"publish","type":"product","link":"https:\/\/mouldking.store\/vi\/shop\/sembo-601075-cherry-blossom-season-cherry-tree-with-647-pieces\/","title":{"rendered":"C\u00e2y anh \u0111\u00e0o m\u00f9a hoa anh \u0111\u00e0o SEMBO 601075 v\u1edbi 647 m\u1ea3nh gh\u00e9p"},"content":{"rendered":"<div>\u2705 C\u00e2y anh \u0111\u00e0o m\u00f9a hoa anh \u0111\u00e0o SEMBO 601075<\/p>\n<p>\u2705C\u00e2y hoa anh \u0111\u00e0o l\u00e0 m\u1ed9t lo\u1ea1i c\u00e2y c\u00f3 hoa th\u01b0\u1eddng \u0111\u01b0\u1ee3c g\u1eafn li\u1ec1n v\u1edbi Nh\u1eadt B\u1ea3n, nh\u01b0ng c\u0169ng c\u00f3 th\u1ec3 \u0111\u01b0\u1ee3c t\u00ecm th\u1ea5y \u1edf nh\u1eefng n\u01a1i kh\u00e1c tr\u00ean th\u1ebf gi\u1edbi. C\u00e2y t\u1ea1o ra nh\u1eefng b\u00f4ng hoa m\u00e0u h\u1ed3ng ho\u1eb7c tr\u1eafng tuy\u1ec7t \u0111\u1eb9p n\u1edf v\u00e0o m\u00f9a xu\u00e2n, t\u1ea1o n\u00ean m\u1ed9t m\u00e0n tr\u00ecnh di\u1ec5n m\u00e0u s\u1eafc tuy\u1ec7t \u0111\u1eb9p.<\/p>\n<p>\ud83d\udeab QUAN TR\u1eccNG!<\/p>\n<p>T\u00ean s\u1ea3n ph\u1ea9m: C\u00e2y Anh \u0110\u00e0o M\u00f9a Hoa Anh \u0110\u00e0o<\/p>\n<p>Th\u1ec3 lo\u1ea1i: Ng\u01b0\u1eddi s\u00e1ng t\u1ea1o<\/p>\n<p>B\u1ed9 c\u00f4ng c\u1ee5 n\u00e0y ch\u1ee9a: SEMBO 601075<\/p>\n<p>647 chi\u1ebfc G\u1ea1ch ch\u1ea5t l\u01b0\u1ee3ng t\u1ed1t<\/p>\n<p>K\u00edch th\u01b0\u1edbc: 38 x 14 x 14 cm<\/p>\n<p>H\u01b0\u1edbng d\u1eabn th\u1ee7 c\u00f4ng<\/p>\n<p>\ud83d\udcccB\u1ea3n ch\u1ea5t c\u1ee7a nh\u00e2n v\u1eadt ch\u00ednh<\/p>\n<p>Xin gi\u1edbi thi\u1ec7u b\u1ed9 s\u01b0u t\u1eadp \u0111\u00e1ng t\u1ef1 h\u00e0o c\u1ee7a ch\u00fang t\u00f4i mang t\u00ean \u201cC\u00e2y anh \u0111\u00e0o m\u00f9a hoa anh \u0111\u00e0o\u201d m\u00e0 b\u1ea1n kh\u00f4ng n\u00ean b\u1ecf l\u1ee1.<\/p>\n<p>C\u00e2y hoa anh \u0111\u00e0o l\u00e0 bi\u1ec3u t\u01b0\u1ee3ng c\u1ee7a s\u1ef1 \u0111\u1ed5i m\u1edbi v\u00e0 v\u1ebb \u0111\u1eb9p c\u1ee7a thi\u00ean nhi\u00ean, v\u00e0 ch\u00fang th\u01b0\u1eddng \u0111\u01b0\u1ee3c t\u1ed5 ch\u1ee9c \u1edf Nh\u1eadt B\u1ea3n v\u00e0 c\u00e1c n\u1ec1n v\u0103n h\u00f3a kh\u00e1c nh\u01b0 m\u1ed9t d\u1ea5u hi\u1ec7u c\u1ee7a m\u00f9a xu\u00e2n \u0111\u1ebfn. S\u1ef1 n\u1edf hoa h\u00e0ng n\u0103m c\u1ee7a hoa anh \u0111\u00e0o l\u00e0 m\u1ed9t s\u1ef1 ki\u1ec7n r\u1ea5t \u0111\u01b0\u1ee3c mong \u0111\u1ee3i v\u00e0 m\u1ecdi ng\u01b0\u1eddi th\u01b0\u1eddng t\u1ee5 t\u1eadp \u0111\u1ec3 d\u00e3 ngo\u1ea1i, ch\u1ee5p \u1ea3nh v\u00e0 ch\u1ec9 \u0111\u01a1n gi\u1ea3n l\u00e0 th\u01b0\u1edfng th\u1ee9c v\u1ebb \u0111\u1eb9p c\u1ee7a nh\u1eefng c\u00e2y \u0111ang n\u1edf hoa.<\/p><\/div>","protected":false},"excerpt":{"rendered":"<p>Th\u01b0\u01a1ng hi\u1ec7u: SEMBO<br \/>\nGi\u1edbi t\u00ednh: Unisex<br \/>\n\u0110\u1ed9 tu\u1ed5i: &gt; 6 tu\u1ed5i<br \/>\nS\u1ed1 m\u00f4 h\u00ecnh: 601075<br \/>\nPh\u00e2n lo\u1ea1i: T\u1eadp h\u1ee3p<br \/>\nH\u00ecnh d\u1ea1ng kh\u1ed1i nh\u1ef1a: G\u1ea1ch t\u1ef1 kh\u00f3a<br \/>\nCh\u1ea5t li\u1ec7u: Nh\u1ef1a<br \/>\nLo\u1ea1i nh\u1ef1a: ABS<br \/>\nKh\u1ed1i g\u1ea1ch: 647 +<br \/>\nKh\u00f4ng c\u00f3 h\u1ed9p<\/p>","protected":false},"featured_media":41718,"comment_status":"open","ping_status":"closed","template":"","meta":{"_acf_changed":false},"product_cat":[1365,371],"product_tag":[7155,11310,11309,11072,8452,5983],"class_list":["product","first","instock","shipping-taxable","purchasable","product-type-simple"],"acf":[],"_links":{"self":[{"href":"https:\/\/mouldking.store\/vi\/wp-json\/wp\/v2\/product\/41723","targetHints":{"allow":["GET"]}}],"collection":[{"href":"https:\/\/mouldking.store\/vi\/wp-json\/wp\/v2\/product"}],"about":[{"href":"https:\/\/mouldking.store\/vi\/wp-json\/wp\/v2\/types\/product"}],"replies":[{"embeddable":true,"href":"https:\/\/mouldking.store\/vi\/wp-json\/wp\/v2\/comments?post=41723"}],"wp:featuredmedia":[{"embeddable":true,"href":"https:\/\/mouldking.store\/vi\/wp-json\/wp\/v2\/media\/41718"}],"wp:attachment":[{"href":"https:\/\/mouldking.store\/vi\/wp-json\/wp\/v2\/media?parent=41723"}],"wp:term":[{"taxonomy":"product_cat","embeddable":true,"href":"https:\/\/mouldking.store\/vi\/wp-json\/wp\/v2\/product_cat?post=41723"},{"taxonomy":"product_tag","embeddable":true,"href":"https:\/\/mouldking.store\/vi\/wp-json\/wp\/v2\/product_tag?post=41723"}],"curies":[{"name":"wp","href":"https:\/\/api.w.org\/{rel}","templated":true}]}}