{"id":41736,"date":"2023-02-16T09:24:44","date_gmt":"2023-02-16T02:24:44","guid":{"rendered":"https:\/\/mouldking.store\/shop\/moc-factory-70542-gunpowder-barrel-with-744-pieces\/"},"modified":"2025-12-16T22:25:17","modified_gmt":"2025-12-16T15:25:17","slug":"moc-factory-70542-gunpowder-barrel-with-744-pieces","status":"publish","type":"product","link":"https:\/\/mouldking.store\/vi\/shop\/moc-factory-70542-gunpowder-barrel-with-744-pieces\/","title":{"rendered":"Th\u00f9ng thu\u1ed1c s\u00fang MOC Factory 70542 v\u1edbi 744 vi\u00ean"},"content":{"rendered":"<div>\u2705 Th\u00f9ng thu\u1ed1c s\u00fang MOC-70542<\/p>\n<p>\u2705Th\u00f9ng thu\u1ed1c s\u00fang l\u00e0 m\u1ed9t th\u00f9ng g\u1ed7 ho\u1eb7c th\u00f9ng ch\u1ee9a \u0111\u1ea7y thu\u1ed1c s\u00fang, l\u00e0 m\u1ed9t ch\u1ea5t c\u00f3 kh\u1ea3 n\u0103ng g\u00e2y n\u1ed5 cao. Trong phim, th\u00f9ng thu\u1ed1c s\u00fang th\u01b0\u1eddng \u0111\u01b0\u1ee3c s\u1eed d\u1ee5ng nh\u01b0 m\u1ed9t thi\u1ebft b\u1ecb c\u1ed1t truy\u1ec7n \u0111\u1ec3 t\u1ea1o ra c\u00e1c pha h\u00e0nh \u0111\u1ed9ng c\u0103ng th\u1eb3ng, ch\u1eb3ng h\u1ea1n nh\u01b0 khi ch\u00fang \u0111\u01b0\u1ee3c s\u1eed d\u1ee5ng \u0111\u1ec3 l\u00e0m n\u1ed5 tung t\u00e0u ho\u1eb7c c\u00f4ng s\u1ef1.<\/p>\n<p>\ud83d\udeab QUAN TR\u1eccNG!<\/p>\n<p>T\u00ean s\u1ea3n ph\u1ea9m: Th\u00f9ng thu\u1ed1c s\u00fang<\/p>\n<p>Th\u1ec3 lo\u1ea1i: Ng\u01b0\u1eddi s\u00e1ng t\u1ea1o<\/p>\n<p>B\u1ed9 n\u00e0y ch\u1ee9a: MOC-70542<\/p>\n<p>744 chi\u1ebfc G\u1ea1ch ch\u1ea5t l\u01b0\u1ee3ng t\u1ed1t<\/p>\n<p>H\u01b0\u1edbng d\u1eabn PDF<\/p>\n<p>\ud83d\udcccB\u1ea3n ch\u1ea5t c\u1ee7a nh\u00e2n v\u1eadt ch\u00ednh<\/p>\n<p>Xin gi\u1edbi thi\u1ec7u b\u1ed9 s\u01b0u t\u1eadp \u0111\u00e1ng t\u1ef1 h\u00e0o c\u1ee7a ch\u00fang t\u00f4i mang t\u00ean \u201cTh\u00f9ng thu\u1ed1c s\u00fang\u201d m\u00e0 b\u1ea1n kh\u00f4ng n\u00ean b\u1ecf l\u1ee1.<\/p>\n<p>C\u01b0\u1edbp bi\u1ec3n th\u01b0\u1eddng s\u1eed d\u1ee5ng c\u00e1c th\u00f9ng thu\u1ed1c s\u00fang l\u00e0m v\u0169 kh\u00ed, b\u1eb1ng c\u00e1ch n\u00e9m ch\u00fang l\u00ean t\u00e0u \u0111\u1ecbch ho\u1eb7c \u0111\u1eb7t ch\u00fang m\u1ed9t c\u00e1ch chi\u1ebfn l\u01b0\u1ee3c trong ph\u00e1o \u0111\u00e0i ho\u1eb7c c\u00f4ng tr\u00ecnh ph\u00f2ng th\u1ee7 kh\u00e1c. \u00dd t\u01b0\u1edfng l\u00e0 n\u1ebfu n\u00f2ng s\u00fang b\u1ecb tr\u00fang \u0111\u1ea1n, n\u00f3 c\u00f3 th\u1ec3 ph\u00e1t n\u1ed5 v\u00e0 g\u00e2y ra m\u1ed9t v\u1ee5 n\u1ed5 l\u1edbn, c\u00f3 kh\u1ea3 n\u0103ng gi\u1ebft ch\u1ebft nhi\u1ec1u ng\u01b0\u1eddi v\u00e0 g\u00e2y ra thi\u1ec7t h\u1ea1i \u0111\u00e1ng k\u1ec3.<\/p><\/div>","protected":false},"excerpt":{"rendered":"<p>Th\u01b0\u01a1ng hi\u1ec7u: Nh\u00e0 m\u00e1y M\u1ed8C<br \/>\nGi\u1edbi t\u00ednh: Unisex<br \/>\n\u0110\u1ed9 tu\u1ed5i: &gt; 12 tu\u1ed5i<br \/>\nS\u1ed1 m\u00f4 h\u00ecnh: 70542<br \/>\nPh\u00e2n lo\u1ea1i: T\u1eadp h\u1ee3p<br \/>\nH\u00ecnh d\u1ea1ng kh\u1ed1i nh\u1ef1a: G\u1ea1ch t\u1ef1 kh\u00f3a<br \/>\nCh\u1ea5t li\u1ec7u: Nh\u1ef1a<br \/>\nLo\u1ea1i nh\u1ef1a: ABS<br \/>\nKh\u1ed1i g\u1ea1ch: 744 +<br \/>\nS\u1eafp x\u1ebfp th\u1eddi gian: 4-8 tu\u1ea7n<\/p>","protected":false},"featured_media":41735,"comment_status":"open","ping_status":"closed","template":"","meta":{"_acf_changed":false},"product_cat":[1365,371,581,1408],"product_tag":[11312,11072,8452,6942,434,2429],"class_list":["product","first","instock","shipping-taxable","purchasable","product-type-simple"],"acf":[],"_links":{"self":[{"href":"https:\/\/mouldking.store\/vi\/wp-json\/wp\/v2\/product\/41736","targetHints":{"allow":["GET"]}}],"collection":[{"href":"https:\/\/mouldking.store\/vi\/wp-json\/wp\/v2\/product"}],"about":[{"href":"https:\/\/mouldking.store\/vi\/wp-json\/wp\/v2\/types\/product"}],"replies":[{"embeddable":true,"href":"https:\/\/mouldking.store\/vi\/wp-json\/wp\/v2\/comments?post=41736"}],"wp:featuredmedia":[{"embeddable":true,"href":"https:\/\/mouldking.store\/vi\/wp-json\/wp\/v2\/media\/41735"}],"wp:attachment":[{"href":"https:\/\/mouldking.store\/vi\/wp-json\/wp\/v2\/media?parent=41736"}],"wp:term":[{"taxonomy":"product_cat","embeddable":true,"href":"https:\/\/mouldking.store\/vi\/wp-json\/wp\/v2\/product_cat?post=41736"},{"taxonomy":"product_tag","embeddable":true,"href":"https:\/\/mouldking.store\/vi\/wp-json\/wp\/v2\/product_tag?post=41736"}],"curies":[{"name":"wp","href":"https:\/\/api.w.org\/{rel}","templated":true}]}}