{"id":41755,"date":"2023-02-16T10:10:36","date_gmt":"2023-02-16T03:10:36","guid":{"rendered":"https:\/\/mouldking.store\/shop\/moc-factory-58812-medieval-famous-castle-architecture-treasury-with-2482-pieces\/"},"modified":"2025-12-16T22:25:17","modified_gmt":"2025-12-16T15:25:17","slug":"moc-factory-58812-medieval-famous-castle-architecture-treasury-with-2482-pieces","status":"publish","type":"product","link":"https:\/\/mouldking.store\/vi\/shop\/moc-factory-58812-medieval-famous-castle-architecture-treasury-with-2482-pieces\/","title":{"rendered":"MOC Factory 58812 Kho b\u1ea1c ki\u1ebfn tr\u00fac l\u00e2u \u0111\u00e0i n\u1ed5i ti\u1ebfng th\u1eddi trung c\u1ed5 v\u1edbi 2482 m\u1ea3nh gh\u00e9p"},"content":{"rendered":"<div>\u2705 MOC-58812 Kho b\u1ea1c ki\u1ebfn tr\u00fac l\u00e2u \u0111\u00e0i n\u1ed5i ti\u1ebfng th\u1eddi trung c\u1ed5<\/p>\n<p>\u2705Kho b\u1ea1c th\u1eddi Trung c\u1ed5 th\u01b0\u1eddng l\u00e0 m\u1ed9t c\u0103n ph\u00f2ng ho\u1eb7c t\u00f2a nh\u00e0 \u0111\u01b0\u1ee3c s\u1eed d\u1ee5ng \u0111\u1ec3 c\u1ea5t gi\u1eef c\u00e1c v\u1eadt ph\u1ea9m c\u00f3 gi\u00e1 tr\u1ecb, ch\u1eb3ng h\u1ea1n nh\u01b0 ti\u1ec1n v\u00e0ng v\u00e0 b\u1ea1c, \u0111\u00e1 qu\u00fd, \u0111\u1ed3 trang s\u1ee9c v\u00e0 c\u00e1c \u0111\u1ed3 v\u1eadt c\u00f3 gi\u00e1 tr\u1ecb kh\u00e1c thu\u1ed9c v\u1ec1 m\u1ed9t v\u1ecb vua, nh\u00e0 th\u1edd ho\u1eb7c t\u1ed5 ch\u1ee9c gi\u00e0u c\u00f3 kh\u00e1c trong th\u1eddi Trung c\u1ed5.<\/p>\n<p>\ud83d\udeab QUAN TR\u1eccNG!<\/p>\n<p>T\u00ean s\u1ea3n ph\u1ea9m: Kho b\u1ea1c ki\u1ebfn tr\u00fac l\u00e2u \u0111\u00e0i n\u1ed5i ti\u1ebfng th\u1eddi trung c\u1ed5<\/p>\n<p>Danh m\u1ee5c: T\u00f2a nh\u00e0 m\u00f4-\u0111un<\/p>\n<p>B\u1ed9 n\u00e0y ch\u1ee9a: MOC-58812<\/p>\n<p>2482 chi\u1ebfc G\u1ea1ch ch\u1ea5t l\u01b0\u1ee3ng t\u1ed1t<\/p>\n<p>H\u01b0\u1edbng d\u1eabn PDF<\/p>\n<p>\ud83d\udcccB\u1ea3n ch\u1ea5t c\u1ee7a nh\u00e2n v\u1eadt ch\u00ednh<\/p>\n<p>Xin gi\u1edbi thi\u1ec7u b\u1ed9 s\u01b0u t\u1eadp \u0111\u00e1ng t\u1ef1 h\u00e0o c\u1ee7a ch\u00fang t\u00f4i mang t\u00ean \u201cKho t\u00e0ng ki\u1ebfn tr\u00fac l\u00e2u \u0111\u00e0i n\u1ed5i ti\u1ebfng th\u1eddi trung c\u1ed5\u201d m\u00e0 b\u1ea1n kh\u00f4ng n\u00ean b\u1ecf l\u1ee1.<\/p>\n<p>Ki\u1ebfn tr\u00fac c\u1ee7a Kho b\u1ea1c th\u1eddi Trung c\u1ed5 s\u1ebd kh\u00e1c nhau t\u00f9y thu\u1ed9c v\u00e0o kho\u1ea3ng th\u1eddi gian v\u00e0 \u0111\u1ecba \u0111i\u1ec3m c\u1ee5 th\u1ec3, nh\u01b0ng th\u01b0\u1eddng c\u00f3 nh\u1eefng b\u1ee9c t\u01b0\u1eddng \u0111\u00e1 d\u00e0y, c\u1eeda s\u1ed5 nh\u1ecf v\u00e0 c\u1eeda ra v\u00e0o ch\u1eafc ch\u1eafn, an to\u00e0n \u0111\u1ec3 ch\u1ed1ng tr\u1ed9m. C\u0103n ph\u00f2ng c\u00f3 th\u1ec3 n\u1eb1m trong m\u1ed9t l\u00e2u \u0111\u00e0i, cung \u0111i\u1ec7n ho\u1eb7c nh\u00e0 th\u1edd l\u1edbn v\u00e0 s\u1ebd \u0111\u01b0\u1ee3c canh g\u00e1c nghi\u00eam ng\u1eb7t b\u1edfi c\u00e1c v\u1ec7 binh ho\u1eb7c hi\u1ec7p s\u0129 c\u00f3 v\u0169 trang. B\u00ean trong, Kho b\u1ea1c th\u1eddi Trung c\u1ed5 s\u1ebd \u0111\u01b0\u1ee3c t\u1ed5 ch\u1ee9c v\u1edbi c\u00e1c r\u01b0\u01a1ng, t\u1ee7 v\u00e0 k\u1ec7 \u0111\u1ec3 c\u1ea5t gi\u1eef c\u00e1c v\u1eadt c\u00f3 gi\u00e1 tr\u1ecb kh\u00e1c nhau. C\u0103n ph\u00f2ng s\u1ebd \u0111\u01b0\u1ee3c th\u1eafp s\u00e1ng l\u1edd m\u1edd, v\u1edbi m\u1ed9t v\u00e0i ng\u1ecdn \u0111u\u1ed1c ho\u1eb7c \u0111\u00e8n d\u1ea7u leo l\u00e9t \u0111\u1ec3 th\u1eafp s\u00e1ng, v\u00e0 kh\u00f4ng kh\u00ed s\u1ebd n\u1eb7ng n\u1ec1 v\u1edbi m\u00f9i tr\u1ea7m h\u01b0\u01a1ng v\u00e0 s\u00e1p n\u1ebfn.<\/p><\/div>","protected":false},"excerpt":{"rendered":"<p>Th\u01b0\u01a1ng hi\u1ec7u: Nh\u00e0 m\u00e1y M\u1ed8C<br \/>\nGi\u1edbi t\u00ednh: Unisex<br \/>\n\u0110\u1ed9 tu\u1ed5i: &gt; 12 tu\u1ed5i<br \/>\nS\u1ed1 m\u00f4 h\u00ecnh: 58812<br \/>\nPh\u00e2n lo\u1ea1i: T\u1eadp h\u1ee3p<br \/>\nH\u00ecnh d\u1ea1ng kh\u1ed1i nh\u1ef1a: G\u1ea1ch t\u1ef1 kh\u00f3a<br \/>\nCh\u1ea5t li\u1ec7u: Nh\u1ef1a<br \/>\nLo\u1ea1i nh\u1ef1a: ABS<br \/>\nKh\u1ed1i g\u1ea1ch: 2482 +<br \/>\nS\u1eafp x\u1ebfp th\u1eddi gian: 4-8 tu\u1ea7n<\/p>","protected":false},"featured_media":41753,"comment_status":"open","ping_status":"closed","template":"","meta":{"_acf_changed":false},"product_cat":[1395,390],"product_tag":[11260,787,4883,11318,4996,392],"class_list":["product","first","instock","shipping-taxable","purchasable","product-type-simple"],"acf":[],"_links":{"self":[{"href":"https:\/\/mouldking.store\/vi\/wp-json\/wp\/v2\/product\/41755","targetHints":{"allow":["GET"]}}],"collection":[{"href":"https:\/\/mouldking.store\/vi\/wp-json\/wp\/v2\/product"}],"about":[{"href":"https:\/\/mouldking.store\/vi\/wp-json\/wp\/v2\/types\/product"}],"replies":[{"embeddable":true,"href":"https:\/\/mouldking.store\/vi\/wp-json\/wp\/v2\/comments?post=41755"}],"wp:featuredmedia":[{"embeddable":true,"href":"https:\/\/mouldking.store\/vi\/wp-json\/wp\/v2\/media\/41753"}],"wp:attachment":[{"href":"https:\/\/mouldking.store\/vi\/wp-json\/wp\/v2\/media?parent=41755"}],"wp:term":[{"taxonomy":"product_cat","embeddable":true,"href":"https:\/\/mouldking.store\/vi\/wp-json\/wp\/v2\/product_cat?post=41755"},{"taxonomy":"product_tag","embeddable":true,"href":"https:\/\/mouldking.store\/vi\/wp-json\/wp\/v2\/product_tag?post=41755"}],"curies":[{"name":"wp","href":"https:\/\/api.w.org\/{rel}","templated":true}]}}