{"id":41776,"date":"2023-02-16T11:08:07","date_gmt":"2023-02-16T04:08:07","guid":{"rendered":"https:\/\/mouldking.store\/shop\/panlosbrick-659007-multipurpose-rescue-fleet-fire-rescue-team-with-646-pieces\/"},"modified":"2023-02-16T11:08:07","modified_gmt":"2023-02-16T04:08:07","slug":"panlosbrick-659007-multipurpose-rescue-fleet-fire-rescue-team-with-646-pieces","status":"publish","type":"product","link":"https:\/\/mouldking.store\/vi\/shop\/panlosbrick-659007-multipurpose-rescue-fleet-fire-rescue-team-with-646-pieces\/","title":{"rendered":"PANLOSBRICK 659007 \u0110\u1ed9i Xe C\u1ee9u H\u1ed9 \u0110a N\u0103ng: \u0110\u1ed9i C\u1ee9u H\u1ecfa V\u1edbi 646 M\u1ea3nh Gh\u00e9p"},"content":{"rendered":"<div>\u2705 Panlos 659007 Multipurpose Rescue Fleet: Fire Rescue Team<\/p>\n<p>\u2705Multipurpose Rescue Fleet: Fire Rescue Team is a building block set that belongs to the City series of building block sets designed for children. The set contains 646 building block particles, which can be used to construct a variety of vehicles and structures related to fire rescue and emergency response operations.<\/p>\n<p>\ud83d\udeab QUAN TR\u1eccNG!<\/p>\n<p>Product Name: Multipurpose Rescue Fleet: Fire Rescue Team<\/p>\n<p>Danh m\u1ee5c: K\u1ef9 thu\u1eadt<\/p>\n<p>This Kit Contains: Panlos 659007&nbsp;<\/p>\n<p>646 pcs Good Quality Bricks<\/p>\n<p>Size: 33 \u00d7 20 \u00d7 12 cm<\/p>\n<p>H\u01b0\u1edbng d\u1eabn th\u1ee7 c\u00f4ng<\/p>\n<p>\ud83d\udcccB\u1ea3n ch\u1ea5t c\u1ee7a nh\u00e2n v\u1eadt ch\u00ednh<\/p>\n<p>Introducing our proud collection named \u201cMultipurpose Rescue Fleet: Fire Rescue Team\u201d you should not miss.<\/p>\n<p>Multipurpose Rescue Fleet: Fire Rescue Team is a building block set that allows children to construct vehicles and structures related to fire rescue and emergency response and engage in imaginative play scenarios related to emergency response operations. The set encourages creativity, problem-solving, and fine motor skills development, while also promoting an interest in emergency response and public safety.<\/p><\/div>","protected":false},"excerpt":{"rendered":"<p>Th\u01b0\u01a1ng hi\u1ec7u: PANLOSBRICK<br \/>\nGi\u1edbi t\u00ednh: Unisex<br \/>\n\u0110\u1ed9 tu\u1ed5i: &gt; 6 tu\u1ed5i<br \/>\nModel Number: 659007<br \/>\nPh\u00e2n lo\u1ea1i: T\u1eadp h\u1ee3p<br \/>\nH\u00ecnh d\u1ea1ng kh\u1ed1i nh\u1ef1a: G\u1ea1ch t\u1ef1 kh\u00f3a<br \/>\nCh\u1ea5t li\u1ec7u: Nh\u1ef1a<br \/>\nLo\u1ea1i nh\u1ef1a: ABS<br \/>\nBricks Blocks: 646 +<br \/>\nb\u00e1n tr\u01b0\u1edbc<\/p>","protected":false},"featured_media":41774,"comment_status":"open","ping_status":"closed","template":"","meta":{"_acf_changed":false},"product_cat":[1365,1357,371,364],"product_tag":[11072,8452,11323,11143,8493,389],"class_list":["product","first","instock","shipping-taxable","purchasable","product-type-simple"],"acf":[],"_links":{"self":[{"href":"https:\/\/mouldking.store\/vi\/wp-json\/wp\/v2\/product\/41776","targetHints":{"allow":["GET"]}}],"collection":[{"href":"https:\/\/mouldking.store\/vi\/wp-json\/wp\/v2\/product"}],"about":[{"href":"https:\/\/mouldking.store\/vi\/wp-json\/wp\/v2\/types\/product"}],"replies":[{"embeddable":true,"href":"https:\/\/mouldking.store\/vi\/wp-json\/wp\/v2\/comments?post=41776"}],"wp:featuredmedia":[{"embeddable":true,"href":"https:\/\/mouldking.store\/vi\/wp-json\/wp\/v2\/media\/41774"}],"wp:attachment":[{"href":"https:\/\/mouldking.store\/vi\/wp-json\/wp\/v2\/media?parent=41776"}],"wp:term":[{"taxonomy":"product_cat","embeddable":true,"href":"https:\/\/mouldking.store\/vi\/wp-json\/wp\/v2\/product_cat?post=41776"},{"taxonomy":"product_tag","embeddable":true,"href":"https:\/\/mouldking.store\/vi\/wp-json\/wp\/v2\/product_tag?post=41776"}],"curies":[{"name":"wp","href":"https:\/\/api.w.org\/{rel}","templated":true}]}}