{"id":41779,"date":"2023-02-16T11:13:55","date_gmt":"2023-02-16T04:13:55","guid":{"rendered":"https:\/\/mouldking.store\/shop\/panlosbrick-659006-multipurpose-rescue-team-swat-rescue-team-with-672-pieces\/"},"modified":"2023-02-16T11:13:55","modified_gmt":"2023-02-16T04:13:55","slug":"panlosbrick-659006-multipurpose-rescue-team-swat-rescue-team-with-672-pieces","status":"publish","type":"product","link":"https:\/\/mouldking.store\/vi\/shop\/panlosbrick-659006-multipurpose-rescue-team-swat-rescue-team-with-672-pieces\/","title":{"rendered":"PANLOSBRICK 659006 \u0110\u1ed9i c\u1ee9u h\u1ed9 \u0111a n\u0103ng: \u0110\u1ed9i c\u1ee9u h\u1ed9 SWAT v\u1edbi 672 M\u1ea3nh gh\u00e9p"},"content":{"rendered":"<div>\u2705\u0110\u1ed9i c\u1ee9u h\u1ed9 \u0111a n\u0103ng Panlos 659006: \u0110\u1ed9i c\u1ee9u h\u1ed9 SWAT<\/p>\n<p>\u2705\u0110\u1ed9i c\u1ee9u h\u1ed9 \u0111a n\u0103ng: \u0110\u1ed9i c\u1ee9u h\u1ed9 SWAT l\u00e0 b\u1ed9 x\u1ebfp h\u00ecnh thu\u1ed9c b\u1ed9 x\u1ebfp h\u00ecnh Th\u00e0nh ph\u1ed1 \u0111\u01b0\u1ee3c thi\u1ebft k\u1ebf d\u00e0nh cho tr\u1ebb em. B\u1ed9 n\u00e0y ch\u1ee9a 672 h\u1ea1t kh\u1ed1i x\u00e2y d\u1ef1ng, c\u00f3 th\u1ec3 \u0111\u01b0\u1ee3c s\u1eed d\u1ee5ng \u0111\u1ec3 x\u00e2y d\u1ef1ng nhi\u1ec1u ph\u01b0\u01a1ng ti\u1ec7n v\u00e0 c\u1ea5u tr\u00fac kh\u00e1c nhau li\u00ean quan \u0111\u1ebfn c\u00e1c ho\u1ea1t \u0111\u1ed9ng c\u1ee9u h\u1ed9 v\u00e0 \u1ee9ng ph\u00f3 kh\u1ea9n c\u1ea5p c\u1ee7a SWAT.<\/p>\n<p>\ud83d\udeab QUAN TR\u1eccNG!<\/p>\n<p>T\u00ean s\u1ea3n ph\u1ea9m: \u0110\u1ed9i c\u1ee9u h\u1ed9 \u0111a n\u0103ng: \u0110\u1ed9i c\u1ee9u h\u1ed9 SWAT<\/p>\n<p>Danh m\u1ee5c: K\u1ef9 thu\u1eadt<\/p>\n<p>B\u1ed9 n\u00e0y Ch\u1ee9a: Panlos 659006<\/p>\n<p>672 chi\u1ebfc G\u1ea1ch ch\u1ea5t l\u01b0\u1ee3ng t\u1ed1t<\/p>\n<p>K\u00edch th\u01b0\u1edbc: 24\u00d75\u00d711 cm<\/p>\n<p>H\u01b0\u1edbng d\u1eabn th\u1ee7 c\u00f4ng<\/p>\n<p>\ud83d\udcccB\u1ea3n ch\u1ea5t c\u1ee7a nh\u00e2n v\u1eadt ch\u00ednh<\/p>\n<p>Xin gi\u1edbi thi\u1ec7u b\u1ed9 s\u01b0u t\u1eadp \u0111\u00e1ng t\u1ef1 h\u00e0o c\u1ee7a ch\u00fang t\u00f4i mang t\u00ean \u201c\u0110\u1ed9i c\u1ee9u h\u1ed9 \u0111a n\u0103ng: \u0110\u1ed9i c\u1ee9u h\u1ed9 SWAT\u201d m\u00e0 b\u1ea1n kh\u00f4ng n\u00ean b\u1ecf l\u1ee1.<\/p>\n<p>\u0110\u1ed9i c\u1ee9u h\u1ed9 \u0111a n\u0103ng: \u0110\u1ed9i c\u1ee9u h\u1ed9 SWAT l\u00e0 m\u1ed9t b\u1ed9 x\u1ebfp h\u00ecnh cho ph\u00e9p tr\u1ebb em x\u00e2y d\u1ef1ng c\u00e1c ph\u01b0\u01a1ng ti\u1ec7n v\u00e0 c\u1ea5u tr\u00fac li\u00ean quan \u0111\u1ebfn c\u1ee9u h\u1ed9 v\u00e0 \u1ee9ng ph\u00f3 kh\u1ea9n c\u1ea5p c\u1ee7a SWAT v\u00e0 tham gia v\u00e0o c\u00e1c t\u00ecnh hu\u1ed1ng ch\u01a1i gi\u00e0u tr\u00ed t\u01b0\u1edfng t\u01b0\u1ee3ng li\u00ean quan \u0111\u1ebfn c\u00e1c ho\u1ea1t \u0111\u1ed9ng \u1ee9ng ph\u00f3 kh\u1ea9n c\u1ea5p. B\u1ed9 n\u00e0y khuy\u1ebfn kh\u00edch s\u1ef1 s\u00e1ng t\u1ea1o, gi\u1ea3i quy\u1ebft v\u1ea5n \u0111\u1ec1 v\u00e0 ph\u00e1t tri\u1ec3n c\u00e1c k\u1ef9 n\u0103ng v\u1eadn \u0111\u1ed9ng tinh, \u0111\u1ed3ng th\u1eddi th\u00fac \u0111\u1ea9y s\u1ef1 quan t\u00e2m \u0111\u1ebfn \u1ee9ng ph\u00f3 kh\u1ea9n c\u1ea5p v\u00e0 an to\u00e0n c\u00f4ng c\u1ed9ng.<\/p><\/div>","protected":false},"excerpt":{"rendered":"<p>Th\u01b0\u01a1ng hi\u1ec7u: PANLOSBRICK<br \/>\nGi\u1edbi t\u00ednh: Unisex<br \/>\n\u0110\u1ed9 tu\u1ed5i: &gt; 6 tu\u1ed5i<br \/>\nS\u1ed1 m\u00f4 h\u00ecnh: 659006<br \/>\nPh\u00e2n lo\u1ea1i: T\u1eadp h\u1ee3p<br \/>\nH\u00ecnh d\u1ea1ng kh\u1ed1i nh\u1ef1a: G\u1ea1ch t\u1ef1 kh\u00f3a<br \/>\nCh\u1ea5t li\u1ec7u: Nh\u1ef1a<br \/>\nLo\u1ea1i nh\u1ef1a: ABS<br \/>\nKh\u1ed1i g\u1ea1ch: 672 +<br \/>\nb\u00e1n tr\u01b0\u1edbc<\/p>","protected":false},"featured_media":41777,"comment_status":"open","ping_status":"closed","template":"","meta":{"_acf_changed":false},"product_cat":[1365,1357,371,364],"product_tag":[11072,8452,11324,8493,11320,10866,389],"class_list":["product","first","instock","shipping-taxable","purchasable","product-type-simple"],"acf":[],"_links":{"self":[{"href":"https:\/\/mouldking.store\/vi\/wp-json\/wp\/v2\/product\/41779","targetHints":{"allow":["GET"]}}],"collection":[{"href":"https:\/\/mouldking.store\/vi\/wp-json\/wp\/v2\/product"}],"about":[{"href":"https:\/\/mouldking.store\/vi\/wp-json\/wp\/v2\/types\/product"}],"replies":[{"embeddable":true,"href":"https:\/\/mouldking.store\/vi\/wp-json\/wp\/v2\/comments?post=41779"}],"wp:featuredmedia":[{"embeddable":true,"href":"https:\/\/mouldking.store\/vi\/wp-json\/wp\/v2\/media\/41777"}],"wp:attachment":[{"href":"https:\/\/mouldking.store\/vi\/wp-json\/wp\/v2\/media?parent=41779"}],"wp:term":[{"taxonomy":"product_cat","embeddable":true,"href":"https:\/\/mouldking.store\/vi\/wp-json\/wp\/v2\/product_cat?post=41779"},{"taxonomy":"product_tag","embeddable":true,"href":"https:\/\/mouldking.store\/vi\/wp-json\/wp\/v2\/product_tag?post=41779"}],"curies":[{"name":"wp","href":"https:\/\/api.w.org\/{rel}","templated":true}]}}