{"id":41790,"date":"2023-02-16T11:50:13","date_gmt":"2023-02-16T04:50:13","guid":{"rendered":"https:\/\/mouldking.store\/shop\/mould-king-12022-world-railways-alligator-electric-locomotive-with-919-pieces\/"},"modified":"2023-02-16T11:50:13","modified_gmt":"2023-02-16T04:50:13","slug":"mould-king-12022-world-railways-alligator-electric-locomotive-with-919-pieces","status":"publish","type":"product","link":"https:\/\/mouldking.store\/vi\/shop\/mould-king-12022-world-railways-alligator-electric-locomotive-with-919-pieces\/","title":{"rendered":"MOLD KING 12022 \u0110\u01b0\u1eddng s\u1eaft th\u1ebf gi\u1edbi: \u0110\u1ea7u m\u00e1y \u0111i\u1ec7n Alligator v\u1edbi 919 m\u1ea3nh gh\u00e9p"},"content":{"rendered":"<div>\u2705MouldKing 12022 \u0110\u01b0\u1eddng s\u1eaft th\u1ebf gi\u1edbi: \u0110\u1ea7u m\u00e1y \u0111i\u1ec7n Alligator<\/p>\n<p>\u2705\u0110\u1ea7u m\u00e1y \u0111i\u1ec7n Alligator l\u00e0 m\u1ed9t lo\u1ea1i \u0111\u1ea7u m\u00e1y \u0111i\u1ec7n \u0111\u00e3 \u0111\u01b0\u1ee3c s\u1eed d\u1ee5ng tr\u00ean nhi\u1ec1u tuy\u1ebfn \u0111\u01b0\u1eddng s\u1eaft kh\u00e1c nhau tr\u00ean th\u1ebf gi\u1edbi. \u0110\u1ea7u m\u00e1y c\u00f3 t\u00ean nh\u01b0 v\u1eady do h\u00ecnh d\u00e1ng \u0111\u1eb7c bi\u1ec7t c\u1ee7a n\u00f3, c\u00f3 th\u00e2n d\u00e0i, h\u1eb9p v\u00e0 m\u1ed9t lo\u1ea1t c\u00e1c ph\u1ea7n c\u00f3 b\u1ea3n l\u1ec1 gi\u1ed1ng nh\u01b0 l\u01b0ng c\u1ee7a m\u1ed9t con c\u00e1 s\u1ea5u.<\/p>\n<p>\ud83d\udeab QUAN TR\u1eccNG!<\/p>\n<p>T\u00ean s\u1ea3n ph\u1ea9m: \u0110\u01b0\u1eddng s\u1eaft th\u1ebf gi\u1edbi: \u0110\u1ea7u m\u00e1y \u0111i\u1ec7n Alligator<\/p>\n<p>Danh m\u1ee5c: K\u1ef9 thu\u1eadt<\/p>\n<p>B\u1ed9 n\u00e0y ch\u1ee9a: MouldKing 12022<\/p>\n<p>919 vi\u00ean g\u1ea1ch ch\u1ea5t l\u01b0\u1ee3ng t\u1ed1t<\/p>\n<p>K\u00edch th\u01b0\u1edbc: 48\u00d75.9\u00d713.9cm<\/p>\n<p>H\u01b0\u1edbng d\u1eabn th\u1ee7 c\u00f4ng<\/p>\n<p>\ud83d\udcccB\u1ea3n ch\u1ea5t c\u1ee7a nh\u00e2n v\u1eadt ch\u00ednh<\/p>\n<p>Xin gi\u1edbi thi\u1ec7u b\u1ed9 s\u01b0u t\u1eadp \u0111\u00e1ng t\u1ef1 h\u00e0o c\u1ee7a ch\u00fang t\u00f4i c\u00f3 t\u00ean \u201c\u0110\u01b0\u1eddng s\u1eaft th\u1ebf gi\u1edbi: \u0110\u1ea7u m\u00e1y \u0111i\u1ec7n Alligator\u201d m\u00e0 b\u1ea1n kh\u00f4ng n\u00ean b\u1ecf l\u1ee1.<\/p>\n<p>\u0110\u1ea7u m\u00e1y \u0111i\u1ec7n Alligator l\u1ea7n \u0111\u1ea7u ti\u00ean \u0111\u01b0\u1ee3c gi\u1edbi thi\u1ec7u v\u00e0o \u0111\u1ea7u th\u1ebf k\u1ef7 20 v\u00e0 \u0111\u01b0\u1ee3c s\u1eed d\u1ee5ng ch\u1ee7 y\u1ebfu \u0111\u1ec3 v\u1eadn chuy\u1ec3n h\u00e0ng h\u00f3a. N\u00f3 \u0111\u01b0\u1ee3c thi\u1ebft k\u1ebf \u0111\u1ec3 tr\u1edf n\u00ean m\u1ea1nh m\u1ebd v\u00e0 hi\u1ec7u qu\u1ea3, v\u1edbi kh\u1ea3 n\u0103ng chuy\u00ean ch\u1edf nh\u1eefng v\u1eadt n\u1eb7ng tr\u00ean m\u1ed9t qu\u00e3ng \u0111\u01b0\u1eddng d\u00e0i. \u0110\u1ea7u m\u00e1y ch\u1ea1y b\u1eb1ng \u0111\u1ed9ng c\u01a1 \u0111i\u1ec7n, l\u1ea5y n\u0103ng l\u01b0\u1ee3ng t\u1eeb \u0111\u01b0\u1eddng d\u00e2y \u0111i\u1ec7n tr\u00ean cao ho\u1eb7c pin t\u00edch h\u1ee3p. Thi\u1ebft k\u1ebf c\u1ee7a \u0111\u1ea7u m\u00e1y cho ph\u00e9p n\u00f3 ho\u1ea1t \u0111\u1ed9ng trong nhi\u1ec1u m\u00f4i tr\u01b0\u1eddng kh\u00e1c nhau, bao g\u1ed3m c\u1ea3 d\u1ed1c \u0111\u1ee9ng v\u00e0 kh\u00fac cua h\u1eb9p.<\/p><\/div>","protected":false},"excerpt":{"rendered":"<p>Th\u01b0\u01a1ng hi\u1ec7u: VUA KHU\u00d4N<br \/>\nGi\u1edbi t\u00ednh: Unisex<br \/>\n\u0110\u1ed9 tu\u1ed5i: &gt; 8 tu\u1ed5i<br \/>\nS\u1ed1 m\u00f4 h\u00ecnh: 12022<br \/>\nPh\u00e2n lo\u1ea1i: T\u1eadp h\u1ee3p<br \/>\nH\u00ecnh d\u1ea1ng kh\u1ed1i nh\u1ef1a: G\u1ea1ch t\u1ef1 kh\u00f3a<br \/>\nCh\u1ea5t li\u1ec7u: Nh\u1ef1a<br \/>\nLo\u1ea1i nh\u1ef1a: ABS<br \/>\nKh\u1ed1i g\u1ea1ch: 919 +<br \/>\nb\u00e1n tr\u01b0\u1edbc<\/p>","protected":false},"featured_media":41789,"comment_status":"open","ping_status":"closed","template":"","meta":{"_acf_changed":false},"product_cat":[1357,364],"product_tag":[11330,9981,2635,389,11080,8802],"class_list":["product","first","instock","shipping-taxable","purchasable","product-type-simple"],"acf":[],"_links":{"self":[{"href":"https:\/\/mouldking.store\/vi\/wp-json\/wp\/v2\/product\/41790","targetHints":{"allow":["GET"]}}],"collection":[{"href":"https:\/\/mouldking.store\/vi\/wp-json\/wp\/v2\/product"}],"about":[{"href":"https:\/\/mouldking.store\/vi\/wp-json\/wp\/v2\/types\/product"}],"replies":[{"embeddable":true,"href":"https:\/\/mouldking.store\/vi\/wp-json\/wp\/v2\/comments?post=41790"}],"wp:featuredmedia":[{"embeddable":true,"href":"https:\/\/mouldking.store\/vi\/wp-json\/wp\/v2\/media\/41789"}],"wp:attachment":[{"href":"https:\/\/mouldking.store\/vi\/wp-json\/wp\/v2\/media?parent=41790"}],"wp:term":[{"taxonomy":"product_cat","embeddable":true,"href":"https:\/\/mouldking.store\/vi\/wp-json\/wp\/v2\/product_cat?post=41790"},{"taxonomy":"product_tag","embeddable":true,"href":"https:\/\/mouldking.store\/vi\/wp-json\/wp\/v2\/product_tag?post=41790"}],"curies":[{"name":"wp","href":"https:\/\/api.w.org\/{rel}","templated":true}]}}