{"id":41794,"date":"2023-02-16T12:00:39","date_gmt":"2023-02-16T05:00:39","guid":{"rendered":"https:\/\/mouldking.store\/shop\/mould-king-12021-world-railway-harmony-crh380a-electric-multiple-unit-with-1211-pieces\/"},"modified":"2023-02-16T12:00:39","modified_gmt":"2023-02-16T05:00:39","slug":"mould-king-12021-world-railway-harmony-crh380a-electric-multiple-unit-with-1211-pieces","status":"publish","type":"product","link":"https:\/\/mouldking.store\/vi\/shop\/mould-king-12021-world-railway-harmony-crh380a-electric-multiple-unit-with-1211-pieces\/","title":{"rendered":"MOLD KING 12021 \u0110\u01b0\u1eddng s\u1eaft th\u1ebf gi\u1edbi: Harmony CRH380A Electric Multiple Unit with 1211 Pieces"},"content":{"rendered":"<div>\u2705MouldKing 12021 World Railway: Harmony CRH380A Electric Multiple Unit<\/p>\n<p>\u2705Harmony CRH380A Electric Multiple Unit (EMU) l\u00e0 m\u1ed9t lo\u1ea1i t\u00e0u cao t\u1ed1c \u0111\u01b0\u1ee3c s\u1eed d\u1ee5ng \u1edf Trung Qu\u1ed1c. N\u00f3 \u0111\u01b0\u1ee3c thi\u1ebft k\u1ebf \u0111\u1ec3 ho\u1ea1t \u0111\u1ed9ng tr\u00ean m\u1ea1ng l\u01b0\u1edbi \u0111\u01b0\u1eddng s\u1eaft cao t\u1ed1c r\u1ed9ng l\u1edbn c\u1ee7a \u0111\u1ea5t n\u01b0\u1edbc, k\u1ebft n\u1ed1i c\u00e1c th\u00e0nh ph\u1ed1 tr\u00ean kh\u1eafp Trung Qu\u1ed1c v\u1edbi t\u1ed1c \u0111\u1ed9 l\u00ean t\u1edbi 350 km\/h.<\/p>\n<p>\ud83d\udeab QUAN TR\u1eccNG!<\/p>\n<p>T\u00ean s\u1ea3n ph\u1ea9m: \u0110\u01b0\u1eddng s\u1eaft th\u1ebf gi\u1edbi: Harmony CRH380A Electric Multiple Unit<\/p>\n<p>Danh m\u1ee5c: K\u1ef9 thu\u1eadt<\/p>\n<p>B\u1ed9 n\u00e0y ch\u1ee9a: MouldKing 12021<\/p>\n<p>1211 vi\u00ean g\u1ea1ch ch\u1ea5t l\u01b0\u1ee3ng t\u1ed1t<\/p>\n<p>K\u00edch th\u01b0\u1edbc: 56,2 \u00d7 13,7 \u00d7 6,1 cm<\/p>\n<p>H\u01b0\u1edbng d\u1eabn th\u1ee7 c\u00f4ng<\/p>\n<p>\ud83d\udcccB\u1ea3n ch\u1ea5t c\u1ee7a nh\u00e2n v\u1eadt ch\u00ednh<\/p>\n<p>Xin gi\u1edbi thi\u1ec7u b\u1ed9 s\u01b0u t\u1eadp \u0111\u00e1ng t\u1ef1 h\u00e0o c\u1ee7a ch\u00fang t\u00f4i c\u00f3 t\u00ean \u201c\u0110\u01b0\u1eddng s\u1eaft th\u1ebf gi\u1edbi: Thi\u1ebft b\u1ecb \u0111a \u0111i\u1ec7n Harmony CRH380A\u201d m\u00e0 b\u1ea1n kh\u00f4ng n\u00ean b\u1ecf l\u1ee1.<\/p>\n<p>Harmony CRH380A EMU l\u00e0 m\u1ed9t \u0111o\u00e0n t\u00e0u ki\u1ec3u d\u00e1ng \u0111\u1eb9p v\u00e0 hi\u1ec7n \u0111\u1ea1i \u0111\u01b0\u1ee3c trang b\u1ecb c\u00e1c t\u00ednh n\u0103ng v\u00e0 c\u00f4ng ngh\u1ec7 ti\u00ean ti\u1ebfn. N\u00f3 c\u00f3 th\u00e2n h\u00ecnh thu\u00f4n d\u00e0i v\u00e0 \u0111\u01b0\u1ee3c s\u01a1n ph\u1ed1i m\u00e0u \u0111\u1ecf v\u00e0 b\u1ea1c \u0111\u1eb7c tr\u01b0ng. T\u00e0u \u0111\u01b0\u1ee3c cung c\u1ea5p n\u0103ng l\u01b0\u1ee3ng b\u1edfi m\u1ed9t b\u1ed9 \u0111\u1ed9ng c\u01a1 \u0111i\u1ec7n, l\u1ea5y n\u0103ng l\u01b0\u1ee3ng t\u1eeb c\u00e1c \u0111\u01b0\u1eddng d\u00e2y \u0111i\u1ec7n tr\u00ean cao. N\u00f3 c\u00f3 kh\u1ea3 n\u0103ng t\u0103ng t\u1ed1c nhanh ch\u00f3ng v\u00e0 c\u00f3 th\u1ec3 \u0111\u1ea1t t\u1ed1c \u0111\u1ed9 t\u1ed1i \u0111a 350 km\/h ch\u1ec9 trong v\u00e0i ph\u00fat. T\u00e0u \u0111\u01b0\u1ee3c thi\u1ebft k\u1ebf tho\u1ea3i m\u00e1i v\u00e0 hi\u1ec7u qu\u1ea3, v\u1edbi n\u1ed9i th\u1ea5t r\u1ed9ng r\u00e3i v\u00e0 \u0111\u1ea7y \u0111\u1ee7 ti\u1ec7n nghi bao g\u1ed3m c\u00e1c t\u00ednh n\u0103ng nh\u01b0 gh\u1ebf ng\u1ed3i tho\u1ea3i m\u00e1i, Wi-Fi v\u00e0 m\u00e1y l\u1ea1nh.<\/div>","protected":false},"excerpt":{"rendered":"<p>Th\u01b0\u01a1ng hi\u1ec7u: VUA KHU\u00d4N<br \/>\nGi\u1edbi t\u00ednh: Unisex<br \/>\n\u0110\u1ed9 tu\u1ed5i: &gt; 8 tu\u1ed5i<br \/>\nS\u1ed1 m\u00f4 h\u00ecnh: 12021<br \/>\nPh\u00e2n lo\u1ea1i: T\u1eadp h\u1ee3p<br \/>\nH\u00ecnh d\u1ea1ng kh\u1ed1i nh\u1ef1a: G\u1ea1ch t\u1ef1 kh\u00f3a<br \/>\nCh\u1ea5t li\u1ec7u: Nh\u1ef1a<br \/>\nLo\u1ea1i nh\u1ef1a: ABS<br \/>\nKh\u1ed1i g\u1ea1ch: 1211 +<br \/>\nb\u00e1n tr\u01b0\u1edbc<\/p>","protected":false},"featured_media":41793,"comment_status":"open","ping_status":"closed","template":"","meta":{"_acf_changed":false},"product_cat":[1357,364],"product_tag":[9981,11332,11250,389,11080,8802],"class_list":["product","first","instock","shipping-taxable","purchasable","product-type-simple"],"acf":[],"_links":{"self":[{"href":"https:\/\/mouldking.store\/vi\/wp-json\/wp\/v2\/product\/41794","targetHints":{"allow":["GET"]}}],"collection":[{"href":"https:\/\/mouldking.store\/vi\/wp-json\/wp\/v2\/product"}],"about":[{"href":"https:\/\/mouldking.store\/vi\/wp-json\/wp\/v2\/types\/product"}],"replies":[{"embeddable":true,"href":"https:\/\/mouldking.store\/vi\/wp-json\/wp\/v2\/comments?post=41794"}],"wp:featuredmedia":[{"embeddable":true,"href":"https:\/\/mouldking.store\/vi\/wp-json\/wp\/v2\/media\/41793"}],"wp:attachment":[{"href":"https:\/\/mouldking.store\/vi\/wp-json\/wp\/v2\/media?parent=41794"}],"wp:term":[{"taxonomy":"product_cat","embeddable":true,"href":"https:\/\/mouldking.store\/vi\/wp-json\/wp\/v2\/product_cat?post=41794"},{"taxonomy":"product_tag","embeddable":true,"href":"https:\/\/mouldking.store\/vi\/wp-json\/wp\/v2\/product_tag?post=41794"}],"curies":[{"name":"wp","href":"https:\/\/api.w.org\/{rel}","templated":true}]}}