{"id":41806,"date":"2023-02-17T09:32:55","date_gmt":"2023-02-17T02:32:55","guid":{"rendered":"https:\/\/mouldking.store\/shop\/moc-factory-113560-general-grievous-head-with-694-pieces\/"},"modified":"2025-12-16T22:25:17","modified_gmt":"2025-12-16T15:25:17","slug":"moc-factory-113560-general-grievous-head-with-694-pieces","status":"publish","type":"product","link":"https:\/\/mouldking.store\/vi\/shop\/moc-factory-113560-general-grievous-head-with-694-pieces\/","title":{"rendered":"MOC Factory 113560 General Grievous Head with 694 Pieces"},"content":{"rendered":"<div>\u2705 MOC-113560 General Grievous Head<\/p>\n<p>\u2705T\u01b0\u1edbng qu\u00e2n Grievous l\u00e0 m\u1ed9t nh\u00e2n v\u1eadt h\u01b0 c\u1ea5u trong v\u0169 tr\u1ee5 Chi\u1ebfn tranh gi\u1eefa c\u00e1c v\u00ec sao v\u00e0 \u0111\u1ea7u c\u1ee7a \u00f4ng \u0111\u01b0\u1ee3c mi\u00eau t\u1ea3 l\u00e0 m\u1ed9t c\u1ea5u tr\u00fac c\u01a1 h\u1ecdc \u0111\u01b0\u1ee3c thi\u1ebft k\u1ebf \u0111\u1ec3 ch\u1ee9a b\u1ed9 n\u00e3o h\u1eefu c\u01a1 v\u00e0 c\u00e1c c\u01a1 quan c\u1ea3m gi\u00e1c c\u1ee7a \u00f4ng.<\/p>\n<p>\ud83d\udeab QUAN TR\u1eccNG!<\/p>\n<p>T\u00ean s\u1ea3n ph\u1ea9m: General Grievous Head<\/p>\n<p>Th\u1ec3 lo\u1ea1i: Chi\u1ebfn tranh gi\u1eefa c\u00e1c v\u00ec sao<\/p>\n<p>B\u1ed9 n\u00e0y ch\u1ee9a: MOC-113560<\/p>\n<p>694 chi\u1ebfc G\u1ea1ch ch\u1ea5t l\u01b0\u1ee3ng t\u1ed1t<\/p>\n<p>H\u01b0\u1edbng d\u1eabn PDF<\/p>\n<p>\ud83d\udcccB\u1ea3n ch\u1ea5t c\u1ee7a nh\u00e2n v\u1eadt ch\u00ednh<\/p>\n<p>Gi\u1edbi thi\u1ec7u b\u1ed9 s\u01b0u t\u1eadp \u0111\u00e1ng t\u1ef1 h\u00e0o c\u1ee7a ch\u00fang t\u00f4i mang t\u00ean \u201cGeneral Grievous Head\u201d m\u00e0 b\u1ea1n kh\u00f4ng n\u00ean b\u1ecf l\u1ee1.<\/p>\n<p>Trong lo\u1ea1t phim ho\u1ea1t h\u00ecnh v\u00e0 phim Chi\u1ebfn tranh gi\u1eefa c\u00e1c v\u00ec sao, T\u01b0\u1edbng qu\u00e2n Grievous l\u00e0 m\u1ed9t ng\u01b0\u1eddi m\u00e1y v\u1edbi ph\u1ea7n tr\u00ean h\u00ecnh ng\u01b0\u1eddi \u0111\u01b0\u1ee3c g\u1eafn tr\u00ean n\u1eeda d\u01b0\u1edbi c\u01a1 kh\u00ed. \u0110\u1ea7u c\u1ee7a anh ta \u0111\u01b0\u1ee3c t\u1ea1o th\u00e0nh t\u1eeb m\u1ed9t c\u1ea5u tr\u00fac kim lo\u1ea1i h\u00ecnh tr\u1ee5, v\u1edbi ph\u1ea7n ph\u00eda tr\u01b0\u1edbc ph\u1eb3ng, g\u00f3c c\u1ea1nh gi\u1ed1ng nh\u01b0 h\u1ed9p s\u1ecd v\u00e0 hai con m\u1eaft m\u00e0u v\u00e0ng ph\u00e1t s\u00e1ng n\u1eb1m s\u00e2u trong h\u1ed1c c\u1ee7a n\u00f3. Ph\u1ea7n ph\u00eda tr\u01b0\u1edbc c\u1ee7a \u0111\u1ea7u anh ta c\u0169ng \u0111\u01b0\u1ee3c trang tr\u00ed b\u1eb1ng m\u1ed9t lo\u1ea1t c\u00e1c \u0111\u01b0\u1eddng g\u1edd v\u00e0 \u0111\u01b0\u1eddng k\u1ebb t\u1ea1o cho n\u00f3 m\u1ed9t v\u1ebb ngo\u00e0i \u0111\u00e1ng s\u1ee3, \u0111\u1eb7c bi\u1ec7t.<\/p><\/div>","protected":false},"excerpt":{"rendered":"<p>Th\u01b0\u01a1ng hi\u1ec7u: Nh\u00e0 m\u00e1y M\u1ed8C<br \/>\nGi\u1edbi t\u00ednh: Unisex<br \/>\n\u0110\u1ed9 tu\u1ed5i: &gt; 14 tu\u1ed5i<br \/>\nS\u1ed1 m\u00f4 h\u00ecnh: 113560<br \/>\nPh\u00e2n lo\u1ea1i: T\u1eadp h\u1ee3p<br \/>\nH\u00ecnh d\u1ea1ng kh\u1ed1i nh\u1ef1a: G\u1ea1ch t\u1ef1 kh\u00f3a<br \/>\nCh\u1ea5t li\u1ec7u: Nh\u1ef1a<br \/>\nLo\u1ea1i nh\u1ef1a: ABS<br \/>\nKh\u1ed1i g\u1ea1ch: 694 +<br \/>\nKh\u00f4ng c\u00f3 h\u1ed9p<\/p>","protected":false},"featured_media":41804,"comment_status":"open","ping_status":"closed","template":"","meta":{"_acf_changed":false},"product_cat":[581,6016,415,1408],"product_tag":[11333,11334,6483,434,2276,436],"class_list":["product","first","instock","shipping-taxable","purchasable","product-type-simple"],"acf":[],"_links":{"self":[{"href":"https:\/\/mouldking.store\/vi\/wp-json\/wp\/v2\/product\/41806","targetHints":{"allow":["GET"]}}],"collection":[{"href":"https:\/\/mouldking.store\/vi\/wp-json\/wp\/v2\/product"}],"about":[{"href":"https:\/\/mouldking.store\/vi\/wp-json\/wp\/v2\/types\/product"}],"replies":[{"embeddable":true,"href":"https:\/\/mouldking.store\/vi\/wp-json\/wp\/v2\/comments?post=41806"}],"wp:featuredmedia":[{"embeddable":true,"href":"https:\/\/mouldking.store\/vi\/wp-json\/wp\/v2\/media\/41804"}],"wp:attachment":[{"href":"https:\/\/mouldking.store\/vi\/wp-json\/wp\/v2\/media?parent=41806"}],"wp:term":[{"taxonomy":"product_cat","embeddable":true,"href":"https:\/\/mouldking.store\/vi\/wp-json\/wp\/v2\/product_cat?post=41806"},{"taxonomy":"product_tag","embeddable":true,"href":"https:\/\/mouldking.store\/vi\/wp-json\/wp\/v2\/product_tag?post=41806"}],"curies":[{"name":"wp","href":"https:\/\/api.w.org\/{rel}","templated":true}]}}