{"id":41827,"date":"2023-02-17T10:42:18","date_gmt":"2023-02-17T03:42:18","guid":{"rendered":"https:\/\/mouldking.store\/shop\/pantasy-81104-spirit-cage-flower-of-mana-with-100-pieces\/"},"modified":"2023-02-17T10:42:18","modified_gmt":"2023-02-17T03:42:18","slug":"pantasy-81104-spirit-cage-flower-of-mana-with-100-pieces","status":"publish","type":"product","link":"https:\/\/mouldking.store\/vi\/shop\/pantasy-81104-spirit-cage-flower-of-mana-with-100-pieces\/","title":{"rendered":"Pantasy 81104 Spirit Cage: Flower of Mana with 100 Pieces"},"content":{"rendered":"<div>\u2705 Chi\u1ebfc l\u1ed3ng tinh th\u1ea7n PANTASY 81104: B\u00f4ng hoa mana<br \/>&nbsp;<br \/>\u2705Spirit Cage: Flower of Mana l\u00e0 m\u1ed9t b\u1ed9 kh\u1ed1i x\u00e2y d\u1ef1ng tuy\u1ec7t v\u1eddi \u0111\u00e3 \u0111\u01b0\u1ee3c t\u1ea1o ra cho qu\u00e1 tr\u00ecnh x\u00e2y d\u1ef1ng v\u00e0 s\u00e1ng t\u1ea1o. B\u1ed9 n\u00e0y bao g\u1ed3m nhi\u1ec1u m\u00e0u s\u1eafc, h\u00ecnh d\u1ea1ng v\u00e0 k\u00edch c\u1ee1 kh\u00e1c nhau \u0111\u1ec3 cho ph\u00e9p tr\u1ebb em c\u0169ng nh\u01b0 ng\u01b0\u1eddi l\u1edbn x\u00e2y d\u1ef1ng c\u00e1c t\u00e1c ph\u1ea9m \u0111i\u00eau kh\u1eafc 3D m\u1ed9t c\u00e1ch d\u1ec5 d\u00e0ng.<br \/>&nbsp;<br \/>\ud83d\udeab QUAN TR\u1eccNG!&nbsp;<br \/>&nbsp;<br \/>T\u00ean s\u1ea3n ph\u1ea9m: Spirit Cage: Flower of Mana<br \/>&nbsp;<br \/>Th\u1ec3 lo\u1ea1i: Ng\u01b0\u1eddi s\u00e1ng t\u1ea1o&nbsp;<br \/>&nbsp;<br \/>B\u1ed9 s\u1ea3n ph\u1ea9m n\u00e0y ch\u1ee9a: PANTASY 81104<br \/>&nbsp;<br \/>100 vi\u00ean g\u1ea1ch ch\u1ea5t l\u01b0\u1ee3ng t\u1ed1t&nbsp;<br \/>&nbsp;<br \/>K\u00edch th\u01b0\u1edbc: 12\u00d712\u00d718 cm<br \/>&nbsp;<br \/>H\u01b0\u1edbng d\u1eabn th\u1ee7 c\u00f4ng&nbsp;<br \/>&nbsp;<br \/>\ud83d\udcccB\u1ea3n ch\u1ea5t c\u1ee7a nh\u00e2n v\u1eadt ch\u00ednh&nbsp;<br \/>&nbsp;<br \/>Gi\u1edbi thi\u1ec7u b\u1ed9 s\u01b0u t\u1eadp \u0111\u00e1ng t\u1ef1 h\u00e0o c\u1ee7a ch\u00fang t\u00f4i mang t\u00ean \u201cChi\u1ebfc l\u1ed3ng tinh th\u1ea7n: B\u00f4ng hoa Mana\u201d m\u00e0 b\u1ea1n kh\u00f4ng n\u00ean b\u1ecf l\u1ee1.&nbsp;<br \/>&nbsp;<br \/>The Spirit Cage: Flower of Mana l\u00e0 m\u1ed9t kh\u1ed1i x\u00e2y d\u1ef1ng m\u1edbi \u0111\u01b0\u1ee3c thi\u1ebft l\u1eadp t\u1eeb lo\u1ea1t tr\u00f2 ch\u01a1i \u0111i\u1ec7n \u1ea3nh v\u00e0 truy\u1ec1n h\u00ecnh. L\u1ea7n ph\u00e1t h\u00e0nh \u0111\u1ea7u ti\u00ean l\u00e0 v\u00e0o n\u0103m 2022, N\u00f3 \u0111i k\u00e8m v\u1edbi nhi\u1ec1u lo\u1ea1i v\u1eadt ph\u1ea9m c\u00f3 s\u1eb5n trong ba b\u1ed9 kh\u00e1c nhau.<\/div>","protected":false},"excerpt":{"rendered":"<p>Th\u01b0\u01a1ng hi\u1ec7u: pantasy<br \/>\nGi\u1edbi t\u00ednh: Unisex<br \/>\n\u0110\u1ed9 tu\u1ed5i: &gt; 6 tu\u1ed5i<br \/>\nS\u1ed1 m\u00f4 h\u00ecnh: 81104<br \/>\nPh\u00e2n lo\u1ea1i: T\u1eadp h\u1ee3p<br \/>\nH\u00ecnh d\u1ea1ng kh\u1ed1i nh\u1ef1a: G\u1ea1ch t\u1ef1 kh\u00f3a<br \/>\nCh\u1ea5t li\u1ec7u: Nh\u1ef1a<br \/>\nLo\u1ea1i nh\u1ef1a: ABS<br \/>\nKh\u1ed1i g\u1ea1ch: 100 +<br \/>\nM\u1ea3nh gh\u00e9p c\u00f3 th\u1ec3 thay \u0111\u1ed5i<\/p>","protected":false},"featured_media":41824,"comment_status":"open","ping_status":"closed","template":"","meta":{"_acf_changed":false},"product_cat":[1365,371],"product_tag":[11072,8452,11106,11336],"class_list":["product","first","instock","shipping-taxable","purchasable","product-type-simple"],"acf":[],"_links":{"self":[{"href":"https:\/\/mouldking.store\/vi\/wp-json\/wp\/v2\/product\/41827","targetHints":{"allow":["GET"]}}],"collection":[{"href":"https:\/\/mouldking.store\/vi\/wp-json\/wp\/v2\/product"}],"about":[{"href":"https:\/\/mouldking.store\/vi\/wp-json\/wp\/v2\/types\/product"}],"replies":[{"embeddable":true,"href":"https:\/\/mouldking.store\/vi\/wp-json\/wp\/v2\/comments?post=41827"}],"wp:featuredmedia":[{"embeddable":true,"href":"https:\/\/mouldking.store\/vi\/wp-json\/wp\/v2\/media\/41824"}],"wp:attachment":[{"href":"https:\/\/mouldking.store\/vi\/wp-json\/wp\/v2\/media?parent=41827"}],"wp:term":[{"taxonomy":"product_cat","embeddable":true,"href":"https:\/\/mouldking.store\/vi\/wp-json\/wp\/v2\/product_cat?post=41827"},{"taxonomy":"product_tag","embeddable":true,"href":"https:\/\/mouldking.store\/vi\/wp-json\/wp\/v2\/product_tag?post=41827"}],"curies":[{"name":"wp","href":"https:\/\/api.w.org\/{rel}","templated":true}]}}