{"id":41856,"date":"2023-02-20T12:15:00","date_gmt":"2023-02-20T05:15:00","guid":{"rendered":"https:\/\/mouldking.store\/shop\/moc-factory-73338-tusken-raider-helmet-with-677-pieces\/"},"modified":"2025-12-16T22:25:17","modified_gmt":"2025-12-16T15:25:17","slug":"moc-factory-73338-tusken-raider-helmet-with-677-pieces","status":"publish","type":"product","link":"https:\/\/mouldking.store\/vi\/shop\/moc-factory-73338-tusken-raider-helmet-with-677-pieces\/","title":{"rendered":"M\u0169 b\u1ea3o hi\u1ec3m Tusken Raider MOC Factory 73338 v\u1edbi 677 m\u1ea3nh gh\u00e9p"},"content":{"rendered":"<div>\u2705 M\u0169 b\u1ea3o hi\u1ec3m Tusken Raider MOC 73338<\/p>\n<p>\u2705 M\u0169 b\u1ea3o hi\u1ec3m Tusken Raider l\u00e0 m\u1ed9t lo\u1ea1i m\u0169 \u0111\u1ed9i \u0111\u1ea7u c\u1ee7a Tusken Raiders, m\u1ed9t nh\u00f3m c\u01b0 d\u00e2n du m\u1ee5c v\u00e0 th\u00f9 \u0111\u1ecbch c\u1ee7a h\u00e0nh tinh sa m\u1ea1c Tatooine trong v\u0169 tr\u1ee5 Chi\u1ebfn tranh gi\u1eefa c\u00e1c v\u00ec sao. Tusken Raiders c\u00f2n \u0111\u01b0\u1ee3c g\u1ecdi l\u00e0 &quot;Ng\u01b0\u1eddi c\u00e1t&quot; v\u00ec m\u00f4i tr\u01b0\u1eddng sa m\u1ea1c n\u01a1i h\u1ecd sinh s\u1ed1ng.<\/p>\n<p>\ud83d\udeab QUAN TR\u1eccNG!<\/p>\n<p>T\u00ean s\u1ea3n ph\u1ea9m: M\u0169 b\u1ea3o hi\u1ec3m Tusken Raider<\/p>\n<p>Th\u1ec3 lo\u1ea1i: Chi\u1ebfn tranh gi\u1eefa c\u00e1c v\u00ec sao<\/p>\n<p>B\u1ed9 n\u00e0y ch\u1ee9a: MOC 73338<\/p>\n<p>677 chi\u1ebfc G\u1ea1ch ch\u1ea5t l\u01b0\u1ee3ng t\u1ed1t<\/p>\n<p>K\u00edch th\u01b0\u1edbc: 9,6 x 16 x 20,8cm<\/p>\n<p>H\u01b0\u1edbng d\u1eabn PDF<\/p>\n<p>\ud83d\udcccB\u1ea3n ch\u1ea5t c\u1ee7a nh\u00e2n v\u1eadt ch\u00ednh<\/p>\n<p>Xin gi\u1edbi thi\u1ec7u b\u1ed9 s\u01b0u t\u1eadp \u0111\u00e1ng t\u1ef1 h\u00e0o c\u1ee7a ch\u00fang t\u00f4i mang t\u00ean \u201cM\u0169 b\u1ea3o hi\u1ec3m Tusken Raider\u201d m\u00e0 b\u1ea1n kh\u00f4ng n\u00ean b\u1ecf l\u1ee1.<\/p>\n<p>M\u0169 b\u1ea3o hi\u1ec3m Tusken Raider \u0111\u01b0\u1ee3c l\u00e0m t\u1eeb nhi\u1ec1u ch\u1ea5t li\u1ec7u kh\u00e1c nhau, bao g\u1ed3m da, da \u0111\u1ed9ng v\u1eadt v\u00e0 kim lo\u1ea1i. M\u0169 b\u1ea3o hi\u1ec3m che to\u00e0n b\u1ed9 \u0111\u1ea7u v\u00e0 m\u1eb7t c\u1ee7a Tusken Raider, v\u1edbi c\u00e1c khe nh\u1ecf \u1edf m\u1eaft v\u00e0 mi\u1ec7ng \u0111\u1ec3 c\u00f3 th\u1ec3 nh\u00ecn v\u00e0 th\u1edf. M\u0169 b\u1ea3o hi\u1ec3m \u0111\u01b0\u1ee3c thi\u1ebft k\u1ebf \u0111\u1ec3 b\u1ea3o v\u1ec7 Tusken Raider kh\u1ecfi \u0111i\u1ec1u ki\u1ec7n kh\u1eafc nghi\u1ec7t c\u1ee7a sa m\u1ea1c v\u00e0 b\u00e3o c\u00e1t, c\u0169ng nh\u01b0 g\u00e2y s\u1ee3 h\u00e3i cho k\u1ebb th\u00f9 c\u1ee7a h\u1ecd.<\/p><\/div>","protected":false},"excerpt":{"rendered":"<p>Th\u01b0\u01a1ng hi\u1ec7u: Nh\u00e0 m\u00e1y M\u1ed8C<br \/>\nGi\u1edbi t\u00ednh: Unisex<br \/>\n\u0110\u1ed9 tu\u1ed5i: &gt; 8 tu\u1ed5i<br \/>\nS\u1ed1 m\u00f4 h\u00ecnh: 73338<br \/>\nPh\u00e2n lo\u1ea1i: T\u1eadp h\u1ee3p<br \/>\nH\u00ecnh d\u1ea1ng kh\u1ed1i nh\u1ef1a: G\u1ea1ch t\u1ef1 kh\u00f3a<br \/>\nCh\u1ea5t li\u1ec7u: Nh\u1ef1a<br \/>\nLo\u1ea1i nh\u1ef1a: ABS<br \/>\nKh\u1ed1i g\u1ea1ch: 677 +<br \/>\nKh\u00f4ng c\u00f3 h\u1ed9p<\/p>","protected":false},"author":83,"featured_media":41851,"comment_status":"open","ping_status":"closed","template":"","meta":{"_acf_changed":false},"product_cat":[581,6016,415,1408],"product_tag":[8047,434,11341,2276,436,2704,11342],"class_list":["product","first","instock","shipping-taxable","purchasable","product-type-simple"],"acf":[],"_links":{"self":[{"href":"https:\/\/mouldking.store\/vi\/wp-json\/wp\/v2\/product\/41856","targetHints":{"allow":["GET"]}}],"collection":[{"href":"https:\/\/mouldking.store\/vi\/wp-json\/wp\/v2\/product"}],"about":[{"href":"https:\/\/mouldking.store\/vi\/wp-json\/wp\/v2\/types\/product"}],"author":[{"embeddable":true,"href":"https:\/\/mouldking.store\/vi\/wp-json\/wp\/v2\/users\/83"}],"replies":[{"embeddable":true,"href":"https:\/\/mouldking.store\/vi\/wp-json\/wp\/v2\/comments?post=41856"}],"wp:featuredmedia":[{"embeddable":true,"href":"https:\/\/mouldking.store\/vi\/wp-json\/wp\/v2\/media\/41851"}],"wp:attachment":[{"href":"https:\/\/mouldking.store\/vi\/wp-json\/wp\/v2\/media?parent=41856"}],"wp:term":[{"taxonomy":"product_cat","embeddable":true,"href":"https:\/\/mouldking.store\/vi\/wp-json\/wp\/v2\/product_cat?post=41856"},{"taxonomy":"product_tag","embeddable":true,"href":"https:\/\/mouldking.store\/vi\/wp-json\/wp\/v2\/product_tag?post=41856"}],"curies":[{"name":"wp","href":"https:\/\/api.w.org\/{rel}","templated":true}]}}