{"id":41865,"date":"2023-02-20T12:34:14","date_gmt":"2023-02-20T05:34:14","guid":{"rendered":"https:\/\/mouldking.store\/shop\/moc-factory-79958-crosshair-helmet-collection-with-111-pieces\/"},"modified":"2025-12-16T22:25:17","modified_gmt":"2025-12-16T15:25:17","slug":"moc-factory-79958-crosshair-helmet-collection-with-111-pieces","status":"publish","type":"product","link":"https:\/\/mouldking.store\/vi\/shop\/moc-factory-79958-crosshair-helmet-collection-with-111-pieces\/","title":{"rendered":"MOC Factory 79958 Crosshair (B\u1ed9 s\u01b0u t\u1eadp m\u0169 b\u1ea3o hi\u1ec3m) v\u1edbi 111 mi\u1ebfng"},"content":{"rendered":"<div>\u2705 MOC 79958 Crosshair (B\u1ed9 s\u01b0u t\u1eadp m\u0169 b\u1ea3o hi\u1ec3m)<\/p>\n<p>\u2705Crosshair l\u00e0 m\u1ed9t nh\u00e2n v\u1eadt trong lo\u1ea1t phim ho\u1ea1t h\u00ecnh Chi\u1ebfn tranh gi\u1eefa c\u00e1c v\u00ec sao \u201cThe Bad Batch\u201d. Anh ta l\u00e0 th\u00e0nh vi\u00ean c\u1ee7a Bad Batch danh ngh\u0129a, m\u1ed9t nh\u00f3m g\u1ed3m nh\u1eefng ng\u01b0\u1eddi l\u00ednh nh\u00e2n b\u1ea3n \u01b0u t\u00fa v\u1edbi nh\u1eefng \u0111\u1ed9t bi\u1ebfn gen \u0111\u1ed9c nh\u1ea5t mang l\u1ea1i cho h\u1ecd nh\u1eefng k\u1ef9 n\u0103ng v\u00e0 kh\u1ea3 n\u0103ng \u0111\u1eb7c bi\u1ec7t. Crosshair \u0111\u01b0\u1ee3c bi\u1ebft \u0111\u1ebfn v\u1edbi \u0111\u1ed9 ch\u00ednh x\u00e1c v\u00e0 t\u00e0i thi\u1ec7n x\u1ea1 \u0111\u1eb7c bi\u1ec7t, c\u0169ng nh\u01b0 t\u00ednh c\u00e1ch l\u1ea1nh l\u00f9ng v\u00e0 toan t\u00ednh c\u1ee7a anh ta.<\/p>\n<p>\ud83d\udeab QUAN TR\u1eccNG!<\/p>\n<p>T\u00ean s\u1ea3n ph\u1ea9m: Crosshair (B\u1ed9 s\u01b0u t\u1eadp m\u0169 b\u1ea3o hi\u1ec3m)<\/p>\n<p>Th\u1ec3 lo\u1ea1i: Chi\u1ebfn tranh gi\u1eefa c\u00e1c v\u00ec sao<\/p>\n<p>B\u1ed9 n\u00e0y ch\u1ee9a: MOC 79958&nbsp;<\/p>\n<p>111 vi\u00ean g\u1ea1ch ch\u1ea5t l\u01b0\u1ee3ng t\u1ed1t<\/p>\n<p>K\u00edch th\u01b0\u1edbc: 9,6 x 9,6 x 20 cm<\/p>\n<p>H\u01b0\u1edbng d\u1eabn PDF<\/p>\n<p>\ud83d\udcccB\u1ea3n ch\u1ea5t c\u1ee7a nh\u00e2n v\u1eadt ch\u00ednh<\/p>\n<p>Xin gi\u1edbi thi\u1ec7u b\u1ed9 s\u01b0u t\u1eadp \u0111\u00e1ng t\u1ef1 h\u00e0o c\u1ee7a ch\u00fang t\u00f4i mang t\u00ean \u201cCrosshair (B\u1ed9 s\u01b0u t\u1eadp m\u0169 b\u1ea3o hi\u1ec3m)\u201d m\u00e0 b\u1ea1n kh\u00f4ng n\u00ean b\u1ecf l\u1ee1.<\/p>\n<p>M\u0169 b\u1ea3o hi\u1ec3m c\u1ee7a Crosshair r\u1ea5t \u0111\u1eb7c bi\u1ec7t, v\u1edbi m\u1ed9t \u00f4 nh\u1eafm m\u1ee5c ti\u00eau tr\u00ean t\u1ea5m che m\u1eb7t gi\u00fap anh ta s\u1eafp x\u1ebfp c\u00e1c c\u00fa \u0111\u00e1nh c\u1ee7a m\u00ecnh v\u1edbi \u0111\u1ed9 ch\u00ednh x\u00e1c ch\u1ebft ng\u01b0\u1eddi. M\u0169 b\u1ea3o hi\u1ec3m c\u0169ng bao g\u1ed3m m\u1ed9t m\u00e1y \u0111o t\u1ea7m xa v\u00e0 m\u1ed9t li\u00ean k\u1ebft t\u00edch h\u1ee3p, cho ph\u00e9p Crosshair li\u00ean l\u1ea1c v\u1edbi \u0111\u1ed9i c\u1ee7a anh ta v\u00e0 ph\u1ed1i h\u1ee3p c\u00e1c cu\u1ed9c t\u1ea5n c\u00f4ng. M\u0169 b\u1ea3o hi\u1ec3m c\u00f3 t\u00f4ng m\u00e0u ch\u1ee7 \u0111\u1ea1o l\u00e0 \u0111en, v\u1edbi c\u00e1c \u0111i\u1ec3m nh\u1ea5n m\u00e0u \u0111\u1ecf v\u00e0 tr\u1eafng.<\/p><\/div>","protected":false},"excerpt":{"rendered":"<p>Th\u01b0\u01a1ng hi\u1ec7u: Nh\u00e0 m\u00e1y M\u1ed8C<br \/>\nGi\u1edbi t\u00ednh: Unisex<br \/>\n\u0110\u1ed9 tu\u1ed5i: &gt; 8 tu\u1ed5i<br \/>\nS\u1ed1 m\u00f4 h\u00ecnh: 79958<br \/>\nPh\u00e2n lo\u1ea1i: T\u1eadp h\u1ee3p<br \/>\nH\u00ecnh d\u1ea1ng kh\u1ed1i nh\u1ef1a: G\u1ea1ch t\u1ef1 kh\u00f3a<br \/>\nCh\u1ea5t li\u1ec7u: Nh\u1ef1a<br \/>\nLo\u1ea1i nh\u1ef1a: ABS<br \/>\nKh\u1ed1i g\u1ea1ch: 111 +<br \/>\nKh\u00f4ng c\u00f3 h\u1ed9p<\/p>","protected":false},"featured_media":41862,"comment_status":"open","ping_status":"closed","template":"","meta":{"_acf_changed":false},"product_cat":[581,6016,415,1408],"product_tag":[8149,11344,8047,434,2276,436],"class_list":["product","first","instock","shipping-taxable","purchasable","product-type-simple"],"acf":[],"_links":{"self":[{"href":"https:\/\/mouldking.store\/vi\/wp-json\/wp\/v2\/product\/41865","targetHints":{"allow":["GET"]}}],"collection":[{"href":"https:\/\/mouldking.store\/vi\/wp-json\/wp\/v2\/product"}],"about":[{"href":"https:\/\/mouldking.store\/vi\/wp-json\/wp\/v2\/types\/product"}],"replies":[{"embeddable":true,"href":"https:\/\/mouldking.store\/vi\/wp-json\/wp\/v2\/comments?post=41865"}],"wp:featuredmedia":[{"embeddable":true,"href":"https:\/\/mouldking.store\/vi\/wp-json\/wp\/v2\/media\/41862"}],"wp:attachment":[{"href":"https:\/\/mouldking.store\/vi\/wp-json\/wp\/v2\/media?parent=41865"}],"wp:term":[{"taxonomy":"product_cat","embeddable":true,"href":"https:\/\/mouldking.store\/vi\/wp-json\/wp\/v2\/product_cat?post=41865"},{"taxonomy":"product_tag","embeddable":true,"href":"https:\/\/mouldking.store\/vi\/wp-json\/wp\/v2\/product_tag?post=41865"}],"curies":[{"name":"wp","href":"https:\/\/api.w.org\/{rel}","templated":true}]}}