{"id":41872,"date":"2023-02-20T14:13:57","date_gmt":"2023-02-20T07:13:57","guid":{"rendered":"https:\/\/mouldking.store\/shop\/moc-factory-46502-jango-fett-helmet-bust-with-579-pieces\/"},"modified":"2025-12-16T22:25:16","modified_gmt":"2025-12-16T15:25:16","slug":"moc-factory-46502-jango-fett-helmet-bust-with-579-pieces","status":"publish","type":"product","link":"https:\/\/mouldking.store\/vi\/shop\/moc-factory-46502-jango-fett-helmet-bust-with-579-pieces\/","title":{"rendered":"MOC Factory 46502 B\u00e1n th\u00e2n m\u0169 b\u1ea3o hi\u1ec3m Jango Fett v\u1edbi 579 m\u1ea3nh gh\u00e9p"},"content":{"rendered":"<div>\u2705 MOC 46502 Jango Fett Helmet Bust<\/p>\n<p>\u2705Jango Fett Helmet Bust is a collectible item that represents the helmet of the character Jango Fett from the Star Wars franchise. Jango Fett is a fictional character from the Star Wars universe, and is known as the &#8220;father&#8221; of the iconic character Boba Fett.<\/p>\n<p>\ud83d\udeab QUAN TR\u1eccNG!<\/p>\n<p>Product Name: Jango Fett Helmet Bust<\/p>\n<p>Th\u1ec3 lo\u1ea1i: Chi\u1ebfn tranh gi\u1eefa c\u00e1c v\u00ec sao<\/p>\n<p>This Kit Contains: MOC 46502<\/p>\n<p>579 pcs Good Quality Bricks<\/p>\n<p>Size: 12 x 12 x 20cm<\/p>\n<p>H\u01b0\u1edbng d\u1eabn PDF<\/p>\n<p>\ud83d\udcccB\u1ea3n ch\u1ea5t c\u1ee7a nh\u00e2n v\u1eadt ch\u00ednh<\/p>\n<p>Introducing our proud collection named \u201cJango Fett Helmet Bust\u201d you should not miss.<\/p>\n<p>The Jango Fett Helmet Bust is typically made of high-quality materials such as resin or polystone, and is designed to replicate the look of the helmet worn by Jango Fett in the Star Wars movies. These busts are often hand-painted to ensure accuracy and attention to detail. The Jango Fett Helmet Bust is a popular item among collectors and fans of the Star Wars franchise, and can be displayed as a standalone piece or as part of a larger collection of Star Wars memorabilia.<\/p><\/div>","protected":false},"excerpt":{"rendered":"<p>Th\u01b0\u01a1ng hi\u1ec7u: Nh\u00e0 m\u00e1y M\u1ed8C<br \/>\nGi\u1edbi t\u00ednh: Unisex<br \/>\n\u0110\u1ed9 tu\u1ed5i: &gt; 8 tu\u1ed5i<br \/>\nModel Number: 46502<br \/>\nPh\u00e2n lo\u1ea1i: T\u1eadp h\u1ee3p<br \/>\nH\u00ecnh d\u1ea1ng kh\u1ed1i nh\u1ef1a: G\u1ea1ch t\u1ef1 kh\u00f3a<br \/>\nCh\u1ea5t li\u1ec7u: Nh\u1ef1a<br \/>\nLo\u1ea1i nh\u1ef1a: ABS<br \/>\nBricks Blocks: 579 +<br \/>\nKh\u00f4ng c\u00f3 h\u1ed9p<\/p>","protected":false},"featured_media":41867,"comment_status":"open","ping_status":"closed","template":"","meta":{"_acf_changed":false},"product_cat":[581,6016,415,1408],"product_tag":[1753,8047,11345,434,2276,436],"class_list":["product","first","instock","shipping-taxable","purchasable","product-type-simple"],"acf":[],"_links":{"self":[{"href":"https:\/\/mouldking.store\/vi\/wp-json\/wp\/v2\/product\/41872","targetHints":{"allow":["GET"]}}],"collection":[{"href":"https:\/\/mouldking.store\/vi\/wp-json\/wp\/v2\/product"}],"about":[{"href":"https:\/\/mouldking.store\/vi\/wp-json\/wp\/v2\/types\/product"}],"replies":[{"embeddable":true,"href":"https:\/\/mouldking.store\/vi\/wp-json\/wp\/v2\/comments?post=41872"}],"wp:featuredmedia":[{"embeddable":true,"href":"https:\/\/mouldking.store\/vi\/wp-json\/wp\/v2\/media\/41867"}],"wp:attachment":[{"href":"https:\/\/mouldking.store\/vi\/wp-json\/wp\/v2\/media?parent=41872"}],"wp:term":[{"taxonomy":"product_cat","embeddable":true,"href":"https:\/\/mouldking.store\/vi\/wp-json\/wp\/v2\/product_cat?post=41872"},{"taxonomy":"product_tag","embeddable":true,"href":"https:\/\/mouldking.store\/vi\/wp-json\/wp\/v2\/product_tag?post=41872"}],"curies":[{"name":"wp","href":"https:\/\/api.w.org\/{rel}","templated":true}]}}