{"id":41900,"date":"2023-02-20T15:05:35","date_gmt":"2023-02-20T08:05:35","guid":{"rendered":"https:\/\/mouldking.store\/shop\/reobrix-683-dodge-viper-racer-car-with-419-pieces\/"},"modified":"2023-02-20T15:05:35","modified_gmt":"2023-02-20T08:05:35","slug":"reobrix-683-dodge-viper-racer-car-with-419-pieces","status":"publish","type":"product","link":"https:\/\/mouldking.store\/vi\/shop\/reobrix-683-dodge-viper-racer-car-with-419-pieces\/","title":{"rendered":"REOBRIX 683 Xe \u0111ua Dodge Viper v\u1edbi 419 m\u1ea3nh gh\u00e9p"},"content":{"rendered":"<div>\u2705 Xe \u0111ua Dodge Viper Reobrix 683<br \/>&nbsp;<br \/>\u2705Xe Dodge Viper Racer l\u00e0 m\u1ed9t chi\u1ebfc xe th\u1ec3 thao hi\u1ec7u su\u1ea5t cao \u0111\u01b0\u1ee3c thi\u1ebft k\u1ebf cho m\u1ee5c \u0111\u00edch \u0111ua xe. N\u00f3 d\u1ef1a tr\u00ean Dodge Viper, m\u1ed9t chi\u1ebfc xe th\u1ec3 thao ph\u1ed5 bi\u1ebfn \u0111\u01b0\u1ee3c s\u1ea3n xu\u1ea5t b\u1edfi nh\u00e0 s\u1ea3n xu\u1ea5t xe h\u01a1i M\u1ef9 Dodge.<br \/>&nbsp;<br \/>\ud83d\udeab QUAN TR\u1eccNG!&nbsp;<br \/>&nbsp;<br \/>T\u00ean s\u1ea3n ph\u1ea9m: Xe \u0111ua Dodge Viper<br \/>&nbsp;<br \/>Danh m\u1ee5c: K\u1ef9 thu\u1eadt<br \/>&nbsp;<br \/>B\u1ed9 n\u00e0y ch\u1ee9a: Reobrix 683<br \/>&nbsp;<br \/>419 chi\u1ebfc G\u1ea1ch ch\u1ea5t l\u01b0\u1ee3ng t\u1ed1t&nbsp;<br \/>&nbsp;<br \/>K\u00edch th\u01b0\u1edbc: 16,6 x 7,8 x 4,9 cm<br \/>&nbsp;<br \/>H\u01b0\u1edbng d\u1eabn th\u1ee7 c\u00f4ng&nbsp;<br \/>&nbsp;<br \/>\ud83d\udcccB\u1ea3n ch\u1ea5t c\u1ee7a nh\u00e2n v\u1eadt ch\u00ednh&nbsp;<br \/>&nbsp;<br \/>Xin gi\u1edbi thi\u1ec7u b\u1ed9 s\u01b0u t\u1eadp \u0111\u00e1ng t\u1ef1 h\u00e0o c\u1ee7a ch\u00fang t\u00f4i mang t\u00ean \u201cXe \u0111ua Dodge Viper\u201d m\u00e0 b\u1ea1n kh\u00f4ng n\u00ean b\u1ecf l\u1ee1.&nbsp;<\/p>\n<p>Xe Viper Racer \u0111\u01b0\u1ee3c thi\u1ebft k\u1ebf d\u00e0nh ri\u00eang cho \u0111\u01b0\u1eddng \u0111ua v\u00e0 c\u00f3 m\u1ed9t lo\u1ea1t c\u00e1c t\u00ednh n\u0103ng v\u00e0 c\u00f4ng ngh\u1ec7 ti\u00ean ti\u1ebfn gi\u00fap xe c\u00f3 t\u00ednh c\u1ea1nh tranh cao tr\u00ean \u0111\u01b0\u1eddng \u0111ua. Nh\u1eefng t\u00ednh n\u0103ng n\u00e0y c\u00f3 th\u1ec3 bao g\u1ed3m k\u1ebft c\u1ea5u nh\u1eb9, \u0111\u1ed9ng c\u01a1 hi\u1ec7u su\u1ea5t cao, b\u1ed9 body kit kh\u00ed \u0111\u1ed9ng h\u1ecdc v\u00e0 l\u1ed1p xe \u0111ua chuy\u00ean d\u1ee5ng. Xe c\u0169ng \u0111\u01b0\u1ee3c l\u01b0\u1ee3c b\u1edbt \u0111\u1ec3 gi\u1ea3m tr\u1ecdng l\u01b0\u1ee3ng v\u00e0 t\u0103ng kh\u1ea3 n\u0103ng v\u1eadn h\u00e0nh, c\u00e1c t\u00ednh n\u0103ng nh\u01b0 \u0111i\u1ec1u h\u00f2a v\u00e0 h\u1ec7 th\u1ed1ng \u00e2m thanh \u0111\u1ec1u b\u1ecb lo\u1ea1i b\u1ecf. Xe Dodge Viper Racer c\u00f3 ngo\u1ea1i h\u00ecnh \u0111\u1eb7c bi\u1ec7t v\u1edbi nh\u1eefng \u0111\u01b0\u1eddng n\u00e9t b\u00f3ng b\u1ea9y, g\u00f3c c\u1ea1nh v\u00e0 d\u00e1ng xe th\u1ea5p, h\u1ea7m h\u1ed1. N\u00f3 c\u00f3 th\u1ec3 c\u00f3 m\u1ed9t lo\u1ea1t c\u00e1c thi\u1ebft k\u1ebf m\u00e0u s\u01a1n xe \u0111ua v\u00e0 logo c\u1ee7a nh\u00e0 t\u00e0i tr\u1ee3, c\u0169ng nh\u01b0 c\u00e1c t\u00ednh n\u0103ng h\u00ecnh \u1ea3nh \u0111\u1ed9c \u0111\u00e1o kh\u00e1c nh\u01b0 c\u00e1nh kh\u00ed \u0111\u1ed9ng h\u1ecdc v\u00e0 c\u00e1nh l\u01b0\u1edbt gi\u00f3.<\/p><\/div>","protected":false},"excerpt":{"rendered":"<p>Th\u01b0\u01a1ng hi\u1ec7u: REOBRIX<br \/>\nGi\u1edbi t\u00ednh: Unisex<br \/>\n\u0110\u1ed9 tu\u1ed5i: &gt; 14 tu\u1ed5i<br \/>\nS\u1ed1 m\u00f4 h\u00ecnh: 683<br \/>\nPh\u00e2n lo\u1ea1i: T\u1eadp h\u1ee3p<br \/>\nH\u00ecnh d\u1ea1ng kh\u1ed1i nh\u1ef1a: G\u1ea1ch t\u1ef1 kh\u00f3a<br \/>\nCh\u1ea5t li\u1ec7u: Nh\u1ef1a<br \/>\nLo\u1ea1i nh\u1ef1a: ABS<br \/>\nKh\u1ed1i g\u1ea1ch: 419 +<br \/>\nKh\u00f4ng c\u00f3 h\u1ed9p<\/p>","protected":false},"featured_media":41897,"comment_status":"open","ping_status":"closed","template":"","meta":{"_acf_changed":false},"product_cat":[1360,1357,364],"product_tag":[457,10882,11354,7761,389,11080,11355],"class_list":["product","first","instock","shipping-taxable","purchasable","product-type-simple"],"acf":[],"_links":{"self":[{"href":"https:\/\/mouldking.store\/vi\/wp-json\/wp\/v2\/product\/41900","targetHints":{"allow":["GET"]}}],"collection":[{"href":"https:\/\/mouldking.store\/vi\/wp-json\/wp\/v2\/product"}],"about":[{"href":"https:\/\/mouldking.store\/vi\/wp-json\/wp\/v2\/types\/product"}],"replies":[{"embeddable":true,"href":"https:\/\/mouldking.store\/vi\/wp-json\/wp\/v2\/comments?post=41900"}],"wp:featuredmedia":[{"embeddable":true,"href":"https:\/\/mouldking.store\/vi\/wp-json\/wp\/v2\/media\/41897"}],"wp:attachment":[{"href":"https:\/\/mouldking.store\/vi\/wp-json\/wp\/v2\/media?parent=41900"}],"wp:term":[{"taxonomy":"product_cat","embeddable":true,"href":"https:\/\/mouldking.store\/vi\/wp-json\/wp\/v2\/product_cat?post=41900"},{"taxonomy":"product_tag","embeddable":true,"href":"https:\/\/mouldking.store\/vi\/wp-json\/wp\/v2\/product_tag?post=41900"}],"curies":[{"name":"wp","href":"https:\/\/api.w.org\/{rel}","templated":true}]}}