{"id":41905,"date":"2023-02-20T15:24:04","date_gmt":"2023-02-20T08:24:04","guid":{"rendered":"https:\/\/mouldking.store\/shop\/reobrix-66030-star-revenge-planet-book-with-3058-pieces\/"},"modified":"2023-02-20T15:24:04","modified_gmt":"2023-02-20T08:24:04","slug":"reobrix-66030-star-revenge-planet-book-with-3058-pieces","status":"publish","type":"product","link":"https:\/\/mouldking.store\/vi\/shop\/reobrix-66030-star-revenge-planet-book-with-3058-pieces\/","title":{"rendered":"REOBRIX 66030 S\u00e1ch H\u00e0nh Tinh B\u00e1o Th\u00f9 V\u00ec Sao v\u1edbi 3058 M\u1ea3nh Gh\u00e9p"},"content":{"rendered":"<div>\u2705 Cu\u1ed1n s\u00e1ch H\u00e0nh tinh b\u00e1o th\u00f9 v\u00ec sao Reobrix 66030<br \/>&nbsp;<br \/>\u2705Cu\u1ed1n s\u00e1ch H\u00e0nh tinh b\u00e1o th\u00f9 c\u1ee7a c\u00e1c v\u00ec sao thu\u1ed9c s\u00ea-ri b\u1ed9 x\u1ebfp h\u00ecnh Star Wars v\u00e0 to\u00e0n b\u1ed9 b\u1ed9 n\u00e0y ch\u1ee9a 3058 h\u1ea1t x\u1ebfp h\u00ecnh. B\u1ea3n ph\u00e1t h\u00e0nh \u0111\u1ea7u ti\u00ean v\u00e0o n\u0103m 2023.<br \/>&nbsp;<br \/>\ud83d\udeab QUAN TR\u1eccNG!&nbsp;<br \/>&nbsp;<br \/>T\u00ean s\u1ea3n ph\u1ea9m: Star Revenge Planet Book<br \/>&nbsp;<br \/>Th\u1ec3 lo\u1ea1i: Chi\u1ebfn tranh gi\u1eefa c\u00e1c v\u00ec sao<br \/>&nbsp;<br \/>B\u1ed9 c\u00f4ng c\u1ee5 n\u00e0y ch\u1ee9a: Reobrix 66030<br \/>&nbsp;<br \/>3058 chi\u1ebfc G\u1ea1ch ch\u1ea5t l\u01b0\u1ee3ng t\u1ed1t&nbsp;<br \/>&nbsp;<br \/>K\u00edch th\u01b0\u1edbc: 64.5\u00d715\u00d729.5 cm<br \/>&nbsp;<br \/>H\u01b0\u1edbng d\u1eabn th\u1ee7 c\u00f4ng&nbsp;<br \/>&nbsp;<br \/>\ud83d\udcccB\u1ea3n ch\u1ea5t c\u1ee7a nh\u00e2n v\u1eadt ch\u00ednh&nbsp;<br \/>&nbsp;<br \/>Xin gi\u1edbi thi\u1ec7u b\u1ed9 s\u01b0u t\u1eadp \u0111\u00e1ng t\u1ef1 h\u00e0o c\u1ee7a ch\u00fang t\u00f4i mang t\u00ean \u201cS\u00e1ch h\u00e0nh tinh b\u00e1o th\u00f9 c\u1ee7a c\u00e1c v\u00ec sao\u201d m\u00e0 b\u1ea1n kh\u00f4ng n\u00ean b\u1ecf l\u1ee1.&nbsp;<br \/>&nbsp;<br \/>C\u00e1c kh\u1ed1i x\u00e2y d\u1ef1ng l\u00e0 m\u1ed9t c\u00e1ch tuy\u1ec7t v\u1eddi \u0111\u1ec3 gi\u1ebft th\u1eddi gian v\u00e0 t\u1ea1o ra nh\u1eefng t\u00e1c ph\u1ea9m \u0111\u1ed9c \u0111\u00e1o c\u1ee7a ri\u00eang b\u1ea1n, v\u00ec v\u1eady kh\u00f4ng c\u00f3 g\u00ec ng\u1ea1c nhi\u00ean khi nh\u1eefng v\u1eadt ph\u1ea9m n\u00e0y \u0111\u00e3 t\u1ed3n t\u1ea1i h\u00e0ng ngh\u00ecn n\u0103m. Cu\u1ed1n s\u00e1ch Star Revenge Planet c\u00f3 3058 h\u1ea1t m\u00e0 b\u1ea1n c\u00f3 th\u1ec3 s\u1eed d\u1ee5ng \u0111\u1ec3 x\u00e2y d\u1ef1ng b\u1ea5t c\u1ee9 th\u1ee9 g\u00ec b\u1ea1n mu\u1ed1n. \u0110\u00e2y l\u00e0 b\u1ea3n ph\u00e1t h\u00e0nh \u0111\u1ea7u ti\u00ean c\u1ee7a s\u00ea-ri v\u00e0o n\u0103m 2023 v\u00e0 \u0111\u01b0\u1ee3c t\u1ea1o ra v\u00ec c\u00f3 nh\u1eefng ng\u01b0\u1eddi mu\u1ed1n c\u00f3 nhi\u1ec1u kh\u1ed1i x\u00e2y d\u1ef1ng h\u01a1n.<\/div>","protected":false},"excerpt":{"rendered":"<p>Th\u01b0\u01a1ng hi\u1ec7u: REOBRIX<br \/>\nGi\u1edbi t\u00ednh: Unisex<br \/>\n\u0110\u1ed9 tu\u1ed5i: &gt; 14 tu\u1ed5i<br \/>\nS\u1ed1 m\u00f4 h\u00ecnh: 66030<br \/>\nPh\u00e2n lo\u1ea1i: T\u1eadp h\u1ee3p<br \/>\nH\u00ecnh d\u1ea1ng kh\u1ed1i nh\u1ef1a: G\u1ea1ch t\u1ef1 kh\u00f3a<br \/>\nCh\u1ea5t li\u1ec7u: Nh\u1ef1a<br \/>\nLo\u1ea1i nh\u1ef1a: ABS<br \/>\nKh\u1ed1i g\u1ea1ch: 3058 +<br \/>\nKh\u00f4ng c\u00f3 h\u1ed9p<br \/>\nB\u00e1n tr\u01b0\u1edbc v\u00e0o ng\u00e0y 28 th\u00e1ng 2<\/p>","protected":false},"featured_media":41902,"comment_status":"open","ping_status":"closed","template":"","meta":{"_acf_changed":false},"product_cat":[581,6016,415,1408],"product_tag":[1411,434,11356,5488,2276,673,436],"class_list":["product","first","instock","shipping-taxable","purchasable","product-type-simple"],"acf":[],"_links":{"self":[{"href":"https:\/\/mouldking.store\/vi\/wp-json\/wp\/v2\/product\/41905","targetHints":{"allow":["GET"]}}],"collection":[{"href":"https:\/\/mouldking.store\/vi\/wp-json\/wp\/v2\/product"}],"about":[{"href":"https:\/\/mouldking.store\/vi\/wp-json\/wp\/v2\/types\/product"}],"replies":[{"embeddable":true,"href":"https:\/\/mouldking.store\/vi\/wp-json\/wp\/v2\/comments?post=41905"}],"wp:featuredmedia":[{"embeddable":true,"href":"https:\/\/mouldking.store\/vi\/wp-json\/wp\/v2\/media\/41902"}],"wp:attachment":[{"href":"https:\/\/mouldking.store\/vi\/wp-json\/wp\/v2\/media?parent=41905"}],"wp:term":[{"taxonomy":"product_cat","embeddable":true,"href":"https:\/\/mouldking.store\/vi\/wp-json\/wp\/v2\/product_cat?post=41905"},{"taxonomy":"product_tag","embeddable":true,"href":"https:\/\/mouldking.store\/vi\/wp-json\/wp\/v2\/product_tag?post=41905"}],"curies":[{"name":"wp","href":"https:\/\/api.w.org\/{rel}","templated":true}]}}