{"id":41936,"date":"2023-02-20T16:04:38","date_gmt":"2023-02-20T09:04:38","guid":{"rendered":"https:\/\/mouldking.store\/shop\/reobrix-66029-ninja-world-street-view-book-stand-with-3086-pieces\/"},"modified":"2023-02-20T16:04:38","modified_gmt":"2023-02-20T09:04:38","slug":"reobrix-66029-ninja-world-street-view-book-stand-with-3086-pieces","status":"publish","type":"product","link":"https:\/\/mouldking.store\/vi\/shop\/reobrix-66029-ninja-world-street-view-book-stand-with-3086-pieces\/","title":{"rendered":"REOBRIX 66029 Gi\u00e1 s\u00e1ch Ninja World Street View v\u1edbi 3086 m\u1ea3nh"},"content":{"rendered":"<div>\u2705 Reobrix 66029 Ninja World Street View Book Stand<br \/>&nbsp;<br \/>\u2705Building block sets are a popular type of toy that allows children and adults to create their own models and structures by assembling individual pieces. These sets can range from simple designs with a few pieces, to complex models with thousands of pieces and intricate details. The Phantom Ninja series is likely to be a popular choice for fans of ninjas and Japanese culture.<br \/>&nbsp;<br \/>\ud83d\udeab QUAN TR\u1eccNG!&nbsp;<br \/>&nbsp;<br \/>Product Name: Ninja World Street View Book Stand<br \/>&nbsp;<br \/>Th\u1ec3 lo\u1ea1i: Ng\u01b0\u1eddi s\u00e1ng t\u1ea1o&nbsp;<br \/>&nbsp;<br \/>This Kit Contains: Reobrix 66029<br \/>&nbsp;<br \/>3086 pcs Good Quality Bricks&nbsp;<br \/>&nbsp;<br \/>Size: 66.5 \u00d7 14 \u00d7 30 cm<br \/>&nbsp;<br \/>H\u01b0\u1edbng d\u1eabn th\u1ee7 c\u00f4ng&nbsp;<br \/>&nbsp;<br \/>\ud83d\udcccB\u1ea3n ch\u1ea5t c\u1ee7a nh\u00e2n v\u1eadt ch\u00ednh&nbsp;<br \/>&nbsp;<br \/>Introducing our proud collection named \u201cNinja World Street View Book Stand\u201d you should not miss.&nbsp;<br \/>&nbsp;<br \/>Ninja World Street View Book (Ninja World) belongs to the Phantom Ninja series of building block sets, and the entire set contains 3086 building block particles. First release in 2023<\/div>","protected":false},"excerpt":{"rendered":"<p>Th\u01b0\u01a1ng hi\u1ec7u: REOBRIX<br \/>\nGi\u1edbi t\u00ednh: Unisex<br \/>\n\u0110\u1ed9 tu\u1ed5i: &gt; 8 tu\u1ed5i<br \/>\nModel Number: 66029<br \/>\nPh\u00e2n lo\u1ea1i: T\u1eadp h\u1ee3p<br \/>\nH\u00ecnh d\u1ea1ng kh\u1ed1i nh\u1ef1a: G\u1ea1ch t\u1ef1 kh\u00f3a<br \/>\nCh\u1ea5t li\u1ec7u: Nh\u1ef1a<br \/>\nLo\u1ea1i nh\u1ef1a: ABS<br \/>\nBricks Blocks: 3086 +<br \/>\nKh\u00f4ng c\u00f3 h\u1ed9p<br \/>\nB\u00e1n tr\u01b0\u1edbc v\u00e0o ng\u00e0y 28 th\u00e1ng 2<\/p>","protected":false},"featured_media":41929,"comment_status":"open","ping_status":"closed","template":"","meta":{"_acf_changed":false},"product_cat":[1365,371],"product_tag":[1411,11072,8452,8335,11359,8802],"class_list":["product","first","instock","shipping-taxable","purchasable","product-type-simple"],"acf":[],"_links":{"self":[{"href":"https:\/\/mouldking.store\/vi\/wp-json\/wp\/v2\/product\/41936","targetHints":{"allow":["GET"]}}],"collection":[{"href":"https:\/\/mouldking.store\/vi\/wp-json\/wp\/v2\/product"}],"about":[{"href":"https:\/\/mouldking.store\/vi\/wp-json\/wp\/v2\/types\/product"}],"replies":[{"embeddable":true,"href":"https:\/\/mouldking.store\/vi\/wp-json\/wp\/v2\/comments?post=41936"}],"wp:featuredmedia":[{"embeddable":true,"href":"https:\/\/mouldking.store\/vi\/wp-json\/wp\/v2\/media\/41929"}],"wp:attachment":[{"href":"https:\/\/mouldking.store\/vi\/wp-json\/wp\/v2\/media?parent=41936"}],"wp:term":[{"taxonomy":"product_cat","embeddable":true,"href":"https:\/\/mouldking.store\/vi\/wp-json\/wp\/v2\/product_cat?post=41936"},{"taxonomy":"product_tag","embeddable":true,"href":"https:\/\/mouldking.store\/vi\/wp-json\/wp\/v2\/product_tag?post=41936"}],"curies":[{"name":"wp","href":"https:\/\/api.w.org\/{rel}","templated":true}]}}