{"id":41945,"date":"2023-02-20T16:30:13","date_gmt":"2023-02-20T09:30:13","guid":{"rendered":"https:\/\/mouldking.store\/shop\/balody-21058-gingerbread-house-with-1026-pieces\/"},"modified":"2023-02-20T16:30:13","modified_gmt":"2023-02-20T09:30:13","slug":"balody-21058-gingerbread-house-with-1026-pieces","status":"publish","type":"product","link":"https:\/\/mouldking.store\/vi\/shop\/balody-21058-gingerbread-house-with-1026-pieces\/","title":{"rendered":"BALODY 21058 Nh\u00e0 B\u00e1nh G\u1eebng 1026 Mi\u1ebfng"},"content":{"rendered":"<div>\u2705 Ng\u00f4i Nh\u00e0 B\u00e1nh G\u1eebng BALODY 21058<br \/>&nbsp;<br \/>\u2705Ng\u00f4i nh\u00e0 b\u00e1nh g\u1eebng l\u00e0 m\u1ed9t m\u00f3n \u0103n trang tr\u00ed v\u00e0 l\u1ec5 h\u1ed9i th\u01b0\u1eddng \u0111\u01b0\u1ee3c l\u00e0m t\u1eeb b\u1ed9t b\u00e1nh m\u00ec g\u1eebng, kem l\u1ea1nh v\u00e0 nhi\u1ec1u lo\u1ea1i k\u1eb9o ho\u1eb7c \u0111\u1ed3 ng\u1ecdt kh\u00e1c nhau. B\u1ed9t b\u00e1nh g\u1eebng \u0111\u01b0\u1ee3c c\u1eaft th\u00e0nh h\u00ecnh v\u00e0 l\u1eafp r\u00e1p \u0111\u1ec3 t\u1ea1o th\u00e0nh c\u00e1c b\u1ee9c t\u01b0\u1eddng, m\u00e1i nh\u00e0 v\u00e0 c\u00e1c y\u1ebfu t\u1ed1 c\u1ea5u tr\u00fac kh\u00e1c c\u1ee7a ng\u00f4i nh\u00e0. L\u1edbp b\u0103ng \u0111\u01b0\u1ee3c s\u1eed d\u1ee5ng \u0111\u1ec3 d\u00e1n c\u00e1c m\u1ea3nh l\u1ea1i v\u1edbi nhau v\u00e0 th\u00eam c\u00e1c t\u00ednh n\u0103ng trang tr\u00ed nh\u01b0 c\u1eeda s\u1ed5, c\u1eeda ra v\u00e0o v\u00e0 c\u00e1c chi ti\u1ebft kh\u00e1c. K\u1eb9o v\u00e0 \u0111\u1ed3 ng\u1ecdt sau \u0111\u00f3 \u0111\u01b0\u1ee3c th\u00eam v\u00e0o \u0111\u1ec3 trang tr\u00ed ng\u00f4i nh\u00e0, ch\u1eb3ng h\u1ea1n nh\u01b0 k\u1eb9o cao su, k\u1eb9o que, v\u1ee5n s\u00f4 c\u00f4 la, v.v.<br \/>&nbsp;<br \/>\ud83d\udeab QUAN TR\u1eccNG!&nbsp;<br \/>&nbsp;<br \/>T\u00ean s\u1ea3n ph\u1ea9m: Ng\u00f4i nh\u00e0 b\u00e1nh g\u1eebng<br \/>&nbsp;<br \/>Th\u1ec3 lo\u1ea1i: Ng\u01b0\u1eddi s\u00e1ng t\u1ea1o&nbsp;<br \/>&nbsp;<br \/>B\u1ed9 s\u1ea3n ph\u1ea9m n\u00e0y ch\u1ee9a: BALODY 21058&nbsp;<br \/>&nbsp;<br \/>1026 vi\u00ean g\u1ea1ch ch\u1ea5t l\u01b0\u1ee3ng t\u1ed1t&nbsp;<br \/>&nbsp;<br \/>K\u00edch th\u01b0\u1edbc: 18.6\u00d78.6\u00d712.7cm<br \/>&nbsp;<br \/>H\u01b0\u1edbng d\u1eabn th\u1ee7 c\u00f4ng&nbsp;<br \/>&nbsp;<br \/>\ud83d\udcccB\u1ea3n ch\u1ea5t c\u1ee7a nh\u00e2n v\u1eadt ch\u00ednh&nbsp;<br \/>&nbsp;<br \/>Xin gi\u1edbi thi\u1ec7u b\u1ed9 s\u01b0u t\u1eadp \u0111\u00e1ng t\u1ef1 h\u00e0o c\u1ee7a ch\u00fang t\u00f4i mang t\u00ean \u201cGingerbread House\u201d m\u00e0 b\u1ea1n kh\u00f4ng n\u00ean b\u1ecf l\u1ee1.&nbsp;<br \/>&nbsp;<br \/>Nh\u1eefng ng\u00f4i nh\u00e0 b\u00e1nh g\u1eebng c\u00f3 th\u1ec3 c\u00f3 \u0111\u1ee7 h\u00ecnh d\u1ea1ng v\u00e0 k\u00edch c\u1ee1, t\u1eeb nh\u1ecf v\u00e0 \u0111\u01a1n gi\u1ea3n \u0111\u1ebfn l\u1edbn v\u00e0 ph\u1ee9c t\u1ea1p. Ch\u00fang th\u01b0\u1eddng \u0111\u01b0\u1ee3c trang tr\u00ed \u0111\u1ec3 tr\u00f4ng gi\u1ed1ng nh\u01b0 nh\u1eefng ng\u00f4i nh\u00e0 truy\u1ec1n th\u1ed1ng v\u1edbi m\u00e1i d\u1ed1c v\u00e0 \u1ed1ng kh\u00f3i, nh\u01b0ng ch\u00fang c\u0169ng c\u00f3 th\u1ec3 c\u00f3 nh\u1eefng h\u00ecnh d\u1ea1ng huy\u1ec1n \u1ea3o h\u01a1n nh\u01b0 l\u00e2u \u0111\u00e0i, nh\u00e0 tranh ho\u1eb7c th\u1eadm ch\u00ed l\u00e0 c\u00e2y th\u00f4ng Noel. Nh\u00e0 b\u00e1nh g\u1eebng l\u00e0 m\u1ed9t ho\u1ea1t \u0111\u1ed9ng ph\u1ed5 bi\u1ebfn trong ng\u00e0y l\u1ec5, th\u01b0\u1eddng \u0111\u01b0\u1ee3c l\u00e0m v\u1edbi gia \u0111\u00ecnh ho\u1eb7c b\u1ea1n b\u00e8, v\u00e0 c\u00f3 th\u1ec3 tr\u01b0ng b\u00e0y nh\u01b0 m\u1ed9t v\u1eadt trang tr\u00ed trong l\u1ec5 h\u1ed9i ho\u1eb7c th\u1eadm ch\u00ed \u0111\u01b0\u1ee3c \u0103n nh\u01b0 m\u1ed9t m\u00f3n ngon. Ch\u00fang l\u00e0 m\u1ed9t truy\u1ec1n th\u1ed1ng \u0111\u01b0\u1ee3c y\u00eau th\u00edch trong m\u00f9a Gi\u00e1ng sinh v\u00e0 l\u00e0 m\u1ed9t c\u00e1ch th\u00fa v\u1ecb \u0111\u1ec3 \u0103n m\u1eebng ng\u00e0y l\u1ec5.<\/div>","protected":false},"excerpt":{"rendered":"<p>Th\u01b0\u01a1ng hi\u1ec7u: BALODY<br \/>\nGi\u1edbi t\u00ednh: Unisex<br \/>\n\u0110\u1ed9 tu\u1ed5i: &gt; 6 tu\u1ed5i<br \/>\nS\u1ed1 m\u00f4 h\u00ecnh: 21058<br \/>\nPh\u00e2n lo\u1ea1i: T\u1eadp h\u1ee3p<br \/>\nH\u00ecnh d\u1ea1ng kh\u1ed1i nh\u1ef1a: G\u1ea1ch t\u1ef1 kh\u00f3a<br \/>\nCh\u1ea5t li\u1ec7u: Nh\u1ef1a<br \/>\nLo\u1ea1i nh\u1ef1a: ABS<br \/>\nKh\u1ed1i g\u1ea1ch: 1026 +<br \/>\nb\u00e1n tr\u01b0\u1edbc<\/p>","protected":false},"featured_media":41941,"comment_status":"open","ping_status":"closed","template":"","meta":{"_acf_changed":false},"product_cat":[1365,1395,371,390],"product_tag":[11072,8452,7499,7502,2318,392],"class_list":["product","first","instock","shipping-taxable","purchasable","product-type-simple"],"acf":[],"_links":{"self":[{"href":"https:\/\/mouldking.store\/vi\/wp-json\/wp\/v2\/product\/41945","targetHints":{"allow":["GET"]}}],"collection":[{"href":"https:\/\/mouldking.store\/vi\/wp-json\/wp\/v2\/product"}],"about":[{"href":"https:\/\/mouldking.store\/vi\/wp-json\/wp\/v2\/types\/product"}],"replies":[{"embeddable":true,"href":"https:\/\/mouldking.store\/vi\/wp-json\/wp\/v2\/comments?post=41945"}],"wp:featuredmedia":[{"embeddable":true,"href":"https:\/\/mouldking.store\/vi\/wp-json\/wp\/v2\/media\/41941"}],"wp:attachment":[{"href":"https:\/\/mouldking.store\/vi\/wp-json\/wp\/v2\/media?parent=41945"}],"wp:term":[{"taxonomy":"product_cat","embeddable":true,"href":"https:\/\/mouldking.store\/vi\/wp-json\/wp\/v2\/product_cat?post=41945"},{"taxonomy":"product_tag","embeddable":true,"href":"https:\/\/mouldking.store\/vi\/wp-json\/wp\/v2\/product_tag?post=41945"}],"curies":[{"name":"wp","href":"https:\/\/api.w.org\/{rel}","templated":true}]}}