{"id":41979,"date":"2022-02-20T18:09:46","date_gmt":"2022-02-20T11:09:46","guid":{"rendered":"https:\/\/mouldking.store\/shop\/cogo-17009-building-dreams-of-china-airlines-tracked-armored-engineering-vehicle-with-357-pieces\/"},"modified":"2023-03-10T11:02:43","modified_gmt":"2023-03-10T04:02:43","slug":"cogo-17009-building-dreams-of-china-airlines-tracked-armored-engineering-vehicle-with-357-pieces","status":"publish","type":"product","link":"https:\/\/mouldking.store\/vi\/shop\/cogo-17009-building-dreams-of-china-airlines-tracked-armored-engineering-vehicle-with-357-pieces\/","title":{"rendered":"Gi\u1ea5c m\u01a1 x\u00e2y d\u1ef1ng CoGo 17009 c\u1ee7a China Airlines: Ph\u01b0\u01a1ng ti\u1ec7n k\u1ef9 thu\u1eadt b\u1ecdc th\u00e9p b\u00e1nh x\u00edch v\u1edbi 357 m\u1ea3nh gh\u00e9p"},"content":{"rendered":"<div>\u2705 COGO 17009 Building Dreams of China Airlines: Tracked Armored Engineering Vehicle<br \/>&nbsp;<br \/>\u2705A Tracked Armored Engineering Vehicle is a type of military vehicle that is used for a variety of engineering tasks in combat and other operations. These vehicles are typically based on a tracked chassis, which allows them to navigate difficult terrain and provide heavy-duty support for other vehicles and troops in the field.<br \/>&nbsp;<br \/>\ud83d\udeab QUAN TR\u1eccNG!&nbsp;<br \/>&nbsp;<br \/>Product Name: Building Dreams of China Airlines: Tracked Armored Engineering Vehicle<br \/>&nbsp;<br \/>Th\u1ec3 lo\u1ea1i: Qu\u00e2n s\u1ef1<br \/>&nbsp;<br \/>This Kit Contains: COGO 17009<br \/>&nbsp;<br \/>357 pcs Good Quality Bricks&nbsp;<br \/>&nbsp;<br \/>H\u01b0\u1edbng d\u1eabn th\u1ee7 c\u00f4ng&nbsp;<br \/>&nbsp;<br \/>\ud83d\udcccB\u1ea3n ch\u1ea5t c\u1ee7a nh\u00e2n v\u1eadt ch\u00ednh&nbsp;<br \/>&nbsp;<br \/>Introducing our proud collection named \u201cBuilding Dreams of China Airlines: Tracked Armored Engineering Vehicle\u201d you should not miss.&nbsp;<br \/>&nbsp;<br \/>The specific capabilities of a Tracked Armored Engineering Vehicle can vary widely depending on its design and intended use. Some common features of these vehicles include bulldozer blades, excavation equipment, and other specialized tools and attachments for clearing obstacles, building fortifications, and repairing roads and other infrastructure. These vehicles may also be equipped with a range of defensive measures, such as armor plating, smoke dischargers, and machine guns, to protect them and their crew from enemy fire.<\/div>","protected":false},"excerpt":{"rendered":"<p>Th\u01b0\u01a1ng hi\u1ec7u: CoGO<br \/>\nGi\u1edbi t\u00ednh: Unisex<br \/>\n\u0110\u1ed9 tu\u1ed5i: &gt; 6 tu\u1ed5i<br \/>\nModel Number: 17009<br \/>\nPh\u00e2n lo\u1ea1i: T\u1eadp h\u1ee3p<br \/>\nH\u00ecnh d\u1ea1ng kh\u1ed1i nh\u1ef1a: G\u1ea1ch t\u1ef1 kh\u00f3a<br \/>\nCh\u1ea5t li\u1ec7u: Nh\u1ef1a<br \/>\nLo\u1ea1i nh\u1ef1a: ABS<br \/>\nBricks Blocks: 357 +<br \/>\nb\u00e1n tr\u01b0\u1edbc<\/p>","protected":false},"featured_media":41977,"comment_status":"open","ping_status":"closed","template":"","meta":{"_acf_changed":false},"product_cat":[1350,1357,372,364],"product_tag":[11221,10892,11364,11140,374,389,11373,2803],"class_list":["product","first","outofstock","shipping-taxable","purchasable","product-type-simple"],"acf":[],"_links":{"self":[{"href":"https:\/\/mouldking.store\/vi\/wp-json\/wp\/v2\/product\/41979","targetHints":{"allow":["GET"]}}],"collection":[{"href":"https:\/\/mouldking.store\/vi\/wp-json\/wp\/v2\/product"}],"about":[{"href":"https:\/\/mouldking.store\/vi\/wp-json\/wp\/v2\/types\/product"}],"replies":[{"embeddable":true,"href":"https:\/\/mouldking.store\/vi\/wp-json\/wp\/v2\/comments?post=41979"}],"wp:featuredmedia":[{"embeddable":true,"href":"https:\/\/mouldking.store\/vi\/wp-json\/wp\/v2\/media\/41977"}],"wp:attachment":[{"href":"https:\/\/mouldking.store\/vi\/wp-json\/wp\/v2\/media?parent=41979"}],"wp:term":[{"taxonomy":"product_cat","embeddable":true,"href":"https:\/\/mouldking.store\/vi\/wp-json\/wp\/v2\/product_cat?post=41979"},{"taxonomy":"product_tag","embeddable":true,"href":"https:\/\/mouldking.store\/vi\/wp-json\/wp\/v2\/product_tag?post=41979"}],"curies":[{"name":"wp","href":"https:\/\/api.w.org\/{rel}","templated":true}]}}