{"id":41993,"date":"2023-02-22T09:51:59","date_gmt":"2023-02-22T02:51:59","guid":{"rendered":"https:\/\/mouldking.store\/shop\/mould-king-10012-cadi-elrado-car-with-1245-pieces\/"},"modified":"2023-02-22T09:51:59","modified_gmt":"2023-02-22T02:51:59","slug":"mould-king-10012-cadi-elrado-car-with-1245-pieces","status":"publish","type":"product","link":"https:\/\/mouldking.store\/vi\/shop\/mould-king-10012-cadi-elrado-car-with-1245-pieces\/","title":{"rendered":"MOLD KING 10012 Xe Cadi-Elrado v\u1edbi 1245 Chi ti\u1ebft"},"content":{"rendered":"<div>\u2705 Khu\u00f4n King 10012 Xe Cadi-Elrado<br \/>&nbsp;<br \/>\u2705\u201dCadillac Eldorado\u201d (th\u01b0\u1eddng \u0111\u01b0\u1ee3c vi\u1ebft t\u1eaft l\u00e0 \u201cEl Dorado\u201d ho\u1eb7c \u0111\u01a1n gi\u1ea3n l\u00e0 \u201cEldo\u201d) l\u00e0 m\u1ed9t m\u1eabu xe h\u1ea1ng sang \u0111\u01b0\u1ee3c s\u1ea3n xu\u1ea5t b\u1edfi b\u1ed9 ph\u1eadn Cadillac c\u1ee7a General Motors t\u1eeb n\u0103m 1953 \u0111\u1ebfn n\u0103m 2002. \u0110\u00e2y l\u00e0 m\u1ed9t trong nh\u1eefng m\u1eabu xe th\u00e0nh c\u00f4ng nh\u1ea5t v\u00e0 l\u00e2u \u0111\u1eddi nh\u1ea5t c\u1ee7a Cadillac. \u0111\u01b0\u1ee3c bi\u1ebft \u0111\u1ebfn v\u1edbi ki\u1ec3u d\u00e1ng thanh l\u1ecbch, t\u00ednh n\u0103ng ti\u00ean ti\u1ebfn v\u00e0 \u0111\u1ed9ng c\u01a1 m\u1ea1nh m\u1ebd.<br \/>&nbsp;<br \/>\ud83d\udeab QUAN TR\u1eccNG!&nbsp;<br \/>&nbsp;<br \/>T\u00ean s\u1ea3n ph\u1ea9m: Xe Cadi-Elrado<br \/>&nbsp;<br \/>Danh m\u1ee5c: K\u1ef9 thu\u1eadt<br \/>&nbsp;<br \/>B\u1ed9 n\u00e0y ch\u1ee9a: Mold King 10012<br \/>&nbsp;<br \/>1245 chi\u1ebfc G\u1ea1ch ch\u1ea5t l\u01b0\u1ee3ng t\u1ed1t&nbsp;<br \/>&nbsp;<br \/>K\u00edch th\u01b0\u1edbc: 8.5 x 13.5 x 35cm<br \/>&nbsp;<br \/>H\u01b0\u1edbng d\u1eabn th\u1ee7 c\u00f4ng&nbsp;<br \/>&nbsp;<br \/>\ud83d\udcccB\u1ea3n ch\u1ea5t c\u1ee7a nh\u00e2n v\u1eadt ch\u00ednh&nbsp;<br \/>&nbsp;<br \/>Xin gi\u1edbi thi\u1ec7u b\u1ed9 s\u01b0u t\u1eadp \u0111\u00e1ng t\u1ef1 h\u00e0o c\u1ee7a ch\u00fang t\u00f4i mang t\u00ean \u201cCadi-Elrado Car\u201d m\u00e0 b\u1ea1n kh\u00f4ng n\u00ean b\u1ecf l\u1ee1.&nbsp;<br \/>&nbsp;<br \/>Cadillac Eldorado \u0111\u00e3 tr\u1ea3i qua m\u1ed9t s\u1ed1 thay \u0111\u1ed5i v\u1ec1 thi\u1ebft k\u1ebf trong nh\u1eefng n\u0103m qua, bao g\u1ed3m c\u1ea3 vi\u1ec7c chuy\u1ec3n t\u1eeb c\u1ee1 l\u1edbn sang c\u1ee1 trung v\u00e0o nh\u1eefng n\u0103m 1980. M\u1ed9t s\u1ed1 t\u00ednh n\u0103ng \u0111\u00e1ng ch\u00fa \u00fd nh\u1ea5t c\u1ee7a Eldorado bao g\u1ed3m c\u00e1nh \u0111u\u00f4i \u0111\u1eb7c bi\u1ec7t c\u1ee7a n\u00f3 v\u00e0o nh\u1eefng n\u0103m 1950 v\u00e0 60, h\u1ec7 th\u1ed1ng d\u1eabn \u0111\u1ed9ng c\u1ea7u tr\u01b0\u1edbc v\u00e0o nh\u1eefng n\u0103m 1960 v\u00e0 70, h\u1ec7 th\u1ed1ng phun nhi\u00ean li\u1ec7u v\u00e0 \u0111i\u1ec1u khi\u1ec3n \u0111i\u1ec7n t\u1eed ti\u00ean ti\u1ebfn v\u00e0o nh\u1eefng n\u0103m 1980 v\u00e0 h\u01a1n th\u1ebf n\u1eefa. Ng\u00e0y nay, Cadillac Eldorado v\u1eabn l\u00e0 chi\u1ebfc xe \u0111\u01b0\u1ee3c nhi\u1ec1u nh\u00e0 s\u01b0u t\u1eadp \u01b0a chu\u1ed9ng v\u00e0 l\u00e0 bi\u1ec3u t\u01b0\u1ee3ng c\u1ee7a s\u1ef1 \u0111\u1ed5i m\u1edbi v\u00e0 sang tr\u1ecdng trong l\u0129nh v\u1ef1c \u00f4 t\u00f4 c\u1ee7a M\u1ef9.<\/div>","protected":false},"excerpt":{"rendered":"<p>Th\u01b0\u01a1ng hi\u1ec7u: VUA KHU\u00d4N<br \/>\nGi\u1edbi t\u00ednh: Unisex<br \/>\n\u0110\u1ed9 tu\u1ed5i: &gt; 8 tu\u1ed5i<br \/>\nS\u1ed1 m\u00f4 h\u00ecnh: 10012<br \/>\nPh\u00e2n lo\u1ea1i: T\u1eadp h\u1ee3p<br \/>\nH\u00ecnh d\u1ea1ng kh\u1ed1i nh\u1ef1a: G\u1ea1ch t\u1ef1 kh\u00f3a<br \/>\nCh\u1ea5t li\u1ec7u: Nh\u1ef1a<br \/>\nLo\u1ea1i nh\u1ef1a: ABS<br \/>\nKh\u1ed1i g\u1ea1ch: 1245 +<br \/>\nKh\u00f4ng c\u00f3 h\u1ed9p<\/p>","protected":false},"featured_media":41987,"comment_status":"open","ping_status":"closed","template":"","meta":{"_acf_changed":false},"product_cat":[1360,1357,364],"product_tag":[457,389,11080],"class_list":["product","first","instock","shipping-taxable","purchasable","product-type-simple"],"acf":[],"_links":{"self":[{"href":"https:\/\/mouldking.store\/vi\/wp-json\/wp\/v2\/product\/41993","targetHints":{"allow":["GET"]}}],"collection":[{"href":"https:\/\/mouldking.store\/vi\/wp-json\/wp\/v2\/product"}],"about":[{"href":"https:\/\/mouldking.store\/vi\/wp-json\/wp\/v2\/types\/product"}],"replies":[{"embeddable":true,"href":"https:\/\/mouldking.store\/vi\/wp-json\/wp\/v2\/comments?post=41993"}],"wp:featuredmedia":[{"embeddable":true,"href":"https:\/\/mouldking.store\/vi\/wp-json\/wp\/v2\/media\/41987"}],"wp:attachment":[{"href":"https:\/\/mouldking.store\/vi\/wp-json\/wp\/v2\/media?parent=41993"}],"wp:term":[{"taxonomy":"product_cat","embeddable":true,"href":"https:\/\/mouldking.store\/vi\/wp-json\/wp\/v2\/product_cat?post=41993"},{"taxonomy":"product_tag","embeddable":true,"href":"https:\/\/mouldking.store\/vi\/wp-json\/wp\/v2\/product_tag?post=41993"}],"curies":[{"name":"wp","href":"https:\/\/api.w.org\/{rel}","templated":true}]}}