{"id":41998,"date":"2023-02-22T09:58:56","date_gmt":"2023-02-22T02:58:56","guid":{"rendered":"https:\/\/mouldking.store\/shop\/zhegao-00981-fishing-village-cabin-with-1881-pieces\/"},"modified":"2023-02-22T09:58:56","modified_gmt":"2023-02-22T02:58:56","slug":"zhegao-00981-fishing-village-cabin-with-1881-pieces","status":"publish","type":"product","link":"https:\/\/mouldking.store\/vi\/shop\/zhegao-00981-fishing-village-cabin-with-1881-pieces\/","title":{"rendered":"ZHEGAO 00981 Ng\u00f4i l\u00e0ng ch\u00e0i v\u1edbi 1881 m\u1ea3nh gh\u00e9p"},"content":{"rendered":"<div>\u2705 Cabin l\u00e0ng ch\u00e0i ZHEGAO 00981<br \/>&nbsp;<br \/>\u2705Nh\u00e0 g\u1ed7 l\u00e0ng ch\u00e0i th\u01b0\u1eddng l\u00e0 m\u1ed9t ng\u00f4i nh\u00e0 nh\u1ecf, m\u1ed9c m\u1ea1c n\u1eb1m trong ho\u1eb7c g\u1ea7n m\u1ed9t l\u00e0ng ch\u00e0i ho\u1eb7c c\u1ed9ng \u0111\u1ed3ng ven bi\u1ec3n. Cabin \u0111\u01b0\u1ee3c thi\u1ebft k\u1ebf \u0111\u1ec3 cung c\u1ea5p n\u01a1i tr\u00fa \u1ea9n v\u00e0 c\u00e1c ti\u1ec7n nghi c\u01a1 b\u1ea3n cho ng\u01b0 d\u00e2n v\u00e0 gia \u0111\u00ecnh c\u1ee7a h\u1ecd, v\u00e0 th\u01b0\u1eddng n\u1eb1m g\u1ea7n m\u1eb7t n\u01b0\u1edbc \u0111\u1ec3 d\u1ec5 d\u00e0ng ti\u1ebfp c\u1eadn t\u00e0u \u0111\u00e1nh c\u00e1 v\u00e0 thi\u1ebft b\u1ecb.<br \/>&nbsp;<br \/>\ud83d\udeab QUAN TR\u1eccNG!&nbsp;<br \/>&nbsp;<br \/>T\u00ean s\u1ea3n ph\u1ea9m: Nh\u00e0 Ngh\u1ec9 L\u00e0ng Ch\u00e0i<br \/>&nbsp;<br \/>Th\u1ec3 lo\u1ea1i: Ng\u01b0\u1eddi s\u00e1ng t\u1ea1o&nbsp;<br \/>&nbsp;<br \/>B\u1ed9 n\u00e0y ch\u1ee9a: ZHEGAO 00981 &nbsp;<br \/>&nbsp;<br \/>1881 chi\u1ebfc G\u1ea1ch ch\u1ea5t l\u01b0\u1ee3ng t\u1ed1t&nbsp;<br \/>&nbsp;<br \/>H\u01b0\u1edbng d\u1eabn th\u1ee7 c\u00f4ng&nbsp;<br \/>&nbsp;<br \/>\ud83d\udcccB\u1ea3n ch\u1ea5t c\u1ee7a nh\u00e2n v\u1eadt ch\u00ednh&nbsp;<br \/>&nbsp;<br \/>Gi\u1edbi thi\u1ec7u b\u1ed9 s\u01b0u t\u1eadp \u0111\u00e1ng t\u1ef1 h\u00e0o c\u1ee7a ch\u00fang t\u00f4i mang t\u00ean \u201cT\u00fap l\u1ec1u l\u00e0ng ch\u00e0i\u201d m\u00e0 b\u1ea1n kh\u00f4ng n\u00ean b\u1ecf l\u1ee1.&nbsp;<\/p>\n<p>M\u1eb7t ngo\u00e0i c\u1ee7a m\u1ed9t ng\u00f4i nh\u00e0 g\u1ed7 \u1edf l\u00e0ng ch\u00e0i th\u01b0\u1eddng \u0111\u01b0\u1ee3c l\u00e0m b\u1eb1ng g\u1ed7 ho\u1eb7c c\u00e1c v\u1eadt li\u1ec7u t\u1ef1 nhi\u00ean kh\u00e1c, v\u00e0 c\u00f3 th\u1ec3 \u0111\u01b0\u1ee3c s\u01a1n b\u1eb1ng t\u00f4ng m\u00e0u \u0111\u1ea5t tr\u1ea7m \u0111\u1ec3 h\u00f2a h\u1ee3p v\u1edbi m\u00f4i tr\u01b0\u1eddng xung quanh. Cabin th\u01b0\u1eddng c\u00f3 thi\u1ebft k\u1ebf \u0111\u01a1n gi\u1ea3n, ti\u1ec7n d\u1ee5ng, v\u1edbi m\u00e1i d\u1ed1c gi\u00fap che m\u01b0a v\u00e0 tuy\u1ebft, hi\u00ean ho\u1eb7c khu v\u1ef1c c\u00f3 m\u00e1i che \u0111\u1ec3 c\u1ea5t ng\u01b0 c\u1ee5 ho\u1eb7c th\u01b0 gi\u00e3n ngo\u00e0i tr\u1eddi. B\u00ean trong, cabin c\u1ee7a l\u00e0ng ch\u00e0i th\u01b0\u1eddng \u1ea5m c\u00fang v\u00e0 \u00edt \u0111\u1ed3 \u0111\u1ea1c, v\u1edbi c\u00e1c ti\u1ec7n nghi c\u01a1 b\u1ea3n nh\u01b0 b\u1ebfp nh\u1ecf, ch\u1ed7 ng\u1ee7 v\u00e0 ph\u00f2ng t\u1eafm nh\u1ecf. Cabin c\u00f3 th\u1ec3 c\u00f3 b\u1ebfp \u0111\u1ed1t c\u1ee7i ho\u1eb7c l\u00f2 s\u01b0\u1edfi \u0111\u1ec3 s\u01b0\u1edfi \u1ea5m, \u00e1nh s\u00e1ng c\u01a1 b\u1ea3n v\u00e0 \u1ed5 c\u1eafm \u0111i\u1ec7n cho c\u00e1c thi\u1ebft b\u1ecb v\u00e0 d\u1ee5ng c\u1ee5.<\/p><\/div>","protected":false},"excerpt":{"rendered":"<p>Th\u01b0\u01a1ng hi\u1ec7u: ZHEGAO<br \/>\nGi\u1edbi t\u00ednh: Unisex<br \/>\n\u0110\u1ed9 tu\u1ed5i: &gt; 6 tu\u1ed5i<br \/>\nS\u1ed1 m\u00f4 h\u00ecnh: 00981<br \/>\nPh\u00e2n lo\u1ea1i: T\u1eadp h\u1ee3p<br \/>\nH\u00ecnh d\u1ea1ng kh\u1ed1i nh\u1ef1a: G\u1ea1ch t\u1ef1 kh\u00f3a<br \/>\nCh\u1ea5t li\u1ec7u: Nh\u1ef1a<br \/>\nLo\u1ea1i nh\u1ef1a: ABS<br \/>\nKh\u1ed1i g\u1ea1ch: 1881 +<br \/>\nKh\u00f4ng c\u00f3 h\u1ed9p<\/p>","protected":false},"featured_media":41994,"comment_status":"open","ping_status":"closed","template":"","meta":{"_acf_changed":false},"product_cat":[1365,1395,371,390],"product_tag":[727,11072,8452,7697,6373],"class_list":["product","first","instock","shipping-taxable","purchasable","product-type-simple"],"acf":[],"_links":{"self":[{"href":"https:\/\/mouldking.store\/vi\/wp-json\/wp\/v2\/product\/41998","targetHints":{"allow":["GET"]}}],"collection":[{"href":"https:\/\/mouldking.store\/vi\/wp-json\/wp\/v2\/product"}],"about":[{"href":"https:\/\/mouldking.store\/vi\/wp-json\/wp\/v2\/types\/product"}],"replies":[{"embeddable":true,"href":"https:\/\/mouldking.store\/vi\/wp-json\/wp\/v2\/comments?post=41998"}],"wp:featuredmedia":[{"embeddable":true,"href":"https:\/\/mouldking.store\/vi\/wp-json\/wp\/v2\/media\/41994"}],"wp:attachment":[{"href":"https:\/\/mouldking.store\/vi\/wp-json\/wp\/v2\/media?parent=41998"}],"wp:term":[{"taxonomy":"product_cat","embeddable":true,"href":"https:\/\/mouldking.store\/vi\/wp-json\/wp\/v2\/product_cat?post=41998"},{"taxonomy":"product_tag","embeddable":true,"href":"https:\/\/mouldking.store\/vi\/wp-json\/wp\/v2\/product_tag?post=41998"}],"curies":[{"name":"wp","href":"https:\/\/api.w.org\/{rel}","templated":true}]}}