{"id":42006,"date":"2023-02-22T10:05:17","date_gmt":"2023-02-22T03:05:17","guid":{"rendered":"https:\/\/mouldking.store\/shop\/rastar-99300-audi-r8-lms-gt3-sports-car-with-3314-pieces\/"},"modified":"2024-05-10T08:09:55","modified_gmt":"2024-05-10T01:09:55","slug":"rastar-99300-audi-r8-lms-gt3-sports-car-with-3314-pieces","status":"publish","type":"product","link":"https:\/\/mouldking.store\/vi\/shop\/rastar-99300-audi-r8-lms-gt3-sports-car-with-3314-pieces\/","title":{"rendered":"Xe th\u1ec3 thao Rastar 99300 Audi R8 LMS GT3 v\u1edbi 3314 m\u1ea3nh gh\u00e9p"},"content":{"rendered":"<div>\u2705 RASTAR 99300 Xe th\u1ec3 thao Audi R8 LMS GT3<br \/>&nbsp;<br \/>\u2705Audi R8 LMS GT3 l\u00e0 m\u1eabu xe th\u1ec3 thao hi\u1ec7u su\u1ea5t cao \u0111\u01b0\u1ee3c thi\u1ebft k\u1ebf v\u00e0 s\u1ea3n xu\u1ea5t b\u1edfi c\u00f4ng ty \u00f4 t\u00f4 \u0110\u1ee9c Audi d\u00e0nh cho gi\u1ea3i \u0111ua GT3. \u0110ua xe GT3 l\u00e0 m\u1ed9t lo\u1ea1i \u0111ua xe th\u1ec3 thao qu\u1ed1c t\u1ebf ph\u1ed5 bi\u1ebfn, n\u01a1i nh\u1eefng chi\u1ebfc xe th\u1ec3 thao \u0111\u01b0\u1ee3c thi\u1ebft k\u1ebf \u0111\u1eb7c bi\u1ec7t thi \u0111\u1ea5u trong c\u00e1c cu\u1ed9c \u0111ua s\u1ee9c b\u1ec1n.<br \/>&nbsp;<br \/>\ud83d\udeab QUAN TR\u1eccNG!&nbsp;<br \/>&nbsp;<br \/>T\u00ean s\u1ea3n ph\u1ea9m: Xe th\u1ec3 thao Audi R8 LMS GT3<br \/>&nbsp;<br \/>Danh m\u1ee5c: K\u1ef9 thu\u1eadt<br \/>&nbsp;<br \/>B\u1ed9 n\u00e0y ch\u1ee9a: RASTAR 99300&nbsp;<br \/>&nbsp;<br \/>3314 chi\u1ebfc G\u1ea1ch ch\u1ea5t l\u01b0\u1ee3ng t\u1ed1t&nbsp;<br \/>&nbsp;<br \/>K\u00edch th\u01b0\u1edbc: 56.5\u00d727\u00d714 cm<br \/>&nbsp;<br \/>H\u01b0\u1edbng d\u1eabn th\u1ee7 c\u00f4ng&nbsp;<br \/>&nbsp;<br \/>\ud83d\udcccB\u1ea3n ch\u1ea5t c\u1ee7a nh\u00e2n v\u1eadt ch\u00ednh&nbsp;<br \/>&nbsp;<br \/>Xin gi\u1edbi thi\u1ec7u b\u1ed9 s\u01b0u t\u1eadp \u0111\u00e1ng t\u1ef1 h\u00e0o c\u1ee7a ch\u00fang t\u00f4i mang t\u00ean \u201cXe th\u1ec3 thao Audi R8 LMS GT3\u201d m\u00e0 b\u1ea1n kh\u00f4ng n\u00ean b\u1ecf l\u1ee1.&nbsp;<br \/>&nbsp;<br \/>Audi R8 LMS GT3 d\u1ef1a tr\u00ean m\u1eabu xe \u0111\u01b0\u1eddng tr\u01b0\u1eddng Audi R8 v\u00e0 \u0111\u00e3 \u0111\u01b0\u1ee3c s\u1eeda \u0111\u1ed5i r\u1ed9ng r\u00e3i \u0111\u1ec3 ph\u00f9 h\u1ee3p v\u1edbi \u0111\u01b0\u1eddng \u0111ua, v\u1edbi th\u00e2n xe nh\u1eb9, c\u1ea3i ti\u1ebfn kh\u00ed \u0111\u1ed9ng h\u1ecdc v\u00e0 \u0111\u1ed9ng c\u01a1 V10 m\u1ea1nh m\u1ebd. N\u00f3 c\u00f3 b\u1ed1 tr\u00ed \u0111\u1ed9ng c\u01a1 \u0111\u1eb7t gi\u1eefa \u0111\u1ec3 ph\u00e2n b\u1ed5 tr\u1ecdng l\u01b0\u1ee3ng t\u1ed1i \u01b0u, h\u1ec7 th\u1ed1ng treo v\u00e0 phanh ti\u00ean ti\u1ebfn c\u0169ng nh\u01b0 h\u1ed9p s\u1ed1 tu\u1ea7n t\u1ef1 s\u00e1u c\u1ea5p.<\/div>","protected":false},"excerpt":{"rendered":"<p>Th\u01b0\u01a1ng hi\u1ec7u: Rastar<br \/>\nGi\u1edbi t\u00ednh: Unisex<br \/>\n\u0110\u1ed9 tu\u1ed5i: &gt; 14 tu\u1ed5i<br \/>\nS\u1ed1 m\u00f4 h\u00ecnh: 99300<br \/>\nPh\u00e2n lo\u1ea1i: T\u1eadp h\u1ee3p<br \/>\nH\u00ecnh d\u1ea1ng kh\u1ed1i nh\u1ef1a: G\u1ea1ch t\u1ef1 kh\u00f3a<br \/>\nCh\u1ea5t li\u1ec7u: Nh\u1ef1a<br \/>\nLo\u1ea1i nh\u1ef1a: ABS<br \/>\nKh\u1ed1i g\u1ea1ch: 3314 +<br \/>\nKh\u00f4ng c\u00f3 h\u1ed9p<\/p>","protected":false},"featured_media":41999,"comment_status":"open","ping_status":"closed","template":"","meta":{"_acf_changed":false},"product_cat":[1360,1357,364],"product_tag":[1845,457,11375,11150,389,11080],"class_list":["product","first","instock","shipping-taxable","purchasable","product-type-simple"],"acf":[],"_links":{"self":[{"href":"https:\/\/mouldking.store\/vi\/wp-json\/wp\/v2\/product\/42006","targetHints":{"allow":["GET"]}}],"collection":[{"href":"https:\/\/mouldking.store\/vi\/wp-json\/wp\/v2\/product"}],"about":[{"href":"https:\/\/mouldking.store\/vi\/wp-json\/wp\/v2\/types\/product"}],"replies":[{"embeddable":true,"href":"https:\/\/mouldking.store\/vi\/wp-json\/wp\/v2\/comments?post=42006"}],"wp:featuredmedia":[{"embeddable":true,"href":"https:\/\/mouldking.store\/vi\/wp-json\/wp\/v2\/media\/41999"}],"wp:attachment":[{"href":"https:\/\/mouldking.store\/vi\/wp-json\/wp\/v2\/media?parent=42006"}],"wp:term":[{"taxonomy":"product_cat","embeddable":true,"href":"https:\/\/mouldking.store\/vi\/wp-json\/wp\/v2\/product_cat?post=42006"},{"taxonomy":"product_tag","embeddable":true,"href":"https:\/\/mouldking.store\/vi\/wp-json\/wp\/v2\/product_tag?post=42006"}],"curies":[{"name":"wp","href":"https:\/\/api.w.org\/{rel}","templated":true}]}}