{"id":42015,"date":"2023-02-22T10:29:52","date_gmt":"2023-02-22T03:29:52","guid":{"rendered":"https:\/\/mouldking.store\/shop\/moc-factory-90167-hookfang-dragon-with-123-pieces\/"},"modified":"2025-12-16T22:25:16","modified_gmt":"2025-12-16T15:25:16","slug":"moc-factory-90167-hookfang-dragon-with-123-pieces","status":"publish","type":"product","link":"https:\/\/mouldking.store\/vi\/shop\/moc-factory-90167-hookfang-dragon-with-123-pieces\/","title":{"rendered":"MOC Factory 90167 Hookfang Dragon with 123 Pieces"},"content":{"rendered":"<div>\u2705 MOC-90167 Hookfang Dragon<\/p>\n<p>\u2705Hookfang l\u00e0 m\u1ed9t nh\u00e2n v\u1eadt r\u1ed3ng trong b\u1ed9 phim ho\u1ea1t h\u00ecnh DreamWorks \u201cHow to Train Your Dragon\u201d. Anh ta l\u00e0 m\u1ed9t trong nh\u1eefng con r\u1ed3ng ch\u00ednh trong truy\u1ec7n v\u00e0 \u0111\u01b0\u1ee3c c\u01b0\u1ee1i b\u1edfi nh\u00e2n v\u1eadt Snotlout.<\/p>\n<p>\ud83d\udeab QUAN TR\u1eccNG!<\/p>\n<p>T\u00ean s\u1ea3n ph\u1ea9m: R\u1ed3ng m\u00f3c c\u00e2u<\/p>\n<p>Th\u1ec3 lo\u1ea1i: Phim<\/p>\n<p>B\u1ed9 n\u00e0y ch\u1ee9a: MOC-90167<\/p>\n<p>123 vi\u00ean g\u1ea1ch ch\u1ea5t l\u01b0\u1ee3ng t\u1ed1t<\/p>\n<p>H\u01b0\u1edbng d\u1eabn PDF<\/p>\n<p>\ud83d\udcccB\u1ea3n ch\u1ea5t c\u1ee7a nh\u00e2n v\u1eadt ch\u00ednh<\/p>\n<p>Gi\u1edbi thi\u1ec7u b\u1ed9 s\u01b0u t\u1eadp \u0111\u00e1ng t\u1ef1 h\u00e0o c\u1ee7a ch\u00fang t\u00f4i mang t\u00ean \u201cHookfang Dragon\u201d m\u00e0 b\u1ea1n kh\u00f4ng n\u00ean b\u1ecf l\u1ee1.<\/p>\n<p>Hookfang l\u00e0 m\u1ed9t con r\u1ed3ng \u00c1c m\u1ed9ng Qu\u00e1i d\u1ecb, l\u00e0 m\u1ed9t lo\u00e0i r\u1ed3ng \u0111\u01b0\u1ee3c \u0111\u1eb7c tr\u01b0ng b\u1edfi v\u1ea3y \u0111\u1ecf, \u0111\u00f4i c\u00e1nh l\u1edbn v\u00e0 h\u01a1i th\u1edf l\u1eeda m\u1ea1nh m\u1ebd. Hookfang \u0111\u1eb7c bi\u1ec7t to l\u1edbn v\u00e0 v\u1ea1m v\u1ee1, \u0111\u1ed3ng th\u1eddi c\u00f3 m\u1ed9t b\u1ed9 gai \u0111\u1eb7c bi\u1ec7t ch\u1ea1y d\u1ecdc l\u01b0ng. Trong truy\u1ec7n, Hookfang \u0111\u01b0\u1ee3c bi\u1ebft \u0111\u1ebfn v\u1edbi \u00fd ch\u00ed m\u1ea1nh m\u1ebd v\u00e0 t\u00ednh c\u00e1ch b\u01b0\u1edbng b\u1ec9nh, th\u01b0\u1eddng xuy\u00ean \u0111\u1ee5ng \u0111\u1ed9 v\u1edbi Snotlout v\u00e0 c\u1ea7n ph\u1ea3i \u0111\u01b0\u1ee3c hu\u1ea5n luy\u1ec7n m\u1ed9t c\u00e1ch ch\u1eafc tay. Tuy nhi\u00ean, anh ta c\u0169ng r\u1ea5t trung th\u00e0nh v\u00e0 b\u1ea3o v\u1ec7 ng\u01b0\u1eddi c\u01b0\u1ee1i c\u1ee7a m\u00ecnh c\u0169ng nh\u01b0 nh\u1eefng con r\u1ed3ng kh\u00e1c trong nh\u00f3m.<\/p><\/div>","protected":false},"excerpt":{"rendered":"<p>Th\u01b0\u01a1ng hi\u1ec7u: Nh\u00e0 m\u00e1y M\u1ed8C<br \/>\nGi\u1edbi t\u00ednh: Unisex<br \/>\n\u0110\u1ed9 tu\u1ed5i: &gt; 6 tu\u1ed5i<br \/>\nS\u1ed1 m\u00f4 h\u00ecnh: 90167<br \/>\nPh\u00e2n lo\u1ea1i: T\u1eadp h\u1ee3p<br \/>\nH\u00ecnh d\u1ea1ng kh\u1ed1i nh\u1ef1a: G\u1ea1ch t\u1ef1 kh\u00f3a<br \/>\nCh\u1ea5t li\u1ec7u: Nh\u1ef1a<br \/>\nLo\u1ea1i nh\u1ef1a: ABS<br \/>\nKh\u1ed1i g\u1ea1ch: 123 +<br \/>\nKh\u00f4ng c\u00f3 h\u1ed9p<\/p>","protected":false},"featured_media":42014,"comment_status":"open","ping_status":"closed","template":"","meta":{"_acf_changed":false},"product_cat":[1365,581,1408],"product_tag":[8452,1771,11382,434],"class_list":["product","first","instock","shipping-taxable","purchasable","product-type-simple"],"acf":[],"_links":{"self":[{"href":"https:\/\/mouldking.store\/vi\/wp-json\/wp\/v2\/product\/42015","targetHints":{"allow":["GET"]}}],"collection":[{"href":"https:\/\/mouldking.store\/vi\/wp-json\/wp\/v2\/product"}],"about":[{"href":"https:\/\/mouldking.store\/vi\/wp-json\/wp\/v2\/types\/product"}],"replies":[{"embeddable":true,"href":"https:\/\/mouldking.store\/vi\/wp-json\/wp\/v2\/comments?post=42015"}],"wp:featuredmedia":[{"embeddable":true,"href":"https:\/\/mouldking.store\/vi\/wp-json\/wp\/v2\/media\/42014"}],"wp:attachment":[{"href":"https:\/\/mouldking.store\/vi\/wp-json\/wp\/v2\/media?parent=42015"}],"wp:term":[{"taxonomy":"product_cat","embeddable":true,"href":"https:\/\/mouldking.store\/vi\/wp-json\/wp\/v2\/product_cat?post=42015"},{"taxonomy":"product_tag","embeddable":true,"href":"https:\/\/mouldking.store\/vi\/wp-json\/wp\/v2\/product_tag?post=42015"}],"curies":[{"name":"wp","href":"https:\/\/api.w.org\/{rel}","templated":true}]}}