{"id":42027,"date":"2023-02-22T10:41:32","date_gmt":"2023-02-22T03:41:32","guid":{"rendered":"https:\/\/mouldking.store\/shop\/reobrix-688-speed-champions-blue-rolls-royce-boat-tai-racer-car-with-417-pieces\/"},"modified":"2023-02-22T10:41:32","modified_gmt":"2023-02-22T03:41:32","slug":"reobrix-688-speed-champions-blue-rolls-royce-boat-tai-racer-car-with-417-pieces","status":"publish","type":"product","link":"https:\/\/mouldking.store\/vi\/shop\/reobrix-688-speed-champions-blue-rolls-royce-boat-tai-racer-car-with-417-pieces\/","title":{"rendered":"REOBRIX 688 Speed Champions Blue Rolls-Royce Boat Tai Racer Car with 417 Pieces"},"content":{"rendered":"<div>\u2705 Reobrix 688 Speed Champions Blue Xe \u0111ua Rolls-Royce Boat Tai Racer&nbsp;<br \/>&nbsp;<br \/>\u2705Rolls-Royce Boat Tail th\u1ef1c ch\u1ea5t l\u00e0 m\u1ed9t m\u1eabu xe sang c\u1ee7a Rolls-Royce ch\u1ee9 kh\u00f4ng ph\u1ea3i thuy\u1ec1n hay xe \u0111ua. M\u1eabu Boat Tail \u0111\u01b0\u1ee3c ra m\u1eaft v\u00e0o th\u00e1ng 5 n\u0103m 2021 v\u00e0 l\u00e0 m\u1ed9t ph\u01b0\u01a1ng ti\u1ec7n phi\u00ean b\u1ea3n gi\u1edbi h\u1ea1n, c\u00f3 \u0111\u1ed9 t\u00f9y bi\u1ebfn cao \u0111\u01b0\u1ee3c t\u1ea1o ra cho m\u1ed9t kh\u00e1ch h\u00e0ng t\u01b0 nh\u00e2n.<br \/>&nbsp;<br \/>\ud83d\udeab QUAN TR\u1eccNG!&nbsp;<br \/>&nbsp;<br \/>T\u00ean s\u1ea3n ph\u1ea9m: Xe \u0111ua Speed Champions Blue Rolls-Royce Boat Tai Racer&nbsp;<br \/>&nbsp;<br \/>Danh m\u1ee5c: K\u1ef9 thu\u1eadt<br \/>&nbsp;<br \/>B\u1ed9 n\u00e0y ch\u1ee9a: Reobrix 688<br \/>&nbsp;<br \/>417 vi\u00ean g\u1ea1ch ch\u1ea5t l\u01b0\u1ee3ng t\u1ed1t&nbsp;<br \/>&nbsp;<br \/>K\u00edch th\u01b0\u1edbc: 19.1 x 7.9 x 5.3cm<br \/>&nbsp;<br \/>H\u01b0\u1edbng d\u1eabn th\u1ee7 c\u00f4ng&nbsp;<br \/>&nbsp;<br \/>\ud83d\udcccB\u1ea3n ch\u1ea5t c\u1ee7a nh\u00e2n v\u1eadt ch\u00ednh&nbsp;<br \/>&nbsp;<br \/>Xin gi\u1edbi thi\u1ec7u b\u1ed9 s\u01b0u t\u1eadp \u0111\u00e1ng t\u1ef1 h\u00e0o c\u1ee7a ch\u00fang t\u00f4i mang t\u00ean \u201cXe \u0111ua Rolls-Royce Boat Tai Racer c\u1ee7a Speed Champions Blue\u201d m\u00e0 b\u1ea1n kh\u00f4ng n\u00ean b\u1ecf l\u1ee1.&nbsp;<br \/>&nbsp;<br \/>Rolls-Royce Boat Tail l\u00e0 m\u1ed9t chi\u1ebfc mui tr\u1ea7n hai c\u1eeda, b\u1ed1n ch\u1ed7 c\u00f3 thi\u1ebft k\u1ebf \u0111\u1eb7c bi\u1ec7t l\u1ea5y c\u1ea3m h\u1ee9ng t\u1eeb nh\u1eefng chi\u1ebfc xe h\u01a1i c\u1ed5 \u0111i\u1ec3n do hu\u1ea5n luy\u1ec7n vi\u00ean ch\u1ebf t\u1ea1o t\u1eeb nh\u1eefng n\u0103m 1920 v\u00e0 1930. N\u00f3 c\u00f3 mui d\u00e0i, th\u00e2n xe th\u1ea5p v\u00e0 ph\u1ea7n \u0111u\u00f4i xe thu\u00f4n nh\u1ecdn gi\u1ed1ng h\u00ecnh \u0111u\u00f4i thuy\u1ec1n. Chi\u1ebfc xe \u0111\u01b0\u1ee3c ch\u1ebf t\u1ea1o th\u1ee7 c\u00f4ng v\u00e0 c\u00f3 m\u1ed9t s\u1ed1 chi ti\u1ebft \u0111\u1eb7t l\u00e0m ri\u00eang, bao g\u1ed3m th\u00e2n xe b\u1eb1ng nh\u00f4m \u0111\u01b0\u1ee3c \u0111\u00e1nh b\u00f3ng th\u1ee7 c\u00f4ng, b\u00e1nh xe \u0111\u1ed9c \u0111\u00e1o v\u00e0 b\u1ea3ng \u0111i\u1ec1u khi\u1ec3n t\u00f9y ch\u1ec9nh.<\/div>","protected":false},"excerpt":{"rendered":"<p>Th\u01b0\u01a1ng hi\u1ec7u: REOBRIX<br \/>\nGi\u1edbi t\u00ednh: Unisex<br \/>\n\u0110\u1ed9 tu\u1ed5i: &gt; 14 tu\u1ed5i<br \/>\nS\u1ed1 m\u00f4 h\u00ecnh: 688<br \/>\nPh\u00e2n lo\u1ea1i: T\u1eadp h\u1ee3p<br \/>\nH\u00ecnh d\u1ea1ng kh\u1ed1i nh\u1ef1a: G\u1ea1ch t\u1ef1 kh\u00f3a<br \/>\nCh\u1ea5t li\u1ec7u: Nh\u1ef1a<br \/>\nLo\u1ea1i nh\u1ef1a: ABS<br \/>\nKh\u1ed1i g\u1ea1ch: 417 +<br \/>\nKh\u00f4ng c\u00f3 h\u1ed9p<\/p>","protected":false},"featured_media":42023,"comment_status":"open","ping_status":"closed","template":"","meta":{"_acf_changed":false},"product_cat":[1360,1357,364],"product_tag":[6471,457,7761,3472,6633,11384,389,11080],"class_list":["product","first","instock","shipping-taxable","purchasable","product-type-simple"],"acf":[],"_links":{"self":[{"href":"https:\/\/mouldking.store\/vi\/wp-json\/wp\/v2\/product\/42027","targetHints":{"allow":["GET"]}}],"collection":[{"href":"https:\/\/mouldking.store\/vi\/wp-json\/wp\/v2\/product"}],"about":[{"href":"https:\/\/mouldking.store\/vi\/wp-json\/wp\/v2\/types\/product"}],"replies":[{"embeddable":true,"href":"https:\/\/mouldking.store\/vi\/wp-json\/wp\/v2\/comments?post=42027"}],"wp:featuredmedia":[{"embeddable":true,"href":"https:\/\/mouldking.store\/vi\/wp-json\/wp\/v2\/media\/42023"}],"wp:attachment":[{"href":"https:\/\/mouldking.store\/vi\/wp-json\/wp\/v2\/media?parent=42027"}],"wp:term":[{"taxonomy":"product_cat","embeddable":true,"href":"https:\/\/mouldking.store\/vi\/wp-json\/wp\/v2\/product_cat?post=42027"},{"taxonomy":"product_tag","embeddable":true,"href":"https:\/\/mouldking.store\/vi\/wp-json\/wp\/v2\/product_tag?post=42027"}],"curies":[{"name":"wp","href":"https:\/\/api.w.org\/{rel}","templated":true}]}}