{"id":42055,"date":"2023-02-22T11:10:40","date_gmt":"2023-02-22T04:10:40","guid":{"rendered":"https:\/\/mouldking.store\/shop\/zhegao-gz5007-fujian-aircraft-carrier-with-736-pieces\/"},"modified":"2023-02-22T11:10:40","modified_gmt":"2023-02-22T04:10:40","slug":"zhegao-gz5007-fujian-aircraft-carrier-with-736-pieces","status":"publish","type":"product","link":"https:\/\/mouldking.store\/vi\/shop\/zhegao-gz5007-fujian-aircraft-carrier-with-736-pieces\/","title":{"rendered":"T\u00e0u s\u00e2n bay Ph\u00fac Ki\u1ebfn ZHEGAO GZ5007 v\u1edbi 736 m\u1ea3nh gh\u00e9p"},"content":{"rendered":"<div>\u2705 ZHEGAO GZ5007 Fujian Aircraft Carrier<br \/>&nbsp;<br \/>\u2705As a building block set, the &#8220;Fujian Aircraft Carrier 8IN1&#8221; allows builders to create a model of an aircraft carrier using the included building blocks. The set includes instructions for building eight different variations of the aircraft carrier, hence the &#8220;8IN1&#8221; designation. The set is expected to be released in 2023.<br \/>&nbsp;<br \/>\ud83d\udeab QUAN TR\u1eccNG!&nbsp;<br \/>&nbsp;<br \/>Product Name: Fujian Aircraft Carrier<br \/>&nbsp;<br \/>Danh m\u1ee5c: K\u1ef9 thu\u1eadt<br \/>&nbsp;<br \/>This Kit Contains: ZHEGAO GZ5007<br \/>&nbsp;<br \/>736 pcs Good Quality Bricks&nbsp;<br \/>&nbsp;<br \/>Size: 33.7 \u00d7 10.9 \u00d7 10.9 cm<br \/>&nbsp;<br \/>H\u01b0\u1edbng d\u1eabn th\u1ee7 c\u00f4ng&nbsp;<br \/>&nbsp;<br \/>\ud83d\udcccB\u1ea3n ch\u1ea5t c\u1ee7a nh\u00e2n v\u1eadt ch\u00ednh&nbsp;<br \/>&nbsp;<br \/>Introducing our proud collection named \u201cFujian Aircraft Carrier\u201d you should not miss.&nbsp;<br \/>&nbsp;<br \/>Fujian Aircraft Carrier 8IN1 (Fujian Aircraft Carrier) belongs to the military series of building block sets, and the entire set contains 736 building block particles.&nbsp;<\/div>","protected":false},"excerpt":{"rendered":"<p>Th\u01b0\u01a1ng hi\u1ec7u: ZHEGAO<br \/>\nGi\u1edbi t\u00ednh: Unisex<br \/>\n\u0110\u1ed9 tu\u1ed5i: &gt; 6 tu\u1ed5i<br \/>\nModel Number: GZ5007<br \/>\nPh\u00e2n lo\u1ea1i: T\u1eadp h\u1ee3p<br \/>\nH\u00ecnh d\u1ea1ng kh\u1ed1i nh\u1ef1a: G\u1ea1ch t\u1ef1 kh\u00f3a<br \/>\nCh\u1ea5t li\u1ec7u: Nh\u1ef1a<br \/>\nLo\u1ea1i nh\u1ef1a: ABS<br \/>\nBricks Blocks: 736 +<br \/>\nb\u00e1n tr\u01b0\u1edbc<\/p>","protected":false},"featured_media":42050,"comment_status":"open","ping_status":"closed","template":"","meta":{"_acf_changed":false},"product_cat":[1357,364],"product_tag":[5271,4681,11388,389,11080],"class_list":["product","first","instock","shipping-taxable","purchasable","product-type-simple"],"acf":[],"_links":{"self":[{"href":"https:\/\/mouldking.store\/vi\/wp-json\/wp\/v2\/product\/42055","targetHints":{"allow":["GET"]}}],"collection":[{"href":"https:\/\/mouldking.store\/vi\/wp-json\/wp\/v2\/product"}],"about":[{"href":"https:\/\/mouldking.store\/vi\/wp-json\/wp\/v2\/types\/product"}],"replies":[{"embeddable":true,"href":"https:\/\/mouldking.store\/vi\/wp-json\/wp\/v2\/comments?post=42055"}],"wp:featuredmedia":[{"embeddable":true,"href":"https:\/\/mouldking.store\/vi\/wp-json\/wp\/v2\/media\/42050"}],"wp:attachment":[{"href":"https:\/\/mouldking.store\/vi\/wp-json\/wp\/v2\/media?parent=42055"}],"wp:term":[{"taxonomy":"product_cat","embeddable":true,"href":"https:\/\/mouldking.store\/vi\/wp-json\/wp\/v2\/product_cat?post=42055"},{"taxonomy":"product_tag","embeddable":true,"href":"https:\/\/mouldking.store\/vi\/wp-json\/wp\/v2\/product_tag?post=42055"}],"curies":[{"name":"wp","href":"https:\/\/api.w.org\/{rel}","templated":true}]}}