{"id":42063,"date":"2023-02-22T11:17:12","date_gmt":"2023-02-22T04:17:12","guid":{"rendered":"https:\/\/mouldking.store\/shop\/moc-factory-89470-leipzig-class-light-cruiser-nurnberg-scale-with-1060-pieces\/"},"modified":"2025-12-16T22:25:16","modified_gmt":"2025-12-16T15:25:16","slug":"moc-factory-89470-leipzig-class-light-cruiser-nurnberg-scale-with-1060-pieces","status":"publish","type":"product","link":"https:\/\/mouldking.store\/vi\/shop\/moc-factory-89470-leipzig-class-light-cruiser-nurnberg-scale-with-1060-pieces\/","title":{"rendered":"MOC Factory 89470 Leipzig Class \u2013 T\u00e0u tu\u1ea7n d\u01b0\u01a1ng h\u1ea1ng nh\u1eb9 Quy m\u00f4 N\u00fcrnberg v\u1edbi 1060 m\u1ea3nh gh\u00e9p"},"content":{"rendered":"<div>\u2705 MOC-89470 L\u1edbp Leipzig \u2013 T\u00e0u tu\u1ea7n d\u01b0\u01a1ng h\u1ea1ng nh\u1eb9 Quy m\u00f4 N\u00fcrnberg<\/p>\n<p>\u2705L\u1edbp Leipzig l\u00e0 m\u1ed9t nh\u00f3m t\u00e0u tu\u1ea7n d\u01b0\u01a1ng h\u1ea1ng nh\u1eb9 \u0111\u01b0\u1ee3c ch\u1ebf t\u1ea1o cho H\u1ea3i qu\u00e2n \u0110\u1ee9c v\u00e0o nh\u1eefng n\u0103m 1920. L\u1edbp n\u00e0y bao g\u1ed3m hai t\u00e0u: Leipzig v\u00e0 N\u00fcrnberg. Ch\u00fang l\u00e0 nh\u1eefng t\u00e0u tu\u1ea7n d\u01b0\u01a1ng h\u1ea1ng nh\u1eb9 \u0111\u1ea7u ti\u00ean do \u0110\u1ee9c ch\u1ebf t\u1ea1o sau Chi\u1ebfn tranh th\u1ebf gi\u1edbi th\u1ee9 nh\u1ea5t v\u00e0 \u0111\u01b0\u1ee3c d\u1ef1 \u0111\u1ecbnh ph\u1ee5c v\u1ee5 nh\u01b0 nh\u1eefng t\u00e0u trinh s\u00e1t.<\/p>\n<p>\ud83d\udeab QUAN TR\u1eccNG!<\/p>\n<p>T\u00ean s\u1ea3n ph\u1ea9m: L\u1edbp Leipzig \u2013 T\u00e0u tu\u1ea7n d\u01b0\u01a1ng h\u1ea1ng nh\u1eb9 Quy m\u00f4 N\u00fcrnberg<\/p>\n<p>Danh m\u1ee5c: K\u1ef9 thu\u1eadt<\/p>\n<p>B\u1ed9 n\u00e0y ch\u1ee9a: MOC-89470<\/p>\n<p>1060 vi\u00ean g\u1ea1ch ch\u1ea5t l\u01b0\u1ee3ng t\u1ed1t<\/p>\n<p>Tr\u1ecdng l\u01b0\u1ee3ng: 1500g<\/p>\n<p>H\u01b0\u1edbng d\u1eabn PDF<\/p>\n<p>\ud83d\udcccB\u1ea3n ch\u1ea5t c\u1ee7a nh\u00e2n v\u1eadt ch\u00ednh<\/p>\n<p>Xin gi\u1edbi thi\u1ec7u b\u1ed9 s\u01b0u t\u1eadp \u0111\u00e1ng t\u1ef1 h\u00e0o c\u1ee7a ch\u00fang t\u00f4i mang t\u00ean \u201c\u0110\u1eb3ng c\u1ea5p Leipzig \u2013 T\u00e0u tu\u1ea7n d\u01b0\u01a1ng h\u1ea1ng nh\u1eb9 N\u00fcrnberg Scale\u201d m\u00e0 b\u1ea1n kh\u00f4ng n\u00ean b\u1ecf l\u1ee1.<\/p>\n<p>L\u1edbp Leipzig c\u00f3 l\u01b0\u1ee3ng cho\u00e1n n\u01b0\u1edbc kho\u1ea3ng 6.600 t\u1ea5n v\u00e0 \u0111\u01b0\u1ee3c trang b\u1ecb ch\u00edn kh\u1ea9u ph\u00e1o 15 cm tr\u00ean ba th\u00e1p ph\u00e1o ba n\u00f2ng, c\u0169ng nh\u01b0 m\u1ed9t s\u1ed1 s\u00fang ph\u00f2ng kh\u00f4ng v\u00e0 \u1ed1ng ph\u00f3ng ng\u01b0 l\u00f4i. Ch\u00fang c\u00f3 t\u1ed1c \u0111\u1ed9 t\u1ed1i \u0111a kho\u1ea3ng 32 h\u1ea3i l\u00fd\/gi\u1edd v\u00e0 t\u1ea7m ho\u1ea1t \u0111\u1ed9ng l\u00ean t\u1edbi 8.000 h\u1ea3i l\u00fd. Trong Chi\u1ebfn tranh th\u1ebf gi\u1edbi th\u1ee9 hai, c\u1ea3 hai con t\u00e0u \u0111\u1ec1u tham gia m\u1ed9t s\u1ed1 cu\u1ed9c giao tranh h\u1ea3i qu\u00e2n. T\u00e0u Leipzig b\u1ecb \u0111\u00e1nh ch\u00ecm trong Tr\u1eadn chi\u1ebfn bi\u1ec3n Barents n\u0103m 1942, trong khi t\u00e0u N\u00fcrnberg b\u1ecb qu\u00e2n \u0110\u1ed3ng minh \u0111\u00e1nh ch\u00ecm trong nh\u1eefng ng\u00e0y cu\u1ed1i c\u00f9ng c\u1ee7a cu\u1ed9c chi\u1ebfn \u1edf ch\u00e2u \u00c2u.<\/p><\/div>","protected":false},"excerpt":{"rendered":"<p>Th\u01b0\u01a1ng hi\u1ec7u: Nh\u00e0 m\u00e1y M\u1ed8C<br \/>\nGi\u1edbi t\u00ednh: Unisex<br \/>\n\u0110\u1ed9 tu\u1ed5i: &gt; 12 tu\u1ed5i<br \/>\nS\u1ed1 m\u00f4 h\u00ecnh: 89470<br \/>\nPh\u00e2n lo\u1ea1i: T\u1eadp h\u1ee3p<br \/>\nH\u00ecnh d\u1ea1ng kh\u1ed1i nh\u1ef1a: G\u1ea1ch t\u1ef1 kh\u00f3a<br \/>\nCh\u1ea5t li\u1ec7u: Nh\u1ef1a<br \/>\nLo\u1ea1i nh\u1ef1a: ABS<br \/>\nKh\u1ed1i g\u1ea1ch: 1060 +<br \/>\nS\u1eafp x\u1ebfp th\u1eddi gian: 4-8 tu\u1ea7n<\/p>","protected":false},"featured_media":42057,"comment_status":"open","ping_status":"closed","template":"","meta":{"_acf_changed":false},"product_cat":[1357,364],"product_tag":[5541,11389,11390,304,389,11080],"class_list":["product","first","instock","shipping-taxable","purchasable","product-type-simple"],"acf":[],"_links":{"self":[{"href":"https:\/\/mouldking.store\/vi\/wp-json\/wp\/v2\/product\/42063","targetHints":{"allow":["GET"]}}],"collection":[{"href":"https:\/\/mouldking.store\/vi\/wp-json\/wp\/v2\/product"}],"about":[{"href":"https:\/\/mouldking.store\/vi\/wp-json\/wp\/v2\/types\/product"}],"replies":[{"embeddable":true,"href":"https:\/\/mouldking.store\/vi\/wp-json\/wp\/v2\/comments?post=42063"}],"wp:featuredmedia":[{"embeddable":true,"href":"https:\/\/mouldking.store\/vi\/wp-json\/wp\/v2\/media\/42057"}],"wp:attachment":[{"href":"https:\/\/mouldking.store\/vi\/wp-json\/wp\/v2\/media?parent=42063"}],"wp:term":[{"taxonomy":"product_cat","embeddable":true,"href":"https:\/\/mouldking.store\/vi\/wp-json\/wp\/v2\/product_cat?post=42063"},{"taxonomy":"product_tag","embeddable":true,"href":"https:\/\/mouldking.store\/vi\/wp-json\/wp\/v2\/product_tag?post=42063"}],"curies":[{"name":"wp","href":"https:\/\/api.w.org\/{rel}","templated":true}]}}