{"id":42083,"date":"2022-02-22T12:16:10","date_gmt":"2022-02-22T05:16:10","guid":{"rendered":"https:\/\/mouldking.store\/shop\/cogo-17008-y-20-transport-aircraft-with-403-pieces\/"},"modified":"2023-03-10T11:02:08","modified_gmt":"2023-03-10T04:02:08","slug":"cogo-17008-y-20-transport-aircraft-with-403-pieces","status":"publish","type":"product","link":"https:\/\/mouldking.store\/vi\/shop\/cogo-17008-y-20-transport-aircraft-with-403-pieces\/","title":{"rendered":"M\u00e1y Bay V\u1eadn T\u1ea3i CoGo 17008 Y-20 G\u1ed3m 403 M\u1ea3nh Gh\u00e9p"},"content":{"rendered":"<div>\u2705 M\u00e1y bay v\u1eadn t\u1ea3i COGO 17008 Y-20<br \/>&nbsp;<br \/>\u2705M\u00e1y bay v\u1eadn t\u1ea3i Y-20 l\u00e0 lo\u1ea1i m\u00e1y bay v\u1eadn t\u1ea3i qu\u00e2n s\u1ef1 c\u1ee1 l\u1edbn do C\u1ed9ng h\u00f2a Nh\u00e2n d\u00e2n Trung Hoa ph\u00e1t tri\u1ec3n. N\u00f3 \u0111\u01b0\u1ee3c thi\u1ebft k\u1ebf \u0111\u1ec3 cung c\u1ea5p kh\u1ea3 n\u0103ng kh\u00f4ng v\u1eadn chi\u1ebfn l\u01b0\u1ee3c cho qu\u00e2n \u0111\u1ed9i Trung Qu\u1ed1c, cho ph\u00e9p n\u00f3 v\u1eadn chuy\u1ec3n binh l\u00ednh, thi\u1ebft b\u1ecb v\u00e0 v\u1eadt t\u01b0 tr\u00ean m\u1ed9t kho\u1ea3ng c\u00e1ch d\u00e0i.<br \/>&nbsp;<br \/>\ud83d\udeab QUAN TR\u1eccNG!&nbsp;<br \/>&nbsp;<br \/>T\u00ean s\u1ea3n ph\u1ea9m: M\u00e1y bay v\u1eadn t\u1ea3i Y-20<br \/>&nbsp;<br \/>Th\u1ec3 lo\u1ea1i: Qu\u00e2n s\u1ef1<br \/>&nbsp;<br \/>B\u1ed9 n\u00e0y ch\u1ee9a: COGO 17008<br \/>&nbsp;<br \/>403 vi\u00ean g\u1ea1ch ch\u1ea5t l\u01b0\u1ee3ng t\u1ed1t&nbsp;<br \/>&nbsp;<br \/>K\u00edch th\u01b0\u1edbc: 33,1 \u00d7 13,2 cm<br \/>&nbsp;<br \/>H\u01b0\u1edbng d\u1eabn th\u1ee7 c\u00f4ng&nbsp;<br \/>&nbsp;<br \/>\ud83d\udcccB\u1ea3n ch\u1ea5t c\u1ee7a nh\u00e2n v\u1eadt ch\u00ednh&nbsp;<br \/>&nbsp;<br \/>Xin gi\u1edbi thi\u1ec7u b\u1ed9 s\u01b0u t\u1eadp \u0111\u00e1ng t\u1ef1 h\u00e0o c\u1ee7a ch\u00fang t\u00f4i mang t\u00ean \u201cM\u00e1y bay v\u1eadn t\u1ea3i Y-20\u201d m\u00e0 b\u1ea1n kh\u00f4ng n\u00ean b\u1ecf l\u1ee1.&nbsp;<br \/>&nbsp;<br \/>Y-20 l\u00e0 m\u1ed9t th\u00e0nh t\u1ef1u quan tr\u1ecdng \u0111\u1ed1i v\u1edbi ng\u00e0nh h\u00e0ng kh\u00f4ng Trung Qu\u1ed1c v\u00e0 l\u00e0 m\u1ed9t b\u01b0\u1edbc ti\u1ebfn quan tr\u1ecdng trong n\u1ed7 l\u1ef1c hi\u1ec7n \u0111\u1ea1i h\u00f3a qu\u00e2n s\u1ef1 c\u1ee7a n\u01b0\u1edbc n\u00e0y. V\u1edbi t\u1ea3i tr\u1ecdng l\u1edbn v\u00e0 kh\u1ea3 n\u0103ng bay xa, Y-20 d\u1ef1 ki\u1ebfn s\u1ebd \u0111\u00f3ng m\u1ed9t vai tr\u00f2 quan tr\u1ecdng trong c\u00e1c ho\u1ea1t \u0111\u1ed9ng qu\u00e2n s\u1ef1 trong t\u01b0\u01a1ng lai v\u00e0 kh\u1ea3 n\u0103ng kh\u00f4ng v\u1eadn chi\u1ebfn l\u01b0\u1ee3c c\u1ee7a Trung Qu\u1ed1c.<\/div>","protected":false},"excerpt":{"rendered":"<p>Th\u01b0\u01a1ng hi\u1ec7u: CoGO<br \/>\nGi\u1edbi t\u00ednh: Unisex<br \/>\n\u0110\u1ed9 tu\u1ed5i: &gt; 6 tu\u1ed5i<br \/>\nS\u1ed1 m\u00f4 h\u00ecnh: 17008<br \/>\nPh\u00e2n lo\u1ea1i: T\u1eadp h\u1ee3p<br \/>\nH\u00ecnh d\u1ea1ng kh\u1ed1i nh\u1ef1a: G\u1ea1ch t\u1ef1 kh\u00f3a<br \/>\nCh\u1ea5t li\u1ec7u: Nh\u1ef1a<br \/>\nLo\u1ea1i nh\u1ef1a: ABS<br \/>\nKh\u1ed1i g\u1ea1ch: 403 +<br \/>\nb\u00e1n tr\u01b0\u1edbc<\/p>","protected":false},"featured_media":42081,"comment_status":"open","ping_status":"closed","template":"","meta":{"_acf_changed":false},"product_cat":[1350,1357,372,364],"product_tag":[5271,11364,374,389,11222],"class_list":["product","first","outofstock","shipping-taxable","purchasable","product-type-simple"],"acf":[],"_links":{"self":[{"href":"https:\/\/mouldking.store\/vi\/wp-json\/wp\/v2\/product\/42083","targetHints":{"allow":["GET"]}}],"collection":[{"href":"https:\/\/mouldking.store\/vi\/wp-json\/wp\/v2\/product"}],"about":[{"href":"https:\/\/mouldking.store\/vi\/wp-json\/wp\/v2\/types\/product"}],"replies":[{"embeddable":true,"href":"https:\/\/mouldking.store\/vi\/wp-json\/wp\/v2\/comments?post=42083"}],"wp:featuredmedia":[{"embeddable":true,"href":"https:\/\/mouldking.store\/vi\/wp-json\/wp\/v2\/media\/42081"}],"wp:attachment":[{"href":"https:\/\/mouldking.store\/vi\/wp-json\/wp\/v2\/media?parent=42083"}],"wp:term":[{"taxonomy":"product_cat","embeddable":true,"href":"https:\/\/mouldking.store\/vi\/wp-json\/wp\/v2\/product_cat?post=42083"},{"taxonomy":"product_tag","embeddable":true,"href":"https:\/\/mouldking.store\/vi\/wp-json\/wp\/v2\/product_tag?post=42083"}],"curies":[{"name":"wp","href":"https:\/\/api.w.org\/{rel}","templated":true}]}}