{"id":42096,"date":"2023-02-22T14:30:55","date_gmt":"2023-02-22T07:30:55","guid":{"rendered":"https:\/\/mouldking.store\/shop\/sembo-609308-digimon-gao-shiyue-with-260-pieces\/"},"modified":"2023-03-10T10:47:32","modified_gmt":"2023-03-10T03:47:32","slug":"sembo-609308-digimon-gao-shiyue-with-260-pieces","status":"publish","type":"product","link":"https:\/\/mouldking.store\/vi\/shop\/sembo-609308-digimon-gao-shiyue-with-260-pieces\/","title":{"rendered":"SEMBO 609308 Digimon: Gao Shiyue with 260 Pieces"},"content":{"rendered":"<div>\u2705SEMBO 609308 Digimon: Gao Shiyue<br \/>&nbsp;<br \/>\u2705Digimon Adventure l\u00e0 m\u1ed9t lo\u1ea1t phim ho\u1ea1t h\u00ecnh truy\u1ec1n h\u00ecnh Nh\u1eadt B\u1ea3n v\u00e0 nh\u01b0\u1ee3ng quy\u1ec1n truy\u1ec1n th\u00f4ng \u0111\u01b0\u1ee3c t\u1ea1o ra b\u1edfi Akiyoshi Hongo v\u00e0 \u0111\u01b0\u1ee3c s\u1ea3n xu\u1ea5t b\u1edfi Toei Animation. Nh\u01b0\u1ee3ng quy\u1ec1n th\u01b0\u01a1ng m\u1ea1i b\u1eaft \u0111\u1ea7u v\u00e0o n\u0103m 1997 v\u1edbi vi\u1ec7c ph\u00e1t h\u00e0nh thi\u1ebft b\u1ecb th\u00fa c\u01b0ng \u1ea3o Digimon \u0111\u1ea7u ti\u00ean v\u00e0 k\u1ec3 t\u1eeb \u0111\u00f3 \u0111\u00e3 m\u1edf r\u1ed9ng sang c\u00e1c b\u1ed9 anime, phim, truy\u1ec7n tranh, tr\u00f2 ch\u01a1i \u0111i\u1ec7n t\u1eed v\u00e0 c\u00e1c ph\u01b0\u01a1ng ti\u1ec7n truy\u1ec1n th\u00f4ng kh\u00e1c.<br \/>&nbsp;<br \/>\ud83d\udeab QUAN TR\u1eccNG!&nbsp;<br \/>&nbsp;<br \/>Product Name: Digimon: Gao Shiyue<\/p>\n<p>Th\u1ec3 lo\u1ea1i: Ng\u01b0\u1eddi s\u00e1ng t\u1ea1o&nbsp;<br \/>&nbsp;<br \/>This Kit Contains: SEMBO 609308<br \/>&nbsp;<br \/>260 pcs Good Quality Bricks&nbsp;<br \/>&nbsp;<br \/>Size: 10.6 \u00d7 6.7 \u00d7 12 cm<br \/>&nbsp;<br \/>H\u01b0\u1edbng d\u1eabn th\u1ee7 c\u00f4ng&nbsp;<br \/>&nbsp;<br \/>\ud83d\udcccB\u1ea3n ch\u1ea5t c\u1ee7a nh\u00e2n v\u1eadt ch\u00ednh&nbsp;<br \/>&nbsp;<br \/>Introducing our proud collection named \u201cDigimon: Gao Shiyue\u201d you should not miss.&nbsp;<br \/>&nbsp;<br \/>B\u1ed9 anime g\u1ed1c Digimon Adventure \u0111\u01b0\u1ee3c ph\u00e1t s\u00f3ng t\u1eeb n\u0103m 1999 \u0111\u1ebfn n\u0103m 2000 v\u00e0 k\u1ec3 v\u1ec1 cu\u1ed9c phi\u00eau l\u01b0u c\u1ee7a m\u1ed9t nh\u00f3m tr\u1ebb em \u0111\u01b0\u1ee3c chuy\u1ec3n \u0111\u1ebfn th\u1ebf gi\u1edbi k\u1ef9 thu\u1eadt s\u1ed1, n\u01a1i ch\u00fang g\u1eb7p g\u1ee1 v\u00e0 h\u1ee3p t\u00e1c v\u1edbi nh\u1eefng qu\u00e1i v\u1eadt k\u1ef9 thu\u1eadt s\u1ed1 \u0111\u01b0\u1ee3c g\u1ecdi l\u00e0 &quot;Digimon&quot; \u0111\u1ec3 chi\u1ebfn \u0111\u1ea5u v\u1edbi c\u00e1c th\u1ebf l\u1ef1c t\u00e0 \u00e1c v\u00e0 c\u1ee9u l\u1ea5y c\u1ea3 th\u1ebf gi\u1edbi k\u1ef9 thu\u1eadt s\u1ed1. v\u00e0 th\u1ebf gi\u1edbi lo\u00e0i ng\u01b0\u1eddi.<\/div>","protected":false},"excerpt":{"rendered":"<p>Th\u01b0\u01a1ng hi\u1ec7u: SEMBO<br \/>\nGi\u1edbi t\u00ednh: Unisex<br \/>\n\u0110\u1ed9 tu\u1ed5i: &gt; 6 tu\u1ed5i<br \/>\nModel Number: 609308<br \/>\nPh\u00e2n lo\u1ea1i: T\u1eadp h\u1ee3p<br \/>\nH\u00ecnh d\u1ea1ng kh\u1ed1i nh\u1ef1a: G\u1ea1ch t\u1ef1 kh\u00f3a<br \/>\nCh\u1ea5t li\u1ec7u: Nh\u1ef1a<br \/>\nLo\u1ea1i nh\u1ef1a: ABS<br \/>\nBricks Blocks: 260 +<br \/>\nb\u00e1n tr\u01b0\u1edbc<\/p>","protected":false},"featured_media":42094,"comment_status":"open","ping_status":"closed","template":"","meta":{"_acf_changed":false},"product_cat":[1365,371],"product_tag":[6470,11072,8452,11399,11400],"class_list":["product","first","outofstock","shipping-taxable","purchasable","product-type-simple"],"acf":[],"_links":{"self":[{"href":"https:\/\/mouldking.store\/vi\/wp-json\/wp\/v2\/product\/42096","targetHints":{"allow":["GET"]}}],"collection":[{"href":"https:\/\/mouldking.store\/vi\/wp-json\/wp\/v2\/product"}],"about":[{"href":"https:\/\/mouldking.store\/vi\/wp-json\/wp\/v2\/types\/product"}],"replies":[{"embeddable":true,"href":"https:\/\/mouldking.store\/vi\/wp-json\/wp\/v2\/comments?post=42096"}],"wp:featuredmedia":[{"embeddable":true,"href":"https:\/\/mouldking.store\/vi\/wp-json\/wp\/v2\/media\/42094"}],"wp:attachment":[{"href":"https:\/\/mouldking.store\/vi\/wp-json\/wp\/v2\/media?parent=42096"}],"wp:term":[{"taxonomy":"product_cat","embeddable":true,"href":"https:\/\/mouldking.store\/vi\/wp-json\/wp\/v2\/product_cat?post=42096"},{"taxonomy":"product_tag","embeddable":true,"href":"https:\/\/mouldking.store\/vi\/wp-json\/wp\/v2\/product_tag?post=42096"}],"curies":[{"name":"wp","href":"https:\/\/api.w.org\/{rel}","templated":true}]}}