{"id":42122,"date":"2023-02-22T15:20:47","date_gmt":"2023-02-22T08:20:47","guid":{"rendered":"https:\/\/mouldking.store\/shop\/jiestar-58004-ice-wolf-claws-with-217-pieces\/"},"modified":"2023-02-22T15:20:47","modified_gmt":"2023-02-22T08:20:47","slug":"jiestar-58004-ice-wolf-claws-with-217-pieces","status":"publish","type":"product","link":"https:\/\/mouldking.store\/vi\/shop\/jiestar-58004-ice-wolf-claws-with-217-pieces\/","title":{"rendered":"JIESTAR 58004 M\u00f3ng S\u00f3i B\u0103ng v\u1edbi 217 Mi\u1ebfng"},"content":{"rendered":"<div>\u2705 JIESTAR 58004 Ice Wolf Claws<br \/>&nbsp;<br \/>\u2705&#8221;Ice Wolf Claws&#8221; is a weapon in the anime and manga series Naruto. It is a set of metal claws that are worn on the hands and used in combat by certain characters in the series, including Haku, who is known for his speed and agility.<br \/>&nbsp;<br \/>\ud83d\udeab QUAN TR\u1eccNG!&nbsp;<br \/>&nbsp;<br \/>Product Name: Ice Wolf Claws<br \/>&nbsp;<br \/>Th\u1ec3 lo\u1ea1i: Ng\u01b0\u1eddi s\u00e1ng t\u1ea1o&nbsp;<br \/>&nbsp;<br \/>This Kit Contains: ZHEGAO 00419&nbsp;<br \/>&nbsp;<br \/>217 pcs Good Quality Bricks&nbsp;<br \/>&nbsp;<br \/>Size: 27.2 \u00d7 12.5 \u00d7 10.4 cm<br \/>&nbsp;<br \/>H\u01b0\u1edbng d\u1eabn th\u1ee7 c\u00f4ng&nbsp;<br \/>&nbsp;<br \/>\ud83d\udcccB\u1ea3n ch\u1ea5t c\u1ee7a nh\u00e2n v\u1eadt ch\u00ednh&nbsp;<br \/>&nbsp;<br \/>Introducing our proud collection named \u201cIce Wolf Claws\u201d you should not miss.&nbsp;<br \/>&nbsp;<br \/>The Ice Wolf Claws are unique in that they are made of a special metal that can withstand and manipulate ice. When Haku wears the claws and combines them with his ice-based abilities, he is able to create powerful and deadly attacks that freeze his opponents.<\/div>","protected":false},"excerpt":{"rendered":"<p>Th\u01b0\u01a1ng hi\u1ec7u: JIESTAR<br \/>\nGi\u1edbi t\u00ednh: Unisex<br \/>\n\u0110\u1ed9 tu\u1ed5i: &gt; 6 tu\u1ed5i<br \/>\nModel Number: 58004<br \/>\nPh\u00e2n lo\u1ea1i: T\u1eadp h\u1ee3p<br \/>\nH\u00ecnh d\u1ea1ng kh\u1ed1i nh\u1ef1a: G\u1ea1ch t\u1ef1 kh\u00f3a<br \/>\nCh\u1ea5t li\u1ec7u: Nh\u1ef1a<br \/>\nLo\u1ea1i nh\u1ef1a: ABS<br \/>\nBricks Blocks: 217 +<br \/>\nb\u00e1n tr\u01b0\u1edbc<\/p>","protected":false},"featured_media":42121,"comment_status":"open","ping_status":"closed","template":"","meta":{"_acf_changed":false},"product_cat":[1365,371],"product_tag":[11409,11072,8452,11408],"class_list":["product","first","instock","shipping-taxable","purchasable","product-type-simple"],"acf":[],"_links":{"self":[{"href":"https:\/\/mouldking.store\/vi\/wp-json\/wp\/v2\/product\/42122","targetHints":{"allow":["GET"]}}],"collection":[{"href":"https:\/\/mouldking.store\/vi\/wp-json\/wp\/v2\/product"}],"about":[{"href":"https:\/\/mouldking.store\/vi\/wp-json\/wp\/v2\/types\/product"}],"replies":[{"embeddable":true,"href":"https:\/\/mouldking.store\/vi\/wp-json\/wp\/v2\/comments?post=42122"}],"wp:featuredmedia":[{"embeddable":true,"href":"https:\/\/mouldking.store\/vi\/wp-json\/wp\/v2\/media\/42121"}],"wp:attachment":[{"href":"https:\/\/mouldking.store\/vi\/wp-json\/wp\/v2\/media?parent=42122"}],"wp:term":[{"taxonomy":"product_cat","embeddable":true,"href":"https:\/\/mouldking.store\/vi\/wp-json\/wp\/v2\/product_cat?post=42122"},{"taxonomy":"product_tag","embeddable":true,"href":"https:\/\/mouldking.store\/vi\/wp-json\/wp\/v2\/product_tag?post=42122"}],"curies":[{"name":"wp","href":"https:\/\/api.w.org\/{rel}","templated":true}]}}