{"id":42157,"date":"2023-02-23T10:25:28","date_gmt":"2023-02-23T03:25:28","guid":{"rendered":"https:\/\/mouldking.store\/shop\/lw-7014-bumblebee-robot-deformation-with-792-pieces\/"},"modified":"2023-02-23T10:25:28","modified_gmt":"2023-02-23T03:25:28","slug":"lw-7014-bumblebee-robot-deformation-with-792-pieces","status":"publish","type":"product","link":"https:\/\/mouldking.store\/vi\/shop\/lw-7014-bumblebee-robot-deformation-with-792-pieces\/","title":{"rendered":"LW 7014 Robot Bumblebee Bi\u1ebfn H\u00ecnh V\u1edbi 792 M\u1ea3nh Gh\u00e9p"},"content":{"rendered":"<div>\u2705 LW 7014 Bi\u1ebfn D\u1ea1ng Robot Bumblebee<br \/>&nbsp;<br \/>\u2705Bumblebee l\u00e0 m\u1ed9t nh\u00e2n v\u1eadt h\u01b0 c\u1ea5u trong lo\u1ea1t phim Transformers, b\u1eaft ngu\u1ed3n t\u1eeb m\u1ed9t lo\u1ea1t \u0111\u1ed3 ch\u01a1i do Hasbro s\u1ea3n xu\u1ea5t v\u00e0o nh\u1eefng n\u0103m 1980. Bumblebee \u0111\u01b0\u1ee3c mi\u00eau t\u1ea3 l\u00e0 m\u1ed9t Autobot nh\u1ecf, m\u00e0u v\u00e0ng, c\u00f3 th\u1ec3 bi\u1ebfn h\u00ecnh th\u00e0nh m\u1ed9t chi\u1ebfc \u00f4 t\u00f4 nh\u1ecf g\u1ecdn.<br \/>&nbsp;<br \/>\ud83d\udeab QUAN TR\u1eccNG!&nbsp;<br \/>&nbsp;<br \/>T\u00ean s\u1ea3n ph\u1ea9m: Bi\u1ebfn d\u1ea1ng Robot Bumblebee<br \/>&nbsp;<br \/>Th\u1ec3 lo\u1ea1i: Ng\u01b0\u1eddi s\u00e1ng t\u1ea1o&nbsp;<br \/>&nbsp;<br \/>B\u1ed9 n\u00e0y ch\u1ee9a: LW 7014<br \/>&nbsp;<br \/>792 chi\u1ebfc G\u1ea1ch ch\u1ea5t l\u01b0\u1ee3ng t\u1ed1t&nbsp;<br \/>&nbsp;<br \/>K\u00edch th\u01b0\u1edbc: 19.3\u00d725 cm<br \/>&nbsp;<br \/>H\u01b0\u1edbng d\u1eabn th\u1ee7 c\u00f4ng&nbsp;<br \/>&nbsp;<br \/>\ud83d\udcccB\u1ea3n ch\u1ea5t c\u1ee7a nh\u00e2n v\u1eadt ch\u00ednh&nbsp;<br \/>&nbsp;<br \/>Xin gi\u1edbi thi\u1ec7u b\u1ed9 s\u01b0u t\u1eadp \u0111\u00e1ng t\u1ef1 h\u00e0o c\u1ee7a ch\u00fang t\u00f4i c\u00f3 t\u00ean \u201cBi\u1ebfn d\u1ea1ng Robot Bumblebee\u201d m\u00e0 b\u1ea1n kh\u00f4ng n\u00ean b\u1ecf l\u1ee1.&nbsp;<br \/>&nbsp;<br \/>Trong lo\u1ea1t phim ho\u1ea1t h\u00ecnh Transformers g\u1ed1c, Bumblebee \u0111\u01b0\u1ee3c mi\u00eau t\u1ea3 l\u00e0 m\u1ed9t chi\u1ebfn binh trung th\u00e0nh v\u00e0 d\u0169ng c\u1ea3m, t\u1eebng l\u00e0 trinh s\u00e1t v\u00e0 gi\u00e1n \u0111i\u1ec7p cho Autobots. Anh ta th\u01b0\u1eddng \u0111\u01b0\u1ee3c mi\u00eau t\u1ea3 l\u00e0 c\u00f2n tr\u1ebb v\u00e0 thi\u1ebfu kinh nghi\u1ec7m, nh\u01b0ng c\u0169ng th\u00e1o v\u00e1t v\u00e0 quy\u1ebft \u0111o\u00e1n. Trong c\u00e1c b\u1ea3n chuy\u1ec3n th\u1ec3 g\u1ea7n \u0111\u00e2y h\u01a1n, bao g\u1ed3m c\u1ea3 lo\u1ea1t phim ng\u01b0\u1eddi th\u1eadt \u0111\u00f3ng Transformers, Bumblebee \u0111\u00e3 \u0111\u01b0\u1ee3c mi\u00eau t\u1ea3 l\u00e0 m\u1ed9t chi\u1ebfn binh anh h\u00f9ng v\u00e0 d\u0169ng c\u1ea3m, trung th\u00e0nh m\u00e3nh li\u1ec7t v\u1edbi b\u1ea1n b\u00e8 v\u00e0 \u0111\u1ed3ng minh c\u1ee7a m\u00ecnh. Anh ta th\u01b0\u1eddng \u0111\u01b0\u1ee3c mi\u00eau t\u1ea3 l\u00e0 m\u1ed9t chi\u1ebfn binh nhanh nh\u1eb9n v\u00e0 linh ho\u1ea1t, v\u1edbi nhi\u1ec1u lo\u1ea1i v\u0169 kh\u00ed v\u00e0 kh\u1ea3 n\u0103ng t\u00f9y \u00fd s\u1eed d\u1ee5ng. Kh\u1ea3 n\u0103ng bi\u1ebfn h\u00ecnh t\u1eeb r\u00f4 b\u1ed1t th\u00e0nh \u00f4 t\u00f4 (ho\u1eb7c ph\u01b0\u01a1ng ti\u1ec7n kh\u00e1c) c\u1ee7a Bumblebee l\u00e0 \u0111\u1eb7c \u0111i\u1ec3m trung t\u00e2m c\u1ee7a nh\u00e2n v\u1eadt anh \u1ea5y v\u00e0 l\u00e0 \u0111\u1eb7c \u0111i\u1ec3m \u0111\u01b0\u1ee3c chia s\u1ebb b\u1edfi nhi\u1ec1u Transformers kh\u00e1c. Kh\u1ea3 n\u0103ng n\u00e0y cho ph\u00e9p c\u00e1c robot c\u1ea3i trang th\u00e0nh nh\u1eefng \u0111\u1ed3 v\u1eadt h\u00e0ng ng\u00e0y v\u00e0 h\u00f2a nh\u1eadp v\u1edbi x\u00e3 h\u1ed9i lo\u00e0i ng\u01b0\u1eddi, \u0111\u1ed3ng th\u1eddi cung c\u1ea5p m\u1ed9t ph\u01b0\u01a1ng ti\u1ec7n di chuy\u1ec3n.<\/div>","protected":false},"excerpt":{"rendered":"<p>Th\u01b0\u01a1ng hi\u1ec7u: LW<br \/>\nGi\u1edbi t\u00ednh: Unisex<br \/>\n\u0110\u1ed9 tu\u1ed5i: &gt; 6 tu\u1ed5i<br \/>\nS\u1ed1 m\u00f4 h\u00ecnh: 7014<br \/>\nPh\u00e2n lo\u1ea1i: T\u1eadp h\u1ee3p<br \/>\nH\u00ecnh d\u1ea1ng kh\u1ed1i nh\u1ef1a: G\u1ea1ch t\u1ef1 kh\u00f3a<br \/>\nCh\u1ea5t li\u1ec7u: Nh\u1ef1a<br \/>\nLo\u1ea1i nh\u1ef1a: ABS<br \/>\nKh\u1ed1i g\u1ea1ch: 792 +<br \/>\nKh\u00f4ng c\u00f3 h\u1ed9p<\/p>","protected":false},"featured_media":42151,"comment_status":"open","ping_status":"closed","template":"","meta":{"_acf_changed":false},"product_cat":[1365,581,1408],"product_tag":[6798,8452,11420,434,590],"class_list":["product","first","instock","shipping-taxable","purchasable","product-type-simple"],"acf":[],"_links":{"self":[{"href":"https:\/\/mouldking.store\/vi\/wp-json\/wp\/v2\/product\/42157","targetHints":{"allow":["GET"]}}],"collection":[{"href":"https:\/\/mouldking.store\/vi\/wp-json\/wp\/v2\/product"}],"about":[{"href":"https:\/\/mouldking.store\/vi\/wp-json\/wp\/v2\/types\/product"}],"replies":[{"embeddable":true,"href":"https:\/\/mouldking.store\/vi\/wp-json\/wp\/v2\/comments?post=42157"}],"wp:featuredmedia":[{"embeddable":true,"href":"https:\/\/mouldking.store\/vi\/wp-json\/wp\/v2\/media\/42151"}],"wp:attachment":[{"href":"https:\/\/mouldking.store\/vi\/wp-json\/wp\/v2\/media?parent=42157"}],"wp:term":[{"taxonomy":"product_cat","embeddable":true,"href":"https:\/\/mouldking.store\/vi\/wp-json\/wp\/v2\/product_cat?post=42157"},{"taxonomy":"product_tag","embeddable":true,"href":"https:\/\/mouldking.store\/vi\/wp-json\/wp\/v2\/product_tag?post=42157"}],"curies":[{"name":"wp","href":"https:\/\/api.w.org\/{rel}","templated":true}]}}