{"id":42178,"date":"2023-02-23T10:55:31","date_gmt":"2023-02-23T03:55:31","guid":{"rendered":"https:\/\/mouldking.store\/shop\/cada-c61052w-farm-tractor-with-1675-pieces\/"},"modified":"2023-02-23T10:55:31","modified_gmt":"2023-02-23T03:55:31","slug":"cada-c61052w-farm-tractor-with-1675-pieces","status":"publish","type":"product","link":"https:\/\/mouldking.store\/vi\/shop\/cada-c61052w-farm-tractor-with-1675-pieces\/","title":{"rendered":"M\u00e1y K\u00e9o N\u00f4ng Tr\u1ea1i CaDa C61052W 1675 C\u00e1i"},"content":{"rendered":"<div>\u2705 CaDa C61052W Farm Tractor<br \/>&nbsp;<br \/>\u2705A farm tractor is a type of vehicle used in agriculture to perform a variety of tasks related to farming and land management. These tasks may include tilling soil, planting crops, plowing fields, pulling agricultural equipment, and moving heavy loads.<br \/>&nbsp;<br \/>\ud83d\udeab QUAN TR\u1eccNG!&nbsp;<br \/>&nbsp;<br \/>Product Name: Farm Tractor<br \/>&nbsp;<br \/>Danh m\u1ee5c: K\u1ef9 thu\u1eadt<br \/>&nbsp;<br \/>This Kit Contains: CaDa C61052W&nbsp;<br \/>&nbsp;<br \/>1675 pcs Good Quality Bricks&nbsp;<br \/>&nbsp;<br \/>Size: 55 \u00d7 17 \u00d7 19.1 cm<br \/>&nbsp;<br \/>H\u01b0\u1edbng d\u1eabn th\u1ee7 c\u00f4ng&nbsp;<br \/>&nbsp;<br \/>\ud83d\udcccB\u1ea3n ch\u1ea5t c\u1ee7a nh\u00e2n v\u1eadt ch\u00ednh&nbsp;<br \/>&nbsp;<br \/>Introducing our proud collection named \u201cFarm Tractor\u201d you should not miss.&nbsp;<br \/>&nbsp;<br \/>Farm tractors are typically designed to be durable, versatile, and able to operate in a variety of weather and terrain conditions. They come in a wide range of sizes and horsepower ratings, with larger models typically used for heavy-duty tasks like plowing and harvesting.<\/div>","protected":false},"excerpt":{"rendered":"<p>Th\u01b0\u01a1ng hi\u1ec7u: CaDa<br \/>\nGi\u1edbi t\u00ednh: Unisex<br \/>\n\u0110\u1ed9 tu\u1ed5i: &gt; 8 tu\u1ed5i<br \/>\nModel Number: C61052W<br \/>\nPh\u00e2n lo\u1ea1i: T\u1eadp h\u1ee3p<br \/>\nH\u00ecnh d\u1ea1ng kh\u1ed1i nh\u1ef1a: G\u1ea1ch t\u1ef1 kh\u00f3a<br \/>\nCh\u1ea5t li\u1ec7u: Nh\u1ef1a<br \/>\nLo\u1ea1i nh\u1ef1a: ABS<br \/>\nBricks Blocks: 1675 +<br \/>\nWith Original Box<\/p>","protected":false},"featured_media":42170,"comment_status":"open","ping_status":"closed","template":"","meta":{"_acf_changed":false},"product_cat":[1357,364],"product_tag":[11068,389,11080,6245],"class_list":["product","first","instock","shipping-taxable","purchasable","product-type-simple"],"acf":[],"_links":{"self":[{"href":"https:\/\/mouldking.store\/vi\/wp-json\/wp\/v2\/product\/42178","targetHints":{"allow":["GET"]}}],"collection":[{"href":"https:\/\/mouldking.store\/vi\/wp-json\/wp\/v2\/product"}],"about":[{"href":"https:\/\/mouldking.store\/vi\/wp-json\/wp\/v2\/types\/product"}],"replies":[{"embeddable":true,"href":"https:\/\/mouldking.store\/vi\/wp-json\/wp\/v2\/comments?post=42178"}],"wp:featuredmedia":[{"embeddable":true,"href":"https:\/\/mouldking.store\/vi\/wp-json\/wp\/v2\/media\/42170"}],"wp:attachment":[{"href":"https:\/\/mouldking.store\/vi\/wp-json\/wp\/v2\/media?parent=42178"}],"wp:term":[{"taxonomy":"product_cat","embeddable":true,"href":"https:\/\/mouldking.store\/vi\/wp-json\/wp\/v2\/product_cat?post=42178"},{"taxonomy":"product_tag","embeddable":true,"href":"https:\/\/mouldking.store\/vi\/wp-json\/wp\/v2\/product_tag?post=42178"}],"curies":[{"name":"wp","href":"https:\/\/api.w.org\/{rel}","templated":true}]}}