{"id":42180,"date":"2023-02-23T11:08:10","date_gmt":"2023-02-23T04:08:10","guid":{"rendered":"https:\/\/mouldking.store\/shop\/moc-factory-89469-white-castle-with-2197-pieces\/"},"modified":"2025-12-16T22:25:16","modified_gmt":"2025-12-16T15:25:16","slug":"moc-factory-89469-white-castle-with-2197-pieces","status":"publish","type":"product","link":"https:\/\/mouldking.store\/vi\/shop\/moc-factory-89469-white-castle-with-2197-pieces\/","title":{"rendered":"MOC Factory 89469 White Castle with 2197 Pieces"},"content":{"rendered":"<div>\u2705 MOC-89469 White Castle<\/p>\n<p>\u2705This is the castle in The Lord of the Rings book series. The Lord of the Rings is a high-fantasy novel series written by J.R.R. Tolkien. The series was originally published in three volumes between 1954 and 1955: &#8220;The Fellowship of the Ring,&#8221; &#8220;The Two Towers,&#8221; and &#8220;The Return of the King.&#8221; The books have since become classics of the fantasy genre and have been adapted into movies, TV shows, and video games.<\/p>\n<p>\ud83d\udeab QUAN TR\u1eccNG!<\/p>\n<p>Product Name: White Castle<\/p>\n<p>Danh m\u1ee5c: T\u00f2a nh\u00e0 m\u00f4-\u0111un<\/p>\n<p>This Kit Contains: MOC-89469<\/p>\n<p>2197 pcs Good Quality Bricks<\/p>\n<p>H\u01b0\u1edbng d\u1eabn PDF<\/p>\n<p>\ud83d\udcccB\u1ea3n ch\u1ea5t c\u1ee7a nh\u00e2n v\u1eadt ch\u00ednh<\/p>\n<p>Introducing our proud collection named \u201cWhite Castle\u201d you should not miss.<\/p>\n<p>The castle itself is built of white stone, with seven levels that rise to a height of 700 feet. The outer walls are adorned with statues and carvings of ancient kings and warriors, while the inner courtyard is a beautiful garden filled with fountains and flowering trees. Inside the castle, there are many grand halls, towers, and chambers, including the Hall of Kings, where the throne of Gondor is located, and the Tower of Ecthelion, which serves as the city&#8217;s main watchtower.<\/p><\/div>","protected":false},"excerpt":{"rendered":"<p>Th\u01b0\u01a1ng hi\u1ec7u: Nh\u00e0 m\u00e1y M\u1ed8C<br \/>\nGi\u1edbi t\u00ednh: Unisex<br \/>\n\u0110\u1ed9 tu\u1ed5i: &gt; 12 tu\u1ed5i<br \/>\nModel Number: 89469<br \/>\nPh\u00e2n lo\u1ea1i: T\u1eadp h\u1ee3p<br \/>\nH\u00ecnh d\u1ea1ng kh\u1ed1i nh\u1ef1a: G\u1ea1ch t\u1ef1 kh\u00f3a<br \/>\nCh\u1ea5t li\u1ec7u: Nh\u1ef1a<br \/>\nLo\u1ea1i nh\u1ef1a: ABS<br \/>\nBricks Blocks: 2197 +<br \/>\nS\u1eafp x\u1ebfp th\u1eddi gian: 4-8 tu\u1ea7n<\/p>","protected":false},"featured_media":42179,"comment_status":"open","ping_status":"closed","template":"","meta":{"_acf_changed":false},"product_cat":[1395,390,581,1408],"product_tag":[787,4883,11099,392,434,6169,1461],"class_list":["product","first","instock","shipping-taxable","purchasable","product-type-simple"],"acf":[],"_links":{"self":[{"href":"https:\/\/mouldking.store\/vi\/wp-json\/wp\/v2\/product\/42180","targetHints":{"allow":["GET"]}}],"collection":[{"href":"https:\/\/mouldking.store\/vi\/wp-json\/wp\/v2\/product"}],"about":[{"href":"https:\/\/mouldking.store\/vi\/wp-json\/wp\/v2\/types\/product"}],"replies":[{"embeddable":true,"href":"https:\/\/mouldking.store\/vi\/wp-json\/wp\/v2\/comments?post=42180"}],"wp:featuredmedia":[{"embeddable":true,"href":"https:\/\/mouldking.store\/vi\/wp-json\/wp\/v2\/media\/42179"}],"wp:attachment":[{"href":"https:\/\/mouldking.store\/vi\/wp-json\/wp\/v2\/media?parent=42180"}],"wp:term":[{"taxonomy":"product_cat","embeddable":true,"href":"https:\/\/mouldking.store\/vi\/wp-json\/wp\/v2\/product_cat?post=42180"},{"taxonomy":"product_tag","embeddable":true,"href":"https:\/\/mouldking.store\/vi\/wp-json\/wp\/v2\/product_tag?post=42180"}],"curies":[{"name":"wp","href":"https:\/\/api.w.org\/{rel}","templated":true}]}}