{"id":42182,"date":"2023-02-23T11:18:01","date_gmt":"2023-02-23T04:18:01","guid":{"rendered":"https:\/\/mouldking.store\/shop\/moc-factory-129484-fell-beast-with-799-pieces\/"},"modified":"2025-12-16T22:25:15","modified_gmt":"2025-12-16T15:25:15","slug":"moc-factory-129484-fell-beast-with-799-pieces","status":"publish","type":"product","link":"https:\/\/mouldking.store\/vi\/shop\/moc-factory-129484-fell-beast-with-799-pieces\/","title":{"rendered":"MOC Factory 129484 Fell Beast v\u1edbi 799 m\u1ea3nh gh\u00e9p"},"content":{"rendered":"<div>\u2705 MOC-129484 Qu\u00e1i th\u00fa sa ng\u00e3<\/p>\n<p>\u2705Fell Beasts l\u00e0 m\u1ed9t lo\u1ea1i sinh v\u1eadt h\u01b0 c\u1ea5u trong huy\u1ec1n tho\u1ea1i Trung \u0111\u1ecba c\u1ee7a JRR Tolkien. Ch\u00fang l\u00e0 nh\u1eefng sinh v\u1eadt kh\u1ed5ng l\u1ed3 gi\u1ed1ng r\u1ed3ng \u0111\u00f3ng vai tr\u00f2 l\u00e0 th\u00fa c\u01b0\u1ee1i c\u1ee7a Nazgul, nh\u1eefng k\u1ef5 s\u0129 b\u00f3ng t\u1ed1i ph\u1ee5c v\u1ee5 ch\u00faa t\u1ec3 b\u00f3ng t\u1ed1i Sauron.<\/p>\n<p>\ud83d\udeab QUAN TR\u1eccNG!<\/p>\n<p>T\u00ean s\u1ea3n ph\u1ea9m: Qu\u00e1i th\u00fa r\u01a1i<\/p>\n<p>Th\u1ec3 lo\u1ea1i: Phim<\/p>\n<p>B\u1ed9 c\u00f4ng c\u1ee5 n\u00e0y ch\u1ee9a: MOC-129484<\/p>\n<p>799 chi\u1ebfc G\u1ea1ch ch\u1ea5t l\u01b0\u1ee3ng t\u1ed1t<\/p>\n<p>H\u01b0\u1edbng d\u1eabn PDF<\/p>\n<p>\ud83d\udcccB\u1ea3n ch\u1ea5t c\u1ee7a nh\u00e2n v\u1eadt ch\u00ednh<\/p>\n<p>Xin gi\u1edbi thi\u1ec7u b\u1ed9 s\u01b0u t\u1eadp \u0111\u00e1ng t\u1ef1 h\u00e0o c\u1ee7a ch\u00fang t\u00f4i mang t\u00ean \u201cFell Beast\u201d m\u00e0 b\u1ea1n kh\u00f4ng n\u00ean b\u1ecf l\u1ee1.<\/p>\n<p>Qu\u00e1i th\u00fa sa ng\u00e3 \u0111\u01b0\u1ee3c m\u00f4 t\u1ea3 l\u00e0 c\u00f3 \u0111\u00f4i c\u00e1nh l\u1edbn b\u1eb1ng da v\u00e0 chi\u1ebfc c\u1ed5 d\u00e0i nh\u01b0 r\u1eafn. Ch\u00fang c\u00f3 m\u00e0u \u0111en, m\u1eaft \u0111\u1ecf v\u00e0 ph\u00e1t ra m\u00f9i h\u00f4i. Ngo\u1ea1i h\u00ecnh c\u1ee7a ch\u00fang th\u01b0\u1eddng \u0111\u01b0\u1ee3c so s\u00e1nh v\u1edbi r\u1ed3ng, nh\u01b0ng ch\u00fang kh\u00f4ng c\u00f3 kh\u1ea3 n\u0103ng phun l\u1eeda.<\/p><\/div>","protected":false},"excerpt":{"rendered":"<p>Th\u01b0\u01a1ng hi\u1ec7u: Nh\u00e0 m\u00e1y M\u1ed8C<br \/>\nGi\u1edbi t\u00ednh: Unisex<br \/>\n\u0110\u1ed9 tu\u1ed5i: &gt; 12 tu\u1ed5i<br \/>\nS\u1ed1 m\u00f4 h\u00ecnh: 129484<br \/>\nPh\u00e2n lo\u1ea1i: T\u1eadp h\u1ee3p<br \/>\nH\u00ecnh d\u1ea1ng kh\u1ed1i nh\u1ef1a: G\u1ea1ch t\u1ef1 kh\u00f3a<br \/>\nCh\u1ea5t li\u1ec7u: Nh\u1ef1a<br \/>\nLo\u1ea1i nh\u1ef1a: ABS<br \/>\nKh\u1ed1i g\u1ea1ch: 799 +<br \/>\nS\u1eafp x\u1ebfp th\u1eddi gian: 4-8 tu\u1ea7n<\/p>","protected":false},"featured_media":42181,"comment_status":"open","ping_status":"closed","template":"","meta":{"_acf_changed":false},"product_cat":[1365,581,1408],"product_tag":[7153,8452,11423,434,6169,4093],"class_list":["product","first","instock","shipping-taxable","purchasable","product-type-simple"],"acf":[],"_links":{"self":[{"href":"https:\/\/mouldking.store\/vi\/wp-json\/wp\/v2\/product\/42182","targetHints":{"allow":["GET"]}}],"collection":[{"href":"https:\/\/mouldking.store\/vi\/wp-json\/wp\/v2\/product"}],"about":[{"href":"https:\/\/mouldking.store\/vi\/wp-json\/wp\/v2\/types\/product"}],"replies":[{"embeddable":true,"href":"https:\/\/mouldking.store\/vi\/wp-json\/wp\/v2\/comments?post=42182"}],"wp:featuredmedia":[{"embeddable":true,"href":"https:\/\/mouldking.store\/vi\/wp-json\/wp\/v2\/media\/42181"}],"wp:attachment":[{"href":"https:\/\/mouldking.store\/vi\/wp-json\/wp\/v2\/media?parent=42182"}],"wp:term":[{"taxonomy":"product_cat","embeddable":true,"href":"https:\/\/mouldking.store\/vi\/wp-json\/wp\/v2\/product_cat?post=42182"},{"taxonomy":"product_tag","embeddable":true,"href":"https:\/\/mouldking.store\/vi\/wp-json\/wp\/v2\/product_tag?post=42182"}],"curies":[{"name":"wp","href":"https:\/\/api.w.org\/{rel}","templated":true}]}}