{"id":42218,"date":"2023-02-27T11:31:41","date_gmt":"2023-02-27T04:31:41","guid":{"rendered":"https:\/\/mouldking.store\/shop\/qizhile-qizhile-90025-violin-with-1000-pieces\/"},"modified":"2023-02-27T11:31:41","modified_gmt":"2023-02-27T04:31:41","slug":"qizhile-qizhile-90025-violin-with-1000-pieces","status":"publish","type":"product","link":"https:\/\/mouldking.store\/vi\/shop\/qizhile-qizhile-90025-violin-with-1000-pieces\/","title":{"rendered":"\u0110\u00e0n violon QIZHILE QiZhiLe 90025 v\u1edbi 1000 c\u00e2y \u0111\u00e0n"},"content":{"rendered":"<div>\u2705 \u0110\u00e0n violon QiZhiLe 90025 &nbsp;<br \/>&nbsp;<br \/>\u2705C\u00e2y v\u0129 c\u1ea7m l\u00e0 m\u1ed9t lo\u1ea1i nh\u1ea1c c\u1ee5 c\u00f3 d\u00e2y \u0111\u01b0\u1ee3c ch\u01a1i b\u1eb1ng v\u0129. N\u00f3 \u0111\u01b0\u1ee3c l\u00e0m b\u1eb1ng g\u1ed7 v\u00e0 c\u00f3 b\u1ed1n d\u00e2y \u0111\u01b0\u1ee3c \u0111i\u1ec1u ch\u1ec9nh \u1edf qu\u00e3ng n\u0103m (G, D, A v\u00e0 E). D\u00e2y \u0111\u00e0n \u0111\u01b0\u1ee3c c\u0103ng tr\u00ean m\u1ed9t th\u00e2n g\u1ed7 r\u1ed7ng h\u00ecnh \u0111\u1ed3ng h\u1ed3 c\u00e1t v\u00e0 c\u00f3 hai l\u1ed7 tho\u00e1t \u00e2m \u1edf hai b\u00ean d\u00e2y.<br \/>&nbsp;<br \/>\ud83d\udeab QUAN TR\u1eccNG!&nbsp;<br \/>&nbsp;<br \/>T\u00ean s\u1ea3n ph\u1ea9m: Violon &nbsp;<br \/>&nbsp;<br \/>Th\u1ec3 lo\u1ea1i: Ng\u01b0\u1eddi s\u00e1ng t\u1ea1o&nbsp;<br \/>&nbsp;<br \/>B\u1ed9 n\u00e0y ch\u1ee9a: QiZhiLe 90025<br \/>&nbsp;<br \/>1000 vi\u00ean g\u1ea1ch ch\u1ea5t l\u01b0\u1ee3ng t\u1ed1t&nbsp;<br \/>&nbsp;<br \/>H\u01b0\u1edbng d\u1eabn th\u1ee7 c\u00f4ng&nbsp;<br \/>&nbsp;<br \/>\ud83d\udcccB\u1ea3n ch\u1ea5t c\u1ee7a nh\u00e2n v\u1eadt ch\u00ednh&nbsp;<br \/>&nbsp;<br \/>Gi\u1edbi thi\u1ec7u b\u1ed9 s\u01b0u t\u1eadp \u0111\u00e1ng t\u1ef1 h\u00e0o c\u1ee7a ch\u00fang t\u00f4i mang t\u00ean \u201cViolin\u201d m\u00e0 b\u1ea1n kh\u00f4ng n\u00ean b\u1ecf l\u1ee1.&nbsp;<br \/>&nbsp;<br \/>Ng\u01b0\u1eddi ch\u01a1i gi\u1eef v\u0129 c\u1ea7m d\u01b0\u1edbi c\u1eb1m v\u00e0 d\u00f9ng tay tr\u00e1i \u1ea5n xu\u1ed1ng d\u00e2y tr\u00ean b\u00e0n ph\u00edm, trong khi tay ph\u1ea3i c\u1ea7m cung v\u00e0 k\u00e9o qua d\u00e2y \u0111\u1ec3 t\u1ea1o ra \u00e2m thanh. \u00c2m thanh do violin t\u1ea1o ra th\u01b0\u1eddng \u0111\u01b0\u1ee3c m\u00f4 t\u1ea3 l\u00e0 \u1ea5m \u00e1p, phong ph\u00fa v\u00e0 bi\u1ec3u c\u1ea3m, v\u00e0 n\u00f3 \u0111\u01b0\u1ee3c s\u1eed d\u1ee5ng trong nhi\u1ec1u th\u1ec3 lo\u1ea1i \u00e2m nh\u1ea1c, t\u1eeb c\u1ed5 \u0111i\u1ec3n \u0111\u1ebfn d\u00e2n gian \u0111\u1ebfn \u00e2m nh\u1ea1c \u0111\u1ea1i ch\u00fang.<\/div>","protected":false},"excerpt":{"rendered":"<p>Th\u01b0\u01a1ng hi\u1ec7u: QIZHILE<br \/>\nGi\u1edbi t\u00ednh: Unisex<br \/>\n\u0110\u1ed9 tu\u1ed5i: &gt; 14 tu\u1ed5i<br \/>\nS\u1ed1 m\u00f4 h\u00ecnh: QiZhiLe 90025<br \/>\nPh\u00e2n lo\u1ea1i: T\u1eadp h\u1ee3p<br \/>\nH\u00ecnh d\u1ea1ng kh\u1ed1i nh\u1ef1a: G\u1ea1ch t\u1ef1 kh\u00f3a<br \/>\nCh\u1ea5t li\u1ec7u: Nh\u1ef1a<br \/>\nLo\u1ea1i nh\u1ef1a: ABS<br \/>\nKh\u1ed1i g\u1ea1ch: 1000 +<br \/>\nM\u1ea3nh gh\u00e9p c\u00f3 th\u1ec3 thay \u0111\u1ed5i<\/p>","protected":false},"featured_media":42213,"comment_status":"open","ping_status":"closed","template":"","meta":{"_acf_changed":false},"product_cat":[1365,371],"product_tag":[11072,8452,3364],"class_list":["product","first","instock","shipping-taxable","purchasable","product-type-simple"],"acf":[],"_links":{"self":[{"href":"https:\/\/mouldking.store\/vi\/wp-json\/wp\/v2\/product\/42218","targetHints":{"allow":["GET"]}}],"collection":[{"href":"https:\/\/mouldking.store\/vi\/wp-json\/wp\/v2\/product"}],"about":[{"href":"https:\/\/mouldking.store\/vi\/wp-json\/wp\/v2\/types\/product"}],"replies":[{"embeddable":true,"href":"https:\/\/mouldking.store\/vi\/wp-json\/wp\/v2\/comments?post=42218"}],"wp:featuredmedia":[{"embeddable":true,"href":"https:\/\/mouldking.store\/vi\/wp-json\/wp\/v2\/media\/42213"}],"wp:attachment":[{"href":"https:\/\/mouldking.store\/vi\/wp-json\/wp\/v2\/media?parent=42218"}],"wp:term":[{"taxonomy":"product_cat","embeddable":true,"href":"https:\/\/mouldking.store\/vi\/wp-json\/wp\/v2\/product_cat?post=42218"},{"taxonomy":"product_tag","embeddable":true,"href":"https:\/\/mouldking.store\/vi\/wp-json\/wp\/v2\/product_tag?post=42218"}],"curies":[{"name":"wp","href":"https:\/\/api.w.org\/{rel}","templated":true}]}}