{"id":42267,"date":"2023-02-28T09:53:22","date_gmt":"2023-02-28T02:53:22","guid":{"rendered":"https:\/\/mouldking.store\/shop\/yourbricks-20005-bumblebee-with-566-pieces\/"},"modified":"2023-02-28T09:53:22","modified_gmt":"2023-02-28T02:53:22","slug":"yourbricks-20005-bumblebee-with-566-pieces","status":"publish","type":"product","link":"https:\/\/mouldking.store\/vi\/shop\/yourbricks-20005-bumblebee-with-566-pieces\/","title":{"rendered":"YOURBRICKS 20005 Bumblebee v\u1edbi 566 mi\u1ebfng gh\u00e9p"},"content":{"rendered":"<div>\u2705 YOURBRICKS 20005 Bumblebee<br \/>&nbsp;<br \/>\u2705Bumblebee from YOURBRICKS 20005 l\u00e0 b\u1ed9 \u0111\u1ed3 ch\u01a1i kh\u1ed1i x\u00e2y d\u1ef1ng cho ph\u00e9p b\u1ea1n x\u00e2y d\u1ef1ng m\u00f4 h\u00ecnh c\u1ee7a nh\u00e2n v\u1eadt Autobot n\u1ed5i ti\u1ebfng t\u1eeb lo\u1ea1t phim Transformers, Bumblebee.<br \/>&nbsp;<br \/>\ud83d\udeab QUAN TR\u1eccNG!&nbsp;<br \/>&nbsp;<br \/>T\u00ean s\u1ea3n ph\u1ea9m: Bumblebee<br \/>&nbsp;<br \/>Th\u1ec3 lo\u1ea1i: Ng\u01b0\u1eddi s\u00e1ng t\u1ea1o&nbsp;<br \/>&nbsp;<br \/>B\u1ed9 n\u00e0y ch\u1ee9a: YOURBRICK 20005<br \/>&nbsp;<br \/>566 vi\u00ean g\u1ea1ch ch\u1ea5t l\u01b0\u1ee3ng t\u1ed1t&nbsp;<br \/>&nbsp;<br \/>K\u00edch th\u01b0\u1edbc: 25cm<br \/>&nbsp;<br \/>H\u01b0\u1edbng d\u1eabn th\u1ee7 c\u00f4ng&nbsp;<br \/>&nbsp;<br \/>\ud83d\udcccB\u1ea3n ch\u1ea5t c\u1ee7a nh\u00e2n v\u1eadt ch\u00ednh&nbsp;<br \/>&nbsp;<br \/>Xin gi\u1edbi thi\u1ec7u b\u1ed9 s\u01b0u t\u1eadp \u0111\u00e1ng t\u1ef1 h\u00e0o c\u1ee7a ch\u00fang t\u00f4i mang t\u00ean \u201cBumblebee\u201d m\u00e0 b\u1ea1n kh\u00f4ng n\u00ean b\u1ecf l\u1ee1.&nbsp;<br \/>&nbsp;<br \/>B\u1ed9 n\u00e0y bao g\u1ed3m nhi\u1ec1u vi\u00ean g\u1ea1ch nh\u1ef1a nh\u1ecf c\u00f3 th\u1ec3 gh\u00e9p l\u1ea1i v\u1edbi nhau \u0111\u1ec3 t\u1ea1o th\u00e0nh m\u00f4 h\u00ecnh cu\u1ed1i c\u00f9ng. Bumblebee \u0111\u01b0\u1ee3c mi\u00eau t\u1ea3 trong t\u00f4ng m\u00e0u v\u00e0ng v\u00e0 \u0111en mang t\u00ednh bi\u1ec3u t\u01b0\u1ee3ng c\u1ee7a anh \u1ea5y, v\u1edbi c\u00e1c kh\u1edbp c\u00f3 th\u1ec3 c\u1eed \u0111\u1ed9ng \u0111\u01b0\u1ee3c \u1edf tay, ch\u00e2n v\u00e0 \u0111\u1ea7u. M\u00f4 h\u00ecnh ho\u00e0n ch\u1ec9nh cao kho\u1ea3ng 10 cm v\u00e0 c\u00f3 th\u1ec3 t\u1ea1o d\u00e1ng \u1edf nhi\u1ec1u t\u01b0 th\u1ebf kh\u00e1c nhau.<\/div>","protected":false},"excerpt":{"rendered":"<p>Th\u01b0\u01a1ng hi\u1ec7u: YOURBRICK<br \/>\nGi\u1edbi t\u00ednh: Unisex<br \/>\n\u0110\u1ed9 tu\u1ed5i: &gt; 6 tu\u1ed5i<br \/>\nS\u1ed1 m\u00f4 h\u00ecnh: 20005<br \/>\nPh\u00e2n lo\u1ea1i: T\u1eadp h\u1ee3p<br \/>\nH\u00ecnh d\u1ea1ng kh\u1ed1i nh\u1ef1a: G\u1ea1ch t\u1ef1 kh\u00f3a<br \/>\nCh\u1ea5t li\u1ec7u: Nh\u1ef1a<br \/>\nLo\u1ea1i nh\u1ef1a: ABS<br \/>\nKh\u1ed1i g\u1ea1ch: 566 +<br \/>\nKh\u00f4ng c\u00f3 h\u1ed9p<\/p>","protected":false},"featured_media":42259,"comment_status":"open","ping_status":"closed","template":"","meta":{"_acf_changed":false},"product_cat":[1365,371],"product_tag":[6798,11072,8452,590],"class_list":["product","first","instock","shipping-taxable","purchasable","product-type-simple"],"acf":[],"_links":{"self":[{"href":"https:\/\/mouldking.store\/vi\/wp-json\/wp\/v2\/product\/42267","targetHints":{"allow":["GET"]}}],"collection":[{"href":"https:\/\/mouldking.store\/vi\/wp-json\/wp\/v2\/product"}],"about":[{"href":"https:\/\/mouldking.store\/vi\/wp-json\/wp\/v2\/types\/product"}],"replies":[{"embeddable":true,"href":"https:\/\/mouldking.store\/vi\/wp-json\/wp\/v2\/comments?post=42267"}],"wp:featuredmedia":[{"embeddable":true,"href":"https:\/\/mouldking.store\/vi\/wp-json\/wp\/v2\/media\/42259"}],"wp:attachment":[{"href":"https:\/\/mouldking.store\/vi\/wp-json\/wp\/v2\/media?parent=42267"}],"wp:term":[{"taxonomy":"product_cat","embeddable":true,"href":"https:\/\/mouldking.store\/vi\/wp-json\/wp\/v2\/product_cat?post=42267"},{"taxonomy":"product_tag","embeddable":true,"href":"https:\/\/mouldking.store\/vi\/wp-json\/wp\/v2\/product_tag?post=42267"}],"curies":[{"name":"wp","href":"https:\/\/api.w.org\/{rel}","templated":true}]}}