{"id":42281,"date":"2023-02-28T10:05:53","date_gmt":"2023-02-28T03:05:53","guid":{"rendered":"https:\/\/mouldking.store\/shop\/moc-factory-89468-the-legend-of-zelda-breath-of-the-wild-tears-of-the-kingdom-ancient-shrine-with-697-pieces\/"},"modified":"2025-12-16T22:25:15","modified_gmt":"2025-12-16T15:25:15","slug":"moc-factory-89468-the-legend-of-zelda-breath-of-the-wild-tears-of-the-kingdom-ancient-shrine-with-697-pieces","status":"publish","type":"product","link":"https:\/\/mouldking.store\/vi\/shop\/moc-factory-89468-the-legend-of-zelda-breath-of-the-wild-tears-of-the-kingdom-ancient-shrine-with-697-pieces\/","title":{"rendered":"MOC Factory 89468 The Legend of Zelda: Breath of the Wild Tears of the Kingdom Ancient Shrine with 697 Pieces"},"content":{"rendered":"<div>\u2705 MOC-89468 The Legend of Zelda: Breath of the Wild Tears of the Kingdom Ancient Shrine<\/p>\n<p>\u2705\u201dThe Legend of Zelda: Breath of the Wild\u201d l\u00e0 m\u1ed9t tr\u00f2 ch\u01a1i phi\u00eau l\u01b0u h\u00e0nh \u0111\u1ed9ng \u0111\u01b0\u1ee3c Nintendo ph\u00e1t tri\u1ec3n v\u00e0 ph\u00e1t h\u00e0nh cho h\u1ec7 m\u00e1y Nintendo Switch v\u00e0 Wii U. Tr\u00f2 ch\u01a1i di\u1ec5n ra trong m\u1ed9t th\u1ebf gi\u1edbi m\u1edf r\u1ed9ng l\u1edbn v\u00e0 ng\u01b0\u1eddi ch\u01a1i s\u1ebd v\u00e0o vai Link khi anh kh\u00e1m ph\u00e1 v\u00f9ng \u0111\u1ea5t Hyrule, chi\u1ebfn \u0111\u1ea5u v\u1edbi k\u1ebb th\u00f9 v\u00e0 gi\u1ea3i c\u00e1c c\u00e2u \u0111\u1ed1 \u0111\u1ec3 c\u1ee9u C\u00f4ng ch\u00faa Zelda v\u00e0 \u0111\u00e1nh b\u1ea1i Tai h\u1ecda Ganon \u0111\u1ed9c \u00e1c.<\/p>\n<p>\ud83d\udeab QUAN TR\u1eccNG!<\/p>\n<p>T\u00ean s\u1ea3n ph\u1ea9m: The Legend of Zelda: Breath of the Wild Tears of the Kingdom Ancient Shrine<\/p>\n<p>Th\u1ec3 lo\u1ea1i: Ng\u01b0\u1eddi s\u00e1ng t\u1ea1o<\/p>\n<p>B\u1ed9 n\u00e0y ch\u1ee9a: C807802<\/p>\n<p>697 vi\u00ean g\u1ea1ch ch\u1ea5t l\u01b0\u1ee3ng t\u1ed1t<\/p>\n<p>K\u00edch th\u01b0\u1edbc:22,1 x 13,8 x 15,8 cm<\/p>\n<p>C\u00e2n n\u1eb7ng: 0,9kg<\/p>\n<p>H\u01b0\u1edbng d\u1eabn PDF<\/p>\n<p>\ud83d\udcccB\u1ea3n ch\u1ea5t c\u1ee7a nh\u00e2n v\u1eadt ch\u00ednh<\/p>\n<p>Xin gi\u1edbi thi\u1ec7u b\u1ed9 s\u01b0u t\u1eadp \u0111\u00e1ng t\u1ef1 h\u00e0o c\u1ee7a ch\u00fang t\u00f4i c\u00f3 t\u00ean \u201cTruy\u1ec1n thuy\u1ebft v\u1ec1 Zelda: H\u01a1i th\u1edf c\u1ee7a N\u01b0\u1edbc m\u1eaft hoang d\u00e3 c\u1ee7a V\u01b0\u01a1ng qu\u1ed1c C\u1ed5 \u0111\u1ec1n\u201d m\u00e0 b\u1ea1n kh\u00f4ng n\u00ean b\u1ecf l\u1ee1.<\/p>\n<p>Breath of the Wild c\u00f3 nhi\u1ec1u lo\u1ea1i v\u0169 kh\u00ed, c\u00f4ng c\u1ee5 v\u00e0 kh\u1ea3 n\u0103ng m\u00e0 Link c\u00f3 th\u1ec3 s\u1eed d\u1ee5ng \u0111\u1ec3 \u0111i\u1ec1u h\u01b0\u1edbng m\u00f4i tr\u01b0\u1eddng v\u00e0 \u0111\u00e1nh b\u1ea1i k\u1ebb th\u00f9. Tr\u00f2 ch\u01a1i c\u0169ng c\u00f3 m\u1ed9t h\u1ec7 th\u1ed1ng v\u1eadt l\u00fd \u0111\u1ed9c \u0111\u00e1o cho ph\u00e9p ng\u01b0\u1eddi ch\u01a1i s\u1eed d\u1ee5ng c\u00e1c v\u1eadt th\u1ec3 trong m\u00f4i tr\u01b0\u1eddng theo nh\u1eefng c\u00e1ch s\u00e1ng t\u1ea1o, ch\u1eb3ng h\u1ea1n nh\u01b0 s\u1eed d\u1ee5ng c\u00e1c v\u1eadt th\u1ec3 kim lo\u1ea1i \u0111\u1ec3 t\u1ea1o c\u1ea7u ho\u1eb7c s\u1eed d\u1ee5ng bom \u0111\u1ec3 ph\u00e1 h\u1ee7y ch\u01b0\u1edbng ng\u1ea1i v\u1eadt.<\/p><\/div>","protected":false},"excerpt":{"rendered":"<p>Th\u01b0\u01a1ng hi\u1ec7u: Nh\u00e0 m\u00e1y M\u1ed8C<br \/>\nGi\u1edbi t\u00ednh: Unisex<br \/>\n\u0110\u1ed9 tu\u1ed5i: &gt; 6 tu\u1ed5i<br \/>\nS\u1ed1 m\u00f4 h\u00ecnh: 89468<br \/>\nPh\u00e2n lo\u1ea1i: T\u1eadp h\u1ee3p<br \/>\nH\u00ecnh d\u1ea1ng kh\u1ed1i nh\u1ef1a: G\u1ea1ch t\u1ef1 kh\u00f3a<br \/>\nCh\u1ea5t li\u1ec7u: Nh\u1ef1a<br \/>\nLo\u1ea1i nh\u1ef1a: ABS<br \/>\nKh\u1ed1i g\u1ea1ch: 697 +<br \/>\nKh\u00f4ng c\u00f3 h\u1ed9p<\/p>","protected":false},"featured_media":42268,"comment_status":"open","ping_status":"closed","template":"","meta":{"_acf_changed":false},"product_cat":[1365,371,581,1408],"product_tag":[11270,6122,11072,8452,9139,11216,11082,11083,434,11432,5773],"class_list":["product","first","instock","shipping-taxable","purchasable","product-type-simple"],"acf":[],"_links":{"self":[{"href":"https:\/\/mouldking.store\/vi\/wp-json\/wp\/v2\/product\/42281","targetHints":{"allow":["GET"]}}],"collection":[{"href":"https:\/\/mouldking.store\/vi\/wp-json\/wp\/v2\/product"}],"about":[{"href":"https:\/\/mouldking.store\/vi\/wp-json\/wp\/v2\/types\/product"}],"replies":[{"embeddable":true,"href":"https:\/\/mouldking.store\/vi\/wp-json\/wp\/v2\/comments?post=42281"}],"wp:featuredmedia":[{"embeddable":true,"href":"https:\/\/mouldking.store\/vi\/wp-json\/wp\/v2\/media\/42268"}],"wp:attachment":[{"href":"https:\/\/mouldking.store\/vi\/wp-json\/wp\/v2\/media?parent=42281"}],"wp:term":[{"taxonomy":"product_cat","embeddable":true,"href":"https:\/\/mouldking.store\/vi\/wp-json\/wp\/v2\/product_cat?post=42281"},{"taxonomy":"product_tag","embeddable":true,"href":"https:\/\/mouldking.store\/vi\/wp-json\/wp\/v2\/product_tag?post=42281"}],"curies":[{"name":"wp","href":"https:\/\/api.w.org\/{rel}","templated":true}]}}