{"id":42292,"date":"2023-02-28T10:13:30","date_gmt":"2023-02-28T03:13:30","guid":{"rendered":"https:\/\/mouldking.store\/shop\/moc-factory-89467-doctor-who-4th-doctor-11th-doctor-13th-doctor-with-486-pieces\/"},"modified":"2025-12-16T22:25:15","modified_gmt":"2025-12-16T15:25:15","slug":"moc-factory-89467-doctor-who-4th-doctor-11th-doctor-13th-doctor-with-486-pieces","status":"publish","type":"product","link":"https:\/\/mouldking.store\/vi\/shop\/moc-factory-89467-doctor-who-4th-doctor-11th-doctor-13th-doctor-with-486-pieces\/","title":{"rendered":"MOC Factory 89467 Doctor Who B\u00c1C S\u0128 TH\u1ee8 4 B\u00c1C S\u0128 TH\u1ee8 11 B\u00c1C S\u0128 TH\u1ee8 13 with 486 Pieces"},"content":{"rendered":"<div>\u2705 MOC-89467 Doctor Who B\u00c1C S\u0128 TH\u1ee8 4 B\u00c1C S\u0128 TH\u1ee8 11 B\u00c1C S\u0128 TH\u1ee8 13<\/p>\n<p>\u2705\u201dDoctor Who\u201d l\u00e0 m\u1ed9t b\u1ed9 phim truy\u1ec1n h\u00ecnh khoa h\u1ecdc vi\u1ec5n t\u01b0\u1edfng c\u1ee7a Anh \u0111\u01b0\u1ee3c ph\u00e1t s\u00f3ng t\u1eeb n\u0103m 1963. B\u1ed9 phim k\u1ec3 v\u1ec1 cu\u1ed9c phi\u00eau l\u01b0u c\u1ee7a Ch\u00faa t\u1ec3 Th\u1eddi gian \u0111\u01b0\u1ee3c g\u1ecdi l\u00e0 \u201cB\u00e1c s\u0129\u201d, ng\u01b0\u1eddi du h\u00e0nh xuy\u00ean th\u1eddi gian v\u00e0 kh\u00f4ng gian trong TARDIS, m\u1ed9t c\u1ed7 m\u00e1y th\u1eddi gian tr\u00f4ng gi\u1ed1ng h\u1ed9p c\u1ea3nh s\u00e1t c\u1ee7a Anh.<\/p>\n<p>\ud83d\udeab QUAN TR\u1eccNG!<\/p>\n<p>T\u00ean s\u1ea3n ph\u1ea9m: Doctor Who B\u00c1C S\u0128 TH\u1ee8 4 B\u00c1C S\u0128 TH\u1ee8 11 B\u00c1C S\u0128 TH\u1ee8 13<\/p>\n<p>Th\u1ec3 lo\u1ea1i: Phim<\/p>\n<p>B\u1ed9 n\u00e0y ch\u1ee9a: C9260Y01<\/p>\n<p>486 chi\u1ebfc G\u1ea1ch ch\u1ea5t l\u01b0\u1ee3ng t\u1ed1t<\/p>\n<p>K\u00edch th\u01b0\u1edbc: 5 x 5 x 10 cm<\/p>\n<p>C\u00e2n n\u1eb7ng: 0,57kg<\/p>\n<p>H\u01b0\u1edbng d\u1eabn PDF<\/p>\n<p>\ud83d\udcccB\u1ea3n ch\u1ea5t c\u1ee7a nh\u00e2n v\u1eadt ch\u00ednh<\/p>\n<p>Xin gi\u1edbi thi\u1ec7u b\u1ed9 s\u01b0u t\u1eadp \u0111\u00e1ng t\u1ef1 h\u00e0o c\u1ee7a ch\u00fang t\u00f4i mang t\u00ean \u201cB\u00c1C S\u0128 TH\u1ee8 4 B\u00c1C S\u0128 TH\u1ee8 11 B\u00c1C S\u0128 TH\u1ee8 13\u201d m\u00e0 b\u1ea1n kh\u00f4ng n\u00ean b\u1ecf l\u1ee1.<\/p>\n<p>B\u00e1c s\u0129 th\u1ee9 4, B\u00e1c s\u0129 th\u1ee9 11 v\u00e0 B\u00e1c s\u0129 th\u1ee9 13 \u0111\u1ec1u l\u00e0 nh\u1eefng h\u00f3a th\u00e2n kh\u00e1c nhau c\u1ee7a B\u00e1c s\u0129 \u0111\u00e3 xu\u1ea5t hi\u1ec7n trong ch\u01b0\u01a1ng tr\u00ecnh trong nh\u1eefng n\u0103m qua. B\u00e1c s\u0129 th\u1ee9 4, do Tom Baker th\u1ec3 hi\u1ec7n, xu\u1ea5t hi\u1ec7n trong lo\u1ea1t phim t\u1eeb n\u0103m 1974 \u0111\u1ebfn n\u0103m 1981. Anh \u1ea5y \u0111\u01b0\u1ee3c bi\u1ebft \u0111\u1ebfn v\u1edbi chi\u1ebfc kh\u0103n qu\u00e0ng c\u1ed5 d\u00e0i, t\u00ecnh y\u00eau c\u1ee7a anh \u1ea5y v\u1edbi nh\u1eefng \u0111\u1ee9a tr\u1ebb th\u1ea1ch v\u00e0 nh\u1eefng ng\u01b0\u1eddi b\u1ea1n \u0111\u1ed3ng h\u00e0nh c\u1ee7a anh \u1ea5y l\u00e0 Sarah Jane Smith v\u00e0 K-9. B\u00e1c s\u0129 th\u1ee9 11, do Matt Smith th\u1ec3 hi\u1ec7n, xu\u1ea5t hi\u1ec7n trong lo\u1ea1t phim t\u1eeb n\u0103m 2010 \u0111\u1ebfn n\u0103m 2013. Anh \u1ea5y \u0111\u01b0\u1ee3c bi\u1ebft \u0111\u1ebfn v\u1edbi fez v\u00e0 n\u01a1, c\u00e2u c\u1eeda mi\u1ec7ng &quot;Geronimo!&quot;, v\u00e0 nh\u1eefng ng\u01b0\u1eddi b\u1ea1n \u0111\u1ed3ng h\u00e0nh c\u1ee7a anh \u1ea5y l\u00e0 Amy Pond v\u00e0 Rory Williams. B\u00e1c s\u0129 th\u1ee9 13, do Jodie Whittaker th\u1ec3 hi\u1ec7n, xu\u1ea5t hi\u1ec7n l\u1ea7n \u0111\u1ea7u v\u00e0o n\u0103m 2017 v\u00e0 l\u00e0 B\u00e1c s\u0129 hi\u1ec7n t\u1ea1i k\u1ec3 t\u1eeb n\u0103m 2021. C\u00f4 \u0111\u01b0\u1ee3c bi\u1ebft \u0111\u1ebfn v\u1edbi chi\u1ebfc \u00e1o s\u01a1 mi s\u1ecdc c\u1ea7u v\u1ed3ng, t\u00ecnh y\u00eau v\u1edbi kem s\u1eefa tr\u1ee9ng v\u00e0 nh\u1eefng ng\u01b0\u1eddi b\u1ea1n \u0111\u1ed3ng h\u00e0nh c\u1ee7a c\u00f4 l\u00e0 Graham, Ryan v\u00e0 Yaz. M\u1ed7i B\u00e1c s\u0129 c\u00f3 t\u00ednh c\u00e1ch, trang ph\u1ee5c v\u00e0 nh\u00f3m b\u1ea1n \u0111\u1ed3ng h\u00e0nh \u0111\u1ed9c \u0111\u00e1o c\u1ee7a ri\u00eang h\u1ecd, nh\u01b0ng h\u1ecd \u0111\u1ec1u c\u00f3 chung s\u1edf th\u00edch phi\u00eau l\u01b0u v\u00e0 mong mu\u1ed1n gi\u00fap \u0111\u1ee1 ng\u01b0\u1eddi kh\u00e1c.<\/p><\/div>","protected":false},"excerpt":{"rendered":"<p>Th\u01b0\u01a1ng hi\u1ec7u: Nh\u00e0 m\u00e1y M\u1ed8C<br \/>\nGi\u1edbi t\u00ednh: Unisex<br \/>\n\u0110\u1ed9 tu\u1ed5i: &gt; 6 tu\u1ed5i<br \/>\nS\u1ed1 m\u00f4 h\u00ecnh: 89467<br \/>\nPh\u00e2n lo\u1ea1i: T\u1eadp h\u1ee3p<br \/>\nH\u00ecnh d\u1ea1ng kh\u1ed1i nh\u1ef1a: G\u1ea1ch t\u1ef1 kh\u00f3a<br \/>\nCh\u1ea5t li\u1ec7u: Nh\u1ef1a<br \/>\nLo\u1ea1i nh\u1ef1a: ABS<br \/>\nKh\u1ed1i g\u1ea1ch: 486 +<br \/>\nKh\u00f4ng c\u00f3 h\u1ed9p<\/p>","protected":false},"featured_media":42282,"comment_status":"open","ping_status":"closed","template":"","meta":{"_acf_changed":false},"product_cat":[1365,371,581,1408],"product_tag":[11072,8452,10859,6748,434],"class_list":["product","first","instock","shipping-taxable","purchasable","product-type-simple"],"acf":[],"_links":{"self":[{"href":"https:\/\/mouldking.store\/vi\/wp-json\/wp\/v2\/product\/42292","targetHints":{"allow":["GET"]}}],"collection":[{"href":"https:\/\/mouldking.store\/vi\/wp-json\/wp\/v2\/product"}],"about":[{"href":"https:\/\/mouldking.store\/vi\/wp-json\/wp\/v2\/types\/product"}],"replies":[{"embeddable":true,"href":"https:\/\/mouldking.store\/vi\/wp-json\/wp\/v2\/comments?post=42292"}],"wp:featuredmedia":[{"embeddable":true,"href":"https:\/\/mouldking.store\/vi\/wp-json\/wp\/v2\/media\/42282"}],"wp:attachment":[{"href":"https:\/\/mouldking.store\/vi\/wp-json\/wp\/v2\/media?parent=42292"}],"wp:term":[{"taxonomy":"product_cat","embeddable":true,"href":"https:\/\/mouldking.store\/vi\/wp-json\/wp\/v2\/product_cat?post=42292"},{"taxonomy":"product_tag","embeddable":true,"href":"https:\/\/mouldking.store\/vi\/wp-json\/wp\/v2\/product_tag?post=42292"}],"curies":[{"name":"wp","href":"https:\/\/api.w.org\/{rel}","templated":true}]}}